{"id":781557,"date":"2026-01-24T03:58:18","date_gmt":"2026-01-24T00:58:18","guid":{"rendered":"https:\/\/roveyayinevi.com.tr\/index.php\/urun\/biterken-cikan-ses\/"},"modified":"2026-01-30T04:20:10","modified_gmt":"2026-01-30T01:20:10","slug":"biterken-cikan-ses","status":"publish","type":"product","link":"https:\/\/roveyayinevi.com.tr\/index.php\/urun\/biterken-cikan-ses\/","title":{"rendered":"Biterken \u00c7\u0131kan Ses"},"content":{"rendered":"<p>Biti\u015fler \u00e7o\u011funlukla sessiz de\u011fildir; kimi zaman bir g\u00f6kta\u015f\u0131n\u0131n \u00e7arp\u0131\u015f\u0131nda, kimi zaman bir kebap\u00e7\u0131 d\u00fckk\u00e2n\u0131nda t\u00fckenen d\u00f6nerin ard\u0131ndan, kimi zaman da bir kalbin i\u00e7 \u00e7eki\u015finde yank\u0131lan\u0131r. H\u00fcseyin Kural,  yeni \u015fiir kitab\u0131 Biterken \u00c7\u0131kan Ses&#8217;te biti\u015flerin izini s\u00fcr\u00fcyor: Kitaptaki \u015fiirler, bir biti\u015ften kalanlar\u0131 b\u0131rak\u0131yor avu\u00e7lar\u0131m\u0131za, bir kayb\u0131n ard\u0131ndan duyulan sesi yank\u0131l\u0131yor:  &#8220;bir g\u00fcn kalmayacak hi\u00e7bir \u015fey senden ve Chaplin\u2019den \/ nerenden tutacaklar seni kaybolunca belki de sesinden\u201dBiterken \u00c7\u0131kan Ses, biti\u015fin ka\u00e7\u0131n\u0131lmazl\u0131\u011f\u0131n\u0131 kabullenirken, her biti\u015fin ayn\u0131 zamanda yeni bir ba\u015flang\u0131\u00e7 oldu\u011funu hat\u0131rlatmaktan geri durmuyor. H\u00fccumda Yaln\u0131z&#8217;\u0131n ve Kalmak \u0130steyenler \u0130\u00e7in Basit Bir Ka\u00e7\u0131\u015f Plan\u0131&#8217;n\u0131n atak \u015fairi H\u00fcseyin Kural, yeni kitab\u0131 Biterken \u00c7\u0131kan Ses&#8217;te, sesin ve sessizli\u011fin, kal\u0131\u015f\u0131n ve gidi\u015fin, yenilginin ve direni\u015fin \u015fiirini okurla bulu\u015fturuyor.Kitab\u0131n \u00d6ns\u00f6z\u00fcnden:&#8221;Yok olu\u015fta d\u00fcnyaya \u00e7arpan g\u00f6kta\u015f\u0131n\u0131n \u00e7\u0131kard\u0131\u011f\u0131 sesin yan\u0131nda d\u00fcnya i\u00e7in k\u00fc\u00e7\u00fck bir ba\u015flang\u0131\u00e7 say\u0131lan insan\u0131n sesi nedir ki. Buraya kadar \u00f6\u011frendi\u011fimiz kadar\u0131yla s\u00f6yleyebiliriz ki; ba\u015flang\u0131\u00e7lar sessiz, biti\u015fler \u00e7ok g\u00fcr\u00fclt\u00fcl\u00fc oluyor. Fakat bu sat\u0131rlar\u0131n yazar\u0131 yine d\u00fcnyaya kafa tutuyor ve ba\u015flarken de bang\u0131r bang\u0131r bir g\u00fcmb\u00fcrt\u00fc koparmay\u0131 deniyor.\u00c7\u00fcnk\u00fc ancak \u015fiir dinozorlara, nehirlere, bulutlara ve romantik g\u00fcnbat\u0131mlar\u0131na k\u00fc\u00e7\u00fck bir teselli vererek onlar\u0131n duyulmayan sesi olabilir.O ses belki de onlar\u0131 bir g\u00f6kta\u015f\u0131ndan bile koruyabilir.&#8221;***\u201cBiterken \u00e7\u0131kan ses olmal\u0131 ki \u015fiir, bitmek i\u00e7in s\u0131ra bekleyen, can atan ne varsa bitmemek i\u00e7in \u00e7abalamal\u0131.\u201dKitaptan tad\u0131ml\u0131k al\u0131nt\u0131lar:bir \u015fehrin tarihini kim yazarsa yazs\u0131nb\u00fcy\u00fck bir \u00e7abad\u0131r b\u00fcy\u00fck yenilgilerb\u00fcy\u00fck \u015fark\u0131lar b\u00fcy\u00fck harfler gerektirirbilir bunu tarih denilen b\u00fcy\u00fck bezirg\u00e2nkonu\u015fuldu elbet t\u00fcm bunlarb\u0131kk\u0131nl\u0131klar ve b\u0131kk\u0131nl\u0131klar\u0131n da bir tarihi oldu\u011fu              (&#8220;D\u00fcnyan\u0131n b\u00fct\u00fcn teredd\u00fctleri&#8221; \u015fiirinden)<\/p>\n","protected":false},"excerpt":{"rendered":"<p>Biti\u015fler \u00e7o\u011funlukla sessiz de\u011fildir; kimi zaman bir g\u00f6kta\u015f\u0131n\u0131n \u00e7arp\u0131\u015f\u0131nda, kimi zaman bir kebap\u00e7\u0131 d\u00fckk\u00e2n\u0131nda t\u00fckenen d\u00f6nerin ard\u0131ndan, kimi zaman da bir kalbin i\u00e7 \u00e7eki\u015finde yank\u0131lan\u0131r. H\u00fcseyin<span class=\"excerpt-hellip\"> [\u2026]<\/span><\/p>\n","protected":false},"featured_media":0,"template":"","meta":{"_monsterinsights_skip_tracking":false,"_monsterinsights_sitenote_active":false,"_monsterinsights_sitenote_note":"","_monsterinsights_sitenote_category":0},"product_brand":[],"product_cat":[141304],"product_tag":[],"class_list":{"0":"post-781557","1":"product","2":"type-product","3":"status-publish","5":"product_cat-yeni-cikanlar","6":"pa_cilt-ciltsiz","7":"pa_tur-kitap","8":"pa_yayinevi-anima-yayinlari","9":"pa_yazar-huseyin-kural","11":"first","12":"instock","13":"sale","14":"shipping-taxable","15":"purchasable","16":"product-type-simple"},"_links":{"self":[{"href":"https:\/\/roveyayinevi.com.tr\/index.php\/wp-json\/wp\/v2\/product\/781557","targetHints":{"allow":["GET"]}}],"collection":[{"href":"https:\/\/roveyayinevi.com.tr\/index.php\/wp-json\/wp\/v2\/product"}],"about":[{"href":"https:\/\/roveyayinevi.com.tr\/index.php\/wp-json\/wp\/v2\/types\/product"}],"wp:attachment":[{"href":"https:\/\/roveyayinevi.com.tr\/index.php\/wp-json\/wp\/v2\/media?parent=781557"}],"wp:term":[{"taxonomy":"product_brand","embeddable":true,"href":"https:\/\/roveyayinevi.com.tr\/index.php\/wp-json\/wp\/v2\/product_brand?post=781557"},{"taxonomy":"product_cat","embeddable":true,"href":"https:\/\/roveyayinevi.com.tr\/index.php\/wp-json\/wp\/v2\/product_cat?post=781557"},{"taxonomy":"product_tag","embeddable":true,"href":"https:\/\/roveyayinevi.com.tr\/index.php\/wp-json\/wp\/v2\/product_tag?post=781557"}],"curies":[{"name":"wp","href":"https:\/\/api.w.org\/{rel}","templated":true}]}}