{"id":781541,"date":"2026-01-24T03:57:40","date_gmt":"2026-01-24T00:57:40","guid":{"rendered":"https:\/\/roveyayinevi.com.tr\/index.php\/urun\/baksan-herkes-iyi\/"},"modified":"2026-04-15T03:46:05","modified_gmt":"2026-04-15T00:46:05","slug":"baksan-herkes-iyi","status":"publish","type":"product","link":"https:\/\/roveyayinevi.com.tr\/index.php\/urun\/baksan-herkes-iyi\/","title":{"rendered":"Baksan Herkes \u0130yi"},"content":{"rendered":"<p>\u201cS\u00f6nmez Hoca ne anas\u0131n\u0131n g\u00f6zudur, Muhsin Kara\u2019n\u0131n gelece\u011fi zaman\u0131 saniyesi saniyesine bilir. \u2018Ayaklar\u0131n\u0131z\u0131 da vurun. Evet b\u00f6yle. Biraz daha tempo. Vurun ayaklar\u0131n\u0131z\u0131. Zang\u0131rdas\u0131n g\u00f6kyuzundeki avizeler. Her Turk asker do\u011far. Tekrar&#8230;\u2019 G\u00f6kyuzundeki avizeleri, acaba Muhsin Kara duydu mu? Kendisi \u00e7ok be\u011fendi \u00e7unku bu benzetmeyi. A\u011fz\u0131 \u0131\u015f\u0131l \u0131\u015f\u0131l.\u201dBaksan Herkes \u0130yi\u2019de, 1990\u2019l\u0131 y\u0131llarda, zaman\u0131n a\u011f\u0131r ad\u0131mlarla ilerledi\u011fi, herkesin birbirini tan\u0131d\u0131\u011f\u0131 ama kimsenin birbirini ger\u00e7ekten g\u00f6rmedi\u011fi bir nahiyede sessizli\u011fin yerini gittik\u00e7e artan u\u011fultular almaya ba\u015fl\u0131yor. H\u0131rs, intikam, \u00f6fke, bir \u00e7ember olup etraf\u0131 sar\u0131yor ve sonunda bir okul muduru, bir jandarma komutan\u0131 ve h\u0131rsl\u0131 bir muteahhitin yollar\u0131, telafisi imk\u00e2ns\u0131z bir trajedide kesi\u015fiyor. \u00d6zgur \u00c7\u0131rak, ta\u015fran\u0131n puslu havas\u0131nda yank\u0131lanan sars\u0131c\u0131 bir insan panoramas\u0131 sunuyor.<\/p>\n","protected":false},"excerpt":{"rendered":"<p>\u201cS\u00f6nmez Hoca ne anas\u0131n\u0131n g\u00f6zudur, Muhsin Kara\u2019n\u0131n gelece\u011fi zaman\u0131 saniyesi saniyesine bilir. \u2018Ayaklar\u0131n\u0131z\u0131 da vurun. Evet b\u00f6yle. Biraz daha tempo. Vurun ayaklar\u0131n\u0131z\u0131. Zang\u0131rdas\u0131n g\u00f6kyuzundeki avizeler. Her<span class=\"excerpt-hellip\"> [\u2026]<\/span><\/p>\n","protected":false},"featured_media":0,"template":"","meta":{"_monsterinsights_skip_tracking":false,"_monsterinsights_sitenote_active":false,"_monsterinsights_sitenote_note":"","_monsterinsights_sitenote_category":0},"product_brand":[],"product_cat":[141304],"product_tag":[],"class_list":{"0":"post-781541","1":"product","2":"type-product","3":"status-publish","5":"product_cat-yeni-cikanlar","6":"pa_cilt-ciltsiz","7":"pa_tur-kitap","8":"pa_yayinevi-iletisim-yayinlari","9":"pa_yazar-ozgur-cirak","11":"first","12":"instock","13":"sale","14":"shipping-taxable","15":"purchasable","16":"product-type-simple"},"_links":{"self":[{"href":"https:\/\/roveyayinevi.com.tr\/index.php\/wp-json\/wp\/v2\/product\/781541","targetHints":{"allow":["GET"]}}],"collection":[{"href":"https:\/\/roveyayinevi.com.tr\/index.php\/wp-json\/wp\/v2\/product"}],"about":[{"href":"https:\/\/roveyayinevi.com.tr\/index.php\/wp-json\/wp\/v2\/types\/product"}],"wp:attachment":[{"href":"https:\/\/roveyayinevi.com.tr\/index.php\/wp-json\/wp\/v2\/media?parent=781541"}],"wp:term":[{"taxonomy":"product_brand","embeddable":true,"href":"https:\/\/roveyayinevi.com.tr\/index.php\/wp-json\/wp\/v2\/product_brand?post=781541"},{"taxonomy":"product_cat","embeddable":true,"href":"https:\/\/roveyayinevi.com.tr\/index.php\/wp-json\/wp\/v2\/product_cat?post=781541"},{"taxonomy":"product_tag","embeddable":true,"href":"https:\/\/roveyayinevi.com.tr\/index.php\/wp-json\/wp\/v2\/product_tag?post=781541"}],"curies":[{"name":"wp","href":"https:\/\/api.w.org\/{rel}","templated":true}]}}