{"id":781540,"date":"2026-01-24T03:57:38","date_gmt":"2026-01-24T00:57:38","guid":{"rendered":"https:\/\/roveyayinevi.com.tr\/index.php\/urun\/alicia-sehre-gidiyor\/"},"modified":"2026-04-15T03:46:05","modified_gmt":"2026-04-15T00:46:05","slug":"alicia-sehre-gidiyor","status":"publish","type":"product","link":"https:\/\/roveyayinevi.com.tr\/index.php\/urun\/alicia-sehre-gidiyor\/","title":{"rendered":"Alicia \u015eehre Gidiyor"},"content":{"rendered":"<p>Dalgalar kayalara sonu gelmeyecekmi\u015f gibi vurup duruyordu! O do\u011fmazdan \u00f6nce de b\u00f6yleydi, y\u00fcz sene \u00f6nce de, bin sene \u00f6nce de\u2026 Wooloo Amcan\u0131n s\u0131k s\u0131k anlatt\u0131\u011f\u0131 ya\u015fam ba\u015flamazdan \u00f6nceki hayal\u00ee d\u00f6nemde de bu b\u00f6yleydi. Fakat beyazlar bu hik\u00e2yelerle alay ediyordu. Onlar, her \u015feyi yaratan\u0131n tek bir Tanr\u0131 oldu\u011funa inan\u0131yorlard\u0131. Oysa Wooloo Amcan\u0131n vaktiyle dedi\u011fi gibi, bu derece renkli bir d\u00fcnyay\u0131 tek bir Tanr\u0131n\u0131n yaratm\u0131\u015f olmas\u0131ndansa siyahilerin hik\u00e2yesi \u00e7ok daha akla yatk\u0131nd\u0131. D\u00fcnyay\u0131 neden birka\u00e7 tanr\u0131 birlikte yaratm\u0131\u015f olmas\u0131n ki? \u00dcstelik insanlar\u0131, hayvanlar\u0131 ve bitkileri yaratabilmek i\u00e7in bu tanr\u0131lar\u0131n i\u00e7lerinde her \u015feyden bir par\u00e7a olmas\u0131 gerekmez miydi? Wooloo Amca, beyazlar\u0131n Tanr\u0131s\u0131n\u0131n b\u00fct\u00fcn resimlerde ya\u015fl\u0131 beyaz bir adam olarak tasvir edildi\u011fini s\u00f6ylemi\u015fti. Yani o sadece bir insand\u0131, hem de beyaz bir insan. Bu b\u00f6yle oldu\u011fu i\u00e7in de, beyazlar kendilerini Tanr\u0131ya benzetiyor ve di\u011fer b\u00fct\u00fcn canl\u0131lar\u0131 hor g\u00f6r\u00fcyorlard\u0131.<\/p>\n","protected":false},"excerpt":{"rendered":"<p>Dalgalar kayalara sonu gelmeyecekmi\u015f gibi vurup duruyordu! O do\u011fmazdan \u00f6nce de b\u00f6yleydi, y\u00fcz sene \u00f6nce de, bin sene \u00f6nce de\u2026 Wooloo Amcan\u0131n s\u0131k s\u0131k anlatt\u0131\u011f\u0131 ya\u015fam<span class=\"excerpt-hellip\"> [\u2026]<\/span><\/p>\n","protected":false},"featured_media":0,"template":"","meta":{"_monsterinsights_skip_tracking":false,"_monsterinsights_sitenote_active":false,"_monsterinsights_sitenote_note":"","_monsterinsights_sitenote_category":0},"product_brand":[],"product_cat":[141304],"product_tag":[],"class_list":{"0":"post-781540","1":"product","2":"type-product","3":"status-publish","5":"product_cat-yeni-cikanlar","6":"pa_cilt-ciltsiz","7":"pa_tur-kitap","8":"pa_yayinevi-nika-yayinevi","9":"pa_yazar-klaus-kordon","11":"first","12":"instock","13":"sale","14":"shipping-taxable","15":"purchasable","16":"product-type-simple"},"_links":{"self":[{"href":"https:\/\/roveyayinevi.com.tr\/index.php\/wp-json\/wp\/v2\/product\/781540","targetHints":{"allow":["GET"]}}],"collection":[{"href":"https:\/\/roveyayinevi.com.tr\/index.php\/wp-json\/wp\/v2\/product"}],"about":[{"href":"https:\/\/roveyayinevi.com.tr\/index.php\/wp-json\/wp\/v2\/types\/product"}],"wp:attachment":[{"href":"https:\/\/roveyayinevi.com.tr\/index.php\/wp-json\/wp\/v2\/media?parent=781540"}],"wp:term":[{"taxonomy":"product_brand","embeddable":true,"href":"https:\/\/roveyayinevi.com.tr\/index.php\/wp-json\/wp\/v2\/product_brand?post=781540"},{"taxonomy":"product_cat","embeddable":true,"href":"https:\/\/roveyayinevi.com.tr\/index.php\/wp-json\/wp\/v2\/product_cat?post=781540"},{"taxonomy":"product_tag","embeddable":true,"href":"https:\/\/roveyayinevi.com.tr\/index.php\/wp-json\/wp\/v2\/product_tag?post=781540"}],"curies":[{"name":"wp","href":"https:\/\/api.w.org\/{rel}","templated":true}]}}