{"id":781539,"date":"2026-01-24T03:57:34","date_gmt":"2026-01-24T00:57:34","guid":{"rendered":"https:\/\/roveyayinevi.com.tr\/index.php\/urun\/kirkindan-sonra\/"},"modified":"2026-04-15T03:46:04","modified_gmt":"2026-04-15T00:46:04","slug":"kirkindan-sonra","status":"publish","type":"product","link":"https:\/\/roveyayinevi.com.tr\/index.php\/urun\/kirkindan-sonra\/","title":{"rendered":"K\u0131rk\u0131ndan Sonra"},"content":{"rendered":"<p>K\u0131rk\u0131ndan sonra hayat ba\u015flar denir\u2026 Peki ger\u00e7ekten ba\u015fl\u0131yor mu? Yoksa sadece ertelenen hayallerin, yar\u0131m b\u0131rak\u0131lm\u0131\u015f tutkular\u0131n ve \u00f6telenmi\u015f benli\u011fin fark\u0131na var\u0131lmas\u0131 m\u0131? Ne yaln\u0131zca gen\u00e7 ne hen\u00fcz ya\u015fl\u0131\u2026 Sorular keskinle\u015fir, zaman daral\u0131r, hayallerin aras\u0131ndan ger\u00e7ekler kendini belli eder.   K\u0131rk\u0131ndan Sonra, bireyin ya\u015f alma s\u00fcrecine de\u011fil, hayata tutunma cesaretine odaklan\u0131yor. Dilek\u2019in i\u00e7sel uyan\u0131\u015f\u0131yla ba\u015flayan hik\u00e2ye, ailesini, toplumunu ve t\u00fcm ku\u015faklar aras\u0131 ili\u015fkileri i\u00e7ine alan katmanl\u0131 bir d\u00f6n\u00fc\u015f\u00fcme evriliyor. YouTube\u2019da ba\u015flatt\u0131\u011f\u0131 \u201cHayat A\u011fac\u0131\u201d kanal\u0131yla ba\u015flayan fark\u0131ndal\u0131k hareketi, duyulmayan seslerin, anlat\u0131lmayan hayatlar\u0131n g\u00f6r\u00fcn\u00fcr olmas\u0131n\u0131 sa\u011fl\u0131yor.   Bu kitap, k\u0131rkl\u0131 ya\u015flarda ba\u015flayan b\u00fcy\u00fcleyici bir \u201cBa\u015fka t\u00fcrden gen\u00e7lik\u201d anlat\u0131s\u0131. Ku\u015faklar\u0131 birbirine ba\u011flayan, hayallerle ger\u00e7ekler aras\u0131nda k\u00f6pr\u00fc kuran dokunakl\u0131 bir hik\u00e2ye.<\/p>\n","protected":false},"excerpt":{"rendered":"<p>K\u0131rk\u0131ndan sonra hayat ba\u015flar denir\u2026 Peki ger\u00e7ekten ba\u015fl\u0131yor mu? Yoksa sadece ertelenen hayallerin, yar\u0131m b\u0131rak\u0131lm\u0131\u015f tutkular\u0131n ve \u00f6telenmi\u015f benli\u011fin fark\u0131na var\u0131lmas\u0131 m\u0131? Ne yaln\u0131zca gen\u00e7 ne<span class=\"excerpt-hellip\"> [\u2026]<\/span><\/p>\n","protected":false},"featured_media":0,"template":"","meta":{"_monsterinsights_skip_tracking":false,"_monsterinsights_sitenote_active":false,"_monsterinsights_sitenote_note":"","_monsterinsights_sitenote_category":0},"product_brand":[],"product_cat":[12291,12711],"product_tag":[],"class_list":{"0":"post-781539","1":"product","2":"type-product","3":"status-publish","5":"product_cat-edebiyat","6":"product_cat-roman-oyku","7":"pa_cilt-ciltsiz","8":"pa_tur-kitap","9":"pa_yayinevi-luna-yayinlari","10":"pa_yazar-nuran-keles","12":"first","13":"instock","14":"sale","15":"shipping-taxable","16":"purchasable","17":"product-type-simple"},"_links":{"self":[{"href":"https:\/\/roveyayinevi.com.tr\/index.php\/wp-json\/wp\/v2\/product\/781539","targetHints":{"allow":["GET"]}}],"collection":[{"href":"https:\/\/roveyayinevi.com.tr\/index.php\/wp-json\/wp\/v2\/product"}],"about":[{"href":"https:\/\/roveyayinevi.com.tr\/index.php\/wp-json\/wp\/v2\/types\/product"}],"wp:attachment":[{"href":"https:\/\/roveyayinevi.com.tr\/index.php\/wp-json\/wp\/v2\/media?parent=781539"}],"wp:term":[{"taxonomy":"product_brand","embeddable":true,"href":"https:\/\/roveyayinevi.com.tr\/index.php\/wp-json\/wp\/v2\/product_brand?post=781539"},{"taxonomy":"product_cat","embeddable":true,"href":"https:\/\/roveyayinevi.com.tr\/index.php\/wp-json\/wp\/v2\/product_cat?post=781539"},{"taxonomy":"product_tag","embeddable":true,"href":"https:\/\/roveyayinevi.com.tr\/index.php\/wp-json\/wp\/v2\/product_tag?post=781539"}],"curies":[{"name":"wp","href":"https:\/\/api.w.org\/{rel}","templated":true}]}}