{"id":781538,"date":"2026-01-24T03:57:32","date_gmt":"2026-01-24T00:57:32","guid":{"rendered":"https:\/\/roveyayinevi.com.tr\/index.php\/urun\/hello-coach\/"},"modified":"2026-04-08T03:43:05","modified_gmt":"2026-04-08T00:43:05","slug":"hello-coach","status":"publish","type":"product","link":"https:\/\/roveyayinevi.com.tr\/index.php\/urun\/hello-coach\/","title":{"rendered":"Hello Coach"},"content":{"rendered":"<p>Ba\u015far\u0131ya giden yolculu\u011funuzda size rehberlik edecek bilgiler   &#8211; Kendinizi Tan\u0131ma ve Potansiyelinizi Ke\u015ffetme Teknikleri &#8211; Hedef Belirleme ve Planlama Stratejileri &#8211; Zaman Y\u00f6netimi ve Etkili Ders \u00c7al\u0131\u015fma Teknikleri &#8211; Stresle Ba\u015fa \u00c7\u0131kma ve Motivasyonu Art\u0131rma Y\u00f6ntemleri &#8211; TYT ve AYT Gibi Merkezi S\u0131navlara Y\u00f6nelik Etkili Ders \u00c7al\u0131\u015fma Stratejileri &#8211; Konu\u2013Test\u2013Deneme Dengesini Kurma Y\u00f6ntemleri &#8211; Akademik Ba\u015far\u0131y\u0131 Destekleyen Pratik Uygulamalar ve Ger\u00e7ek \u00d6rnekler Bulacaks\u0131n\u0131z       HEYECAN VER\u0130C\u0130 B\u0130R YOLCULU\u011eA HAZIR MISINIZ?<\/p>\n","protected":false},"excerpt":{"rendered":"<p>Ba\u015far\u0131ya giden yolculu\u011funuzda size rehberlik edecek bilgiler &#8211; Kendinizi Tan\u0131ma ve Potansiyelinizi Ke\u015ffetme Teknikleri &#8211; Hedef Belirleme ve Planlama Stratejileri &#8211; Zaman Y\u00f6netimi ve Etkili Ders<span class=\"excerpt-hellip\"> [\u2026]<\/span><\/p>\n","protected":false},"featured_media":0,"template":"","meta":{"_monsterinsights_skip_tracking":false,"_monsterinsights_sitenote_active":false,"_monsterinsights_sitenote_note":"","_monsterinsights_sitenote_category":0},"product_brand":[],"product_cat":[12364,12376],"product_tag":[],"class_list":{"0":"post-781538","1":"product","2":"type-product","3":"status-publish","5":"product_cat-genel-konular","6":"product_cat-kisisel-gelisim","7":"pa_cilt-ciltsiz","8":"pa_tur-kitap","9":"pa_yayinevi-luna-yayinlari","10":"pa_yazar-bahar-kirbas","12":"first","13":"instock","14":"sale","15":"shipping-taxable","16":"purchasable","17":"product-type-simple"},"_links":{"self":[{"href":"https:\/\/roveyayinevi.com.tr\/index.php\/wp-json\/wp\/v2\/product\/781538","targetHints":{"allow":["GET"]}}],"collection":[{"href":"https:\/\/roveyayinevi.com.tr\/index.php\/wp-json\/wp\/v2\/product"}],"about":[{"href":"https:\/\/roveyayinevi.com.tr\/index.php\/wp-json\/wp\/v2\/types\/product"}],"wp:attachment":[{"href":"https:\/\/roveyayinevi.com.tr\/index.php\/wp-json\/wp\/v2\/media?parent=781538"}],"wp:term":[{"taxonomy":"product_brand","embeddable":true,"href":"https:\/\/roveyayinevi.com.tr\/index.php\/wp-json\/wp\/v2\/product_brand?post=781538"},{"taxonomy":"product_cat","embeddable":true,"href":"https:\/\/roveyayinevi.com.tr\/index.php\/wp-json\/wp\/v2\/product_cat?post=781538"},{"taxonomy":"product_tag","embeddable":true,"href":"https:\/\/roveyayinevi.com.tr\/index.php\/wp-json\/wp\/v2\/product_tag?post=781538"}],"curies":[{"name":"wp","href":"https:\/\/api.w.org\/{rel}","templated":true}]}}