{"id":781532,"date":"2026-01-24T03:56:53","date_gmt":"2026-01-24T00:56:53","guid":{"rendered":"https:\/\/roveyayinevi.com.tr\/index.php\/urun\/kanli-anka-kusu-ciltli\/"},"modified":"2026-04-15T03:46:02","modified_gmt":"2026-04-15T00:46:02","slug":"kanli-anka-kusu-ciltli","status":"publish","type":"product","link":"https:\/\/roveyayinevi.com.tr\/index.php\/urun\/kanli-anka-kusu-ciltli\/","title":{"rendered":"Kanl\u0131 Anka Ku\u015fu (ciltli)"},"content":{"rendered":"<p>Ying, M\u00fchendisler Loncas\u0131n\u0131 ve babas\u0131n\u0131n haks\u0131z \u00f6l\u00fcm\u00fcn\u00fcn ac\u0131s\u0131n\u0131 geride b\u0131rakt\u0131ktan iki y\u0131l sonra, hayat normale d\u00f6nmeye ba\u015flar. Ancak dokuz adada huzursuz r\u00fczg\u00e2rlar esmeye devam eder ve gizemli Kanl\u0131 Anka Ku\u015fu filosunun korkun\u00e7 korsan sald\u0131r\u0131s\u0131n\u0131n ard\u0131ndan Ying, yeni Ba\u015fkomutan Ye-Yang\u2019\u0131n gergin siyasi d\u00fcnyas\u0131na geri d\u00f6ner. Ying, kurnaz korsanlar\u0131 ve onlar\u0131n komutan\u0131n\u0131 alt etmenin bir yolunu bulmak i\u00e7in Ye-yang ve loncadaki eski arkada\u015flar\u0131yla birlikte \u00e7al\u0131\u015fmak zorunda kal\u0131r.   Bu arada Ying&#8217;in k\u0131z karde\u015fi Nian art\u0131k ba\u015fkentte ya\u015famaktad\u0131r ve sonunda Ba\u015fkomutan ile evlenece\u011fi g\u00fcn\u00fc beklemektedir. Ye-yang ile olan ili\u015fkisi mesafeliyken, On D\u00f6rd\u00fcnc\u00fc Beile Ye-kan ile olan arkada\u015fl\u0131\u011f\u0131nda teselli bulur. Ba\u015fkent bekledi\u011finden daha tehlikelidir ve karanl\u0131k bir komplo ortaya \u00e7\u0131kt\u0131\u011f\u0131nda, Nian ve Ye-kan ba\u015fkomutanl\u0131\u011f\u0131n i\u00e7eriden \u00e7\u00f6kmesini \u00f6nlemek i\u00e7in gizemi vaktinde \u00e7\u00f6zmelidir. Her an ortaya \u00e7\u0131kan yeni tehlikeler dokuz aday\u0131 par\u00e7alamakla tehdit etmektedir. Bu f\u0131rt\u0131nadan kurtulmak i\u00e7in Ying ve sevdikleri korkun\u00e7 ihanetlerin ortas\u0131nda zor se\u00e7imler yapmak zorundad\u0131r. D\u00fcnya y\u0131k\u0131m\u0131n e\u015fi\u011findeyken, d\u00fc\u015fmanlar\u0131n\u0131 yenmenin ve hayatta kalman\u0131n bir yolunu bulabilecekler midir? Ve ya\u015fanan kay\u0131plar buna de\u011fecek midir?<\/p>\n","protected":false},"excerpt":{"rendered":"<p>Ying, M\u00fchendisler Loncas\u0131n\u0131 ve babas\u0131n\u0131n haks\u0131z \u00f6l\u00fcm\u00fcn\u00fcn ac\u0131s\u0131n\u0131 geride b\u0131rakt\u0131ktan iki y\u0131l sonra, hayat normale d\u00f6nmeye ba\u015flar. Ancak dokuz adada huzursuz r\u00fczg\u00e2rlar esmeye devam eder ve<span class=\"excerpt-hellip\"> [\u2026]<\/span><\/p>\n","protected":false},"featured_media":0,"template":"","meta":{"_monsterinsights_skip_tracking":false,"_monsterinsights_sitenote_active":false,"_monsterinsights_sitenote_note":"","_monsterinsights_sitenote_category":0},"product_brand":[],"product_cat":[12291,12711],"product_tag":[],"class_list":{"0":"post-781532","1":"product","2":"type-product","3":"status-publish","5":"product_cat-edebiyat","6":"product_cat-roman-oyku","7":"pa_cilt-ciltli","8":"pa_tur-kitap","9":"pa_yayinevi-artemis-yayinlari","10":"pa_yazar-amber-chen","12":"first","13":"instock","14":"sale","15":"shipping-taxable","16":"purchasable","17":"product-type-simple"},"_links":{"self":[{"href":"https:\/\/roveyayinevi.com.tr\/index.php\/wp-json\/wp\/v2\/product\/781532","targetHints":{"allow":["GET"]}}],"collection":[{"href":"https:\/\/roveyayinevi.com.tr\/index.php\/wp-json\/wp\/v2\/product"}],"about":[{"href":"https:\/\/roveyayinevi.com.tr\/index.php\/wp-json\/wp\/v2\/types\/product"}],"wp:attachment":[{"href":"https:\/\/roveyayinevi.com.tr\/index.php\/wp-json\/wp\/v2\/media?parent=781532"}],"wp:term":[{"taxonomy":"product_brand","embeddable":true,"href":"https:\/\/roveyayinevi.com.tr\/index.php\/wp-json\/wp\/v2\/product_brand?post=781532"},{"taxonomy":"product_cat","embeddable":true,"href":"https:\/\/roveyayinevi.com.tr\/index.php\/wp-json\/wp\/v2\/product_cat?post=781532"},{"taxonomy":"product_tag","embeddable":true,"href":"https:\/\/roveyayinevi.com.tr\/index.php\/wp-json\/wp\/v2\/product_tag?post=781532"}],"curies":[{"name":"wp","href":"https:\/\/api.w.org\/{rel}","templated":true}]}}