{"id":781529,"date":"2026-01-24T03:56:46","date_gmt":"2026-01-24T00:56:46","guid":{"rendered":"https:\/\/roveyayinevi.com.tr\/index.php\/urun\/cumhuriyet-doneminde-turk-tiyatrosu-1923-1983\/"},"modified":"2026-04-15T03:46:02","modified_gmt":"2026-04-15T00:46:02","slug":"cumhuriyet-doneminde-turk-tiyatrosu-1923-1983","status":"publish","type":"product","link":"https:\/\/roveyayinevi.com.tr\/index.php\/urun\/cumhuriyet-doneminde-turk-tiyatrosu-1923-1983\/","title":{"rendered":"Cumhuriyet D\u00f6neminde T\u00fcrk Tiyatrosu (1923\u20131983)"},"content":{"rendered":"<p>Metin And\u2019\u0131n T\u00fcrk tiyatrosu \u00fczerine haz\u0131rlad\u0131\u011f\u0131 serinin \u00fc\u00e7\u00fcnc\u00fc kitab\u0131 Cumhuriyet D\u00f6neminde T\u00fcrk Tiyatrosu (1923-1983), Cumhuriyet\u2019in il\u00e2n\u0131ndan 1983 y\u0131l\u0131na kadarki 60 y\u0131ll\u0131k s\u00fcre\u00e7te tiyatromuzda ya\u015fanan geli\u015fmeleri g\u00f6zler \u00f6n\u00fcne seriyor.   Eser, Cumhuriyet\u2019in ilk y\u0131llar\u0131ndaki k\u00fclt\u00fcr politikalar\u0131ndan devlet tiyatrolar\u0131n\u0131n olu\u015fumuna, amat\u00f6r gruplardan \u00f6zel tiyatrolar\u0131n do\u011fu\u015funa, seyirci al\u0131\u015fkanl\u0131klar\u0131ndan sahne tasar\u0131m\u0131ndaki yeniliklere kadar geni\u015f bir ara\u015ft\u0131rmay\u0131 i\u00e7eriyor. Metin And sahne tasar\u0131m\u0131, dekor, kost\u00fcm ve oyunculuk bi\u00e7imleri gibi teknik alanlara da derinlemesine yakla\u015farak tiyatro prati\u011finin t\u00fcm boyutlar\u0131n\u0131 g\u00f6r\u00fcn\u00fcr k\u0131l\u0131yor. Topluluklar, sanat\u00e7\u0131lar, tiyatro binalar\u0131 ve oyun g\u00f6sterimlerine dair kapsaml\u0131 ve zengin bir foto\u011fraf se\u00e7kisi sunan eser, g\u00f6rsel a\u00e7\u0131dan da \u00f6nemli bir ba\u015fvuru kayna\u011f\u0131 olma \u00f6zelli\u011fi ta\u015f\u0131yor.   T\u00fcrk tiyatro tarihinin kilometre ta\u015flar\u0131ndan biri olan Cumhuriyet D\u00f6neminde T\u00fcrk Tiyatrosu (1923-1983), 1983\u2019ten g\u00fcn\u00fcm\u00fcze kadarki b\u00fcy\u00fck bo\u015flu\u011fu dolduracak \u00e7al\u0131\u015fmalar i\u00e7in de k\u0131lavuz niteli\u011finde bir eser.   Cumhuriyet d\u00f6nemi tiyatrosunu incelemenin bir g\u00fc\u00e7l\u00fc\u011f\u00fc, yeterli tarih uzakl\u0131\u011f\u0131 bulunmay\u0131\u015f\u0131d\u0131r. Kurumlar\u0131n, s\u00f6z sahibi ki\u015filerin, yarat\u0131c\u0131lar\u0131n \u00e7o\u011fu varl\u0131\u011f\u0131n\u0131 s\u00fcrd\u00fcrmektedir. Bu sat\u0131rlar\u0131n yaz\u0131ld\u0131\u011f\u0131n\u0131n ertesi g\u00fcn\u00fc tiyatrolar yeni oyunlara ba\u015flayacak, eserlerini inceledi\u011fimiz bir yazar belki yepyeni bir anlay\u0131\u015fta bir eser ortaya koyacak, burada s\u00f6z\u00fc edilen bir tiyatro belki yar\u0131n kapanacak, belki bir yenisi a\u00e7\u0131lacak. B\u00f6yle olu\u015fum i\u00e7inde bir s\u00fcreci 60 y\u0131l i\u00e7inde dondurmak ancak, bu 1983\u2019te kapatt\u0131\u011f\u0131m\u0131z 60 y\u0131ll\u0131k d\u00f6nemi; de\u011ferlendiremeden, ay\u0131klamadan, oldu\u011fu gibi ve bir hammadde niteli\u011finde sunmakla olabilirdi; bizim yakla\u015f\u0131m\u0131m\u0131z da bu yolda oldu.<\/p>\n","protected":false},"excerpt":{"rendered":"<p>Metin And\u2019\u0131n T\u00fcrk tiyatrosu \u00fczerine haz\u0131rlad\u0131\u011f\u0131 serinin \u00fc\u00e7\u00fcnc\u00fc kitab\u0131 Cumhuriyet D\u00f6neminde T\u00fcrk Tiyatrosu (1923-1983), Cumhuriyet\u2019in il\u00e2n\u0131ndan 1983 y\u0131l\u0131na kadarki 60 y\u0131ll\u0131k s\u00fcre\u00e7te tiyatromuzda ya\u015fanan geli\u015fmeleri g\u00f6zler<span class=\"excerpt-hellip\"> [\u2026]<\/span><\/p>\n","protected":false},"featured_media":0,"template":"","meta":{"_monsterinsights_skip_tracking":false,"_monsterinsights_sitenote_active":false,"_monsterinsights_sitenote_note":"","_monsterinsights_sitenote_category":0},"product_brand":[],"product_cat":[12409,12408],"product_tag":[],"class_list":{"0":"post-781529","1":"product","2":"type-product","3":"status-publish","5":"product_cat-fotograf-sinema-tiyatro","6":"product_cat-sanat","7":"pa_cilt-ciltsiz","8":"pa_tur-kitap","9":"pa_yayinevi-yapi-kredi-yayinlari-sanat","10":"pa_yazar-metin-and","12":"first","13":"instock","14":"sale","15":"shipping-taxable","16":"purchasable","17":"product-type-simple"},"_links":{"self":[{"href":"https:\/\/roveyayinevi.com.tr\/index.php\/wp-json\/wp\/v2\/product\/781529","targetHints":{"allow":["GET"]}}],"collection":[{"href":"https:\/\/roveyayinevi.com.tr\/index.php\/wp-json\/wp\/v2\/product"}],"about":[{"href":"https:\/\/roveyayinevi.com.tr\/index.php\/wp-json\/wp\/v2\/types\/product"}],"wp:attachment":[{"href":"https:\/\/roveyayinevi.com.tr\/index.php\/wp-json\/wp\/v2\/media?parent=781529"}],"wp:term":[{"taxonomy":"product_brand","embeddable":true,"href":"https:\/\/roveyayinevi.com.tr\/index.php\/wp-json\/wp\/v2\/product_brand?post=781529"},{"taxonomy":"product_cat","embeddable":true,"href":"https:\/\/roveyayinevi.com.tr\/index.php\/wp-json\/wp\/v2\/product_cat?post=781529"},{"taxonomy":"product_tag","embeddable":true,"href":"https:\/\/roveyayinevi.com.tr\/index.php\/wp-json\/wp\/v2\/product_tag?post=781529"}],"curies":[{"name":"wp","href":"https:\/\/api.w.org\/{rel}","templated":true}]}}