{"id":781527,"date":"2026-01-24T03:56:41","date_gmt":"2026-01-24T00:56:41","guid":{"rendered":"https:\/\/roveyayinevi.com.tr\/index.php\/urun\/fantastik-canavarlar-dumbledoreun-sirlari-eksiksiz-senaryo\/"},"modified":"2026-04-15T03:46:02","modified_gmt":"2026-04-15T00:46:02","slug":"fantastik-canavarlar-dumbledoreun-sirlari-eksiksiz-senaryo","status":"publish","type":"product","link":"https:\/\/roveyayinevi.com.tr\/index.php\/urun\/fantastik-canavarlar-dumbledoreun-sirlari-eksiksiz-senaryo\/","title":{"rendered":"Fantastik Canavarlar \u2013 Dumbledore&#8217;un S\u0131rlar\u0131 (Eksiksiz Senaryo)"},"content":{"rendered":"<p>David Yates, David Heyman, Jude Law, Eddie Redmayne, Colleen Atwood ve daha pek \u00e7ok ki\u015fiden sahne arkas\u0131na dair i\u00e7erik ve yorumlar\u2026     Profes\u00f6r Albus Dumbledore g\u00fc\u00e7l\u00fc Karanl\u0131k b\u00fcy\u00fcc\u00fc Gellert Grindelwald\u2019\u0131n b\u00fcy\u00fcc\u00fcler d\u00fcnyas\u0131n\u0131n kontrol\u00fcn\u00fc ele ge\u00e7irmek \u00fczere harekete ge\u00e7ti\u011finin fark\u0131ndad\u0131r. Dumbledore onu durdurmak i\u00e7in B\u00fcy\u00fczoolog Newt Scamander\u2019dan destek al\u0131r. Newt\u2019\u0131n liderli\u011finde b\u00fcy\u00fcc\u00fcler, cad\u0131lar ve cesur bir Muggle f\u0131r\u0131nc\u0131dan olu\u015fan g\u00f6z\u00fcpek bir tak\u0131m tehlikeli bir g\u00f6reve at\u0131l\u0131r. Birlikte eski ve yeni canavarlarla kar\u015f\u0131la\u015f\u0131r, Grindelwald\u2019\u0131n say\u0131s\u0131 gitgide artan takip\u00e7ileriyle m\u00fccadele ederler. Peki Dumbledore bu kadar riskli bir g\u00f6reve ne kadar seyirci kalabilir?   J.K. Rowling ve Steve Kloves\u2019un birlikte kaleme ald\u0131\u011f\u0131 Fantastik Canavarlar: Dumbledore\u2019un S\u0131rlar\u0131 filminin resmi senaryosu kost\u00fcm eskizleri, mek\u00e2n sahnelemeleri, grafik tasar\u0131m \u00f6rnekleri, oyunculardan ve yarat\u0131c\u0131 ekipten yorumlar ve daha pek \u00e7ok ayr\u0131nt\u0131n\u0131n da dahil oldu\u011fu, sahne arkas\u0131na dair merak uyand\u0131ran dolu dolu bir i\u00e7erik sunuyor.   Nefes kesen d\u00fcellolar, ilgi \u00e7ekici yarat\u0131klar ve her k\u00f6\u015feden beliren sihir, bu m\u00fcthi\u015f maceray\u0131 kusursuz k\u0131l\u0131yor.<\/p>\n","protected":false},"excerpt":{"rendered":"<p>David Yates, David Heyman, Jude Law, Eddie Redmayne, Colleen Atwood ve daha pek \u00e7ok ki\u015fiden sahne arkas\u0131na dair i\u00e7erik ve yorumlar\u2026 Profes\u00f6r Albus Dumbledore g\u00fc\u00e7l\u00fc Karanl\u0131k<span class=\"excerpt-hellip\"> [\u2026]<\/span><\/p>\n","protected":false},"featured_media":0,"template":"","meta":{"_monsterinsights_skip_tracking":false,"_monsterinsights_sitenote_active":false,"_monsterinsights_sitenote_note":"","_monsterinsights_sitenote_category":0},"product_brand":[],"product_cat":[12291,14777],"product_tag":[],"class_list":{"0":"post-781527","1":"product","2":"type-product","3":"status-publish","5":"product_cat-edebiyat","6":"product_cat-fantastik","7":"pa_cilt-ciltsiz","8":"pa_tur-kitap","9":"pa_yayinevi-yapi-kredi-yayinlari","10":"pa_yazar-j-k-rowling","12":"first","13":"instock","14":"sale","15":"shipping-taxable","16":"purchasable","17":"product-type-simple"},"_links":{"self":[{"href":"https:\/\/roveyayinevi.com.tr\/index.php\/wp-json\/wp\/v2\/product\/781527","targetHints":{"allow":["GET"]}}],"collection":[{"href":"https:\/\/roveyayinevi.com.tr\/index.php\/wp-json\/wp\/v2\/product"}],"about":[{"href":"https:\/\/roveyayinevi.com.tr\/index.php\/wp-json\/wp\/v2\/types\/product"}],"wp:attachment":[{"href":"https:\/\/roveyayinevi.com.tr\/index.php\/wp-json\/wp\/v2\/media?parent=781527"}],"wp:term":[{"taxonomy":"product_brand","embeddable":true,"href":"https:\/\/roveyayinevi.com.tr\/index.php\/wp-json\/wp\/v2\/product_brand?post=781527"},{"taxonomy":"product_cat","embeddable":true,"href":"https:\/\/roveyayinevi.com.tr\/index.php\/wp-json\/wp\/v2\/product_cat?post=781527"},{"taxonomy":"product_tag","embeddable":true,"href":"https:\/\/roveyayinevi.com.tr\/index.php\/wp-json\/wp\/v2\/product_tag?post=781527"}],"curies":[{"name":"wp","href":"https:\/\/api.w.org\/{rel}","templated":true}]}}