{"id":781524,"date":"2026-01-24T03:56:35","date_gmt":"2026-01-24T00:56:35","guid":{"rendered":"https:\/\/roveyayinevi.com.tr\/index.php\/urun\/gocmenler-2\/"},"modified":"2026-04-15T03:45:59","modified_gmt":"2026-04-15T00:45:59","slug":"gocmenler-2","status":"publish","type":"product","link":"https:\/\/roveyayinevi.com.tr\/index.php\/urun\/gocmenler-2\/","title":{"rendered":"G\u00f6\u00e7menler"},"content":{"rendered":"<p>G\u00f6\u00e7menler, m\u00fclteciler, yerinden yurdundan olmu\u015flar, bombard\u0131manlar, \u015fiddet, sava\u015f, a\u00e7l\u0131k, korku, g\u00f6\u00e7, kamplar, \u00e7ocuklar, \u00f6ks\u00fczler, tekneler, kurtar\u0131lanlar, bo\u011fulanlar, s\u0131n\u0131rlar, ka\u00e7aklar, yurtsuzlar, kay\u0131plar, insani kriz, evrensel g\u00f6\u00e7 anla\u015fmas\u0131, insan haklar\u0131&#8230; Sessizlik.&#8221; Eve varmak i\u00e7in ka\u00e7 s\u0131n\u0131r a\u015fmak gerekir? \u201d      Theo  Angelopoulos<\/p>\n","protected":false},"excerpt":{"rendered":"<p>G\u00f6\u00e7menler, m\u00fclteciler, yerinden yurdundan olmu\u015flar, bombard\u0131manlar, \u015fiddet, sava\u015f, a\u00e7l\u0131k, korku, g\u00f6\u00e7, kamplar, \u00e7ocuklar, \u00f6ks\u00fczler, tekneler, kurtar\u0131lanlar, bo\u011fulanlar, s\u0131n\u0131rlar, ka\u00e7aklar, yurtsuzlar, kay\u0131plar, insani kriz, evrensel g\u00f6\u00e7 anla\u015fmas\u0131,<span class=\"excerpt-hellip\"> [\u2026]<\/span><\/p>\n","protected":false},"featured_media":0,"template":"","meta":{"_monsterinsights_skip_tracking":false,"_monsterinsights_sitenote_active":false,"_monsterinsights_sitenote_note":"","_monsterinsights_sitenote_category":0},"product_brand":[],"product_cat":[12274,12284],"product_tag":[],"class_list":{"0":"post-781524","1":"product","2":"type-product","3":"status-publish","5":"product_cat-cocuk-ve-genclik-kitaplari","6":"product_cat-hikayeler","7":"pa_cilt-ciltsiz","8":"pa_tur-kitap","9":"pa_yayinevi-opus-kitap","10":"pa_yazar-issa-watanabe","12":"first","13":"instock","14":"sale","15":"shipping-taxable","16":"purchasable","17":"product-type-simple"},"_links":{"self":[{"href":"https:\/\/roveyayinevi.com.tr\/index.php\/wp-json\/wp\/v2\/product\/781524","targetHints":{"allow":["GET"]}}],"collection":[{"href":"https:\/\/roveyayinevi.com.tr\/index.php\/wp-json\/wp\/v2\/product"}],"about":[{"href":"https:\/\/roveyayinevi.com.tr\/index.php\/wp-json\/wp\/v2\/types\/product"}],"wp:attachment":[{"href":"https:\/\/roveyayinevi.com.tr\/index.php\/wp-json\/wp\/v2\/media?parent=781524"}],"wp:term":[{"taxonomy":"product_brand","embeddable":true,"href":"https:\/\/roveyayinevi.com.tr\/index.php\/wp-json\/wp\/v2\/product_brand?post=781524"},{"taxonomy":"product_cat","embeddable":true,"href":"https:\/\/roveyayinevi.com.tr\/index.php\/wp-json\/wp\/v2\/product_cat?post=781524"},{"taxonomy":"product_tag","embeddable":true,"href":"https:\/\/roveyayinevi.com.tr\/index.php\/wp-json\/wp\/v2\/product_tag?post=781524"}],"curies":[{"name":"wp","href":"https:\/\/api.w.org\/{rel}","templated":true}]}}