{"id":781523,"date":"2026-01-24T03:56:33","date_gmt":"2026-01-24T00:56:33","guid":{"rendered":"https:\/\/roveyayinevi.com.tr\/index.php\/urun\/bir-dehanin-izinde\/"},"modified":"2026-01-30T04:19:42","modified_gmt":"2026-01-30T01:19:42","slug":"bir-dehanin-izinde","status":"publish","type":"product","link":"https:\/\/roveyayinevi.com.tr\/index.php\/urun\/bir-dehanin-izinde\/","title":{"rendered":"Bir Dehan\u0131n \u0130zinde"},"content":{"rendered":"<p>Leonardo da Vinci \u00e7o\u011fu zaman yap\u0131tlar\u0131yla, icatlar\u0131yla ve efsanele\u015ftirilmi\u015f dehas\u0131yla an\u0131l\u0131yor. Oysa bu kitap, ortaya \u00e7\u0131kan eserlerden \u00e7ok, o eserleri m\u00fcmk\u00fcn k\u0131lan zihinsel harekete odaklan\u0131yor. Paul Val\u00e9ry, bitmi\u015f eserlerin par\u0131lt\u0131s\u0131n\u0131n ard\u0131na ge\u00e7erek teredd\u00fctleri, ask\u0131da b\u0131rak\u0131lm\u0131\u015f sorular\u0131 ve disiplinler aras\u0131nda dola\u015fan bir zihnin \u00e7al\u0131\u015fma izlerini g\u00f6r\u00fcn\u00fcr k\u0131larken, Leonardo\u2019yu da hayranl\u0131k uyand\u0131ran bir simge de\u011fil, d\u00fc\u015f\u00fcnen, yan\u0131lan ve yeniden deneyen canl\u0131 bir zihin olarak ele al\u0131yor.    Val\u00e9ry\u2019nin Leonardo\u2019su, kesin cevaplar sunan bir d\u00e2hi de\u011fil; d\u00fc\u015f\u00fcnmeyi bir s\u00fcre\u00e7 olarak ya\u015fayan, g\u00f6zlemle deneyi s\u00fcrekli yeniden ba\u015flatan bir zihin. Bu yakla\u015f\u0131m, kitab\u0131 yaln\u0131zca bir R\u00f6nesans ayd\u0131n\u0131 portresi olmaktan \u00e7\u0131kar\u0131yor; d\u00fc\u015f\u00fcnmenin do\u011fas\u0131n\u0131, yarat\u0131c\u0131 zihnin nas\u0131l i\u015fledi\u011fini ve bilginin nas\u0131l \u00fcretildi\u011fini merkeze al\u0131yor. H\u0131z\u0131n ve \u00e7abuk sonu\u00e7lar\u0131n kutsand\u0131\u011f\u0131 \u00e7a\u011f\u0131m\u0131zda bu metin, sessiz ama derin bir itiraz olarak kendine yer ediniyor.    \u0130lker Balkan imzal\u0131 biyografiyle zenginle\u015fen Bir Dehan\u0131n \u0130zinde, okuru Leonardo da Vinci\u2019ye hayran b\u0131rakmakla yetinmiyor; onu d\u00fc\u015f\u00fcnmenin kendisiyle y\u00fcz y\u00fcze getiriyor. Bu kitap, h\u0131zl\u0131ca g\u00f6z at\u0131l\u0131p rafa geri konacak bir metin de\u011fil. E\u011fer bir kitap yaln\u0131zca bilgi vermesin, zihninizde bir kap\u0131 aralas\u0131n istiyorsan\u0131z, arad\u0131\u011f\u0131n\u0131z metin tam olarak bu.<\/p>\n","protected":false},"excerpt":{"rendered":"<p>Leonardo da Vinci \u00e7o\u011fu zaman yap\u0131tlar\u0131yla, icatlar\u0131yla ve efsanele\u015ftirilmi\u015f dehas\u0131yla an\u0131l\u0131yor. Oysa bu kitap, ortaya \u00e7\u0131kan eserlerden \u00e7ok, o eserleri m\u00fcmk\u00fcn k\u0131lan zihinsel harekete odaklan\u0131yor. Paul<span class=\"excerpt-hellip\"> [\u2026]<\/span><\/p>\n","protected":false},"featured_media":0,"template":"","meta":{"_monsterinsights_skip_tracking":false,"_monsterinsights_sitenote_active":false,"_monsterinsights_sitenote_note":"","_monsterinsights_sitenote_category":0},"product_brand":[],"product_cat":[12408],"product_tag":[],"class_list":{"0":"post-781523","1":"product","2":"type-product","3":"status-publish","5":"product_cat-sanat","6":"pa_cilt-ciltsiz","7":"pa_tur-kitap","8":"pa_yayinevi-kanon-kitap","9":"pa_yazar-paul-valery","11":"first","12":"instock","13":"sale","14":"shipping-taxable","15":"purchasable","16":"product-type-simple"},"_links":{"self":[{"href":"https:\/\/roveyayinevi.com.tr\/index.php\/wp-json\/wp\/v2\/product\/781523","targetHints":{"allow":["GET"]}}],"collection":[{"href":"https:\/\/roveyayinevi.com.tr\/index.php\/wp-json\/wp\/v2\/product"}],"about":[{"href":"https:\/\/roveyayinevi.com.tr\/index.php\/wp-json\/wp\/v2\/types\/product"}],"wp:attachment":[{"href":"https:\/\/roveyayinevi.com.tr\/index.php\/wp-json\/wp\/v2\/media?parent=781523"}],"wp:term":[{"taxonomy":"product_brand","embeddable":true,"href":"https:\/\/roveyayinevi.com.tr\/index.php\/wp-json\/wp\/v2\/product_brand?post=781523"},{"taxonomy":"product_cat","embeddable":true,"href":"https:\/\/roveyayinevi.com.tr\/index.php\/wp-json\/wp\/v2\/product_cat?post=781523"},{"taxonomy":"product_tag","embeddable":true,"href":"https:\/\/roveyayinevi.com.tr\/index.php\/wp-json\/wp\/v2\/product_tag?post=781523"}],"curies":[{"name":"wp","href":"https:\/\/api.w.org\/{rel}","templated":true}]}}