{"id":781522,"date":"2026-01-24T03:56:30","date_gmt":"2026-01-24T00:56:30","guid":{"rendered":"https:\/\/roveyayinevi.com.tr\/index.php\/urun\/imge\/"},"modified":"2026-04-15T03:45:57","modified_gmt":"2026-04-15T00:45:57","slug":"imge","status":"publish","type":"product","link":"https:\/\/roveyayinevi.com.tr\/index.php\/urun\/imge\/","title":{"rendered":"\u0130mge"},"content":{"rendered":"<p>Platon&#8217;dan Deleuze&#8217;e, Aristoteles&#8217;ten Sartre&#8217;a \u0130mgenin Ser\u00fcveni   \u201c\u0130mge, ger\u00e7eklikten kopar\u0131lm\u0131\u015f bir par\u00e7ad\u0131r; o ne bir yalan ne de bir hakikattir, sadece d\u00fcnyan\u0131n bir yank\u0131s\u0131d\u0131r.\u201d Platon   \u201cRuh asla bir imge olmaks\u0131z\u0131n d\u00fc\u015f\u00fcnemez.\u201d Aristoteles   \u201c\u0130mge bir nesne de\u011fil, bir bilin\u00e7 bi\u00e7imidir; bir \u015feyi imgelemek, onu yoklu\u011fu i\u00e7inde kavramakt\u0131r.\u201d Sartre   \u201c\u0130mge art\u0131k bir \u015feyi temsil etmez; o kendi ba\u015f\u0131na bir ger\u00e7eklik h\u00e2line gelmi\u015ftir: Simulakr\u0131n zaferi budur.\u201d Baudrillard   \u0130mge nedir? Sadece bir kopya m\u0131, yoksa yeni bir d\u00fcnya kuran bir g\u00fc\u00e7 m\u00fc? Zihnimizdeki hayaller ile ekranlardaki dijital yans\u0131malar aras\u0131nda nas\u0131l bir ba\u011f vard\u0131r? Bir g\u00f6r\u00fcnt\u00fcn\u00fcn bizi b\u00fcy\u00fclemesi, onun ger\u00e7ekli\u011finden mi yoksa bo\u015flu\u011fundan m\u0131 kaynaklan\u0131r? Antik Yunan\u2019\u0131n mimesis tart\u0131\u015fmalar\u0131ndan g\u00fcn\u00fcm\u00fcz\u00fcn g\u00f6rsel bombard\u0131man\u0131na kadar, imge kavram\u0131 her zaman felsefenin kalbinde yer ald\u0131. Laurent Lavaud\u2019un haz\u0131rlad\u0131\u011f\u0131 bu se\u00e7ki Plotinos&#8217;tan Bergson&#8217;a, Aziz Augustinus&#8217;tan Merleau-Ponty&#8217;ye, Lucretius\u2019tan Goffman\u2019a kadar uzanan geni\u015f bir yelpazede bir\u00e7ok d\u00fc\u015f\u00fcn\u00fcr\u00fcn metinleri \u00fczerinden, bak\u0131\u015f\u0131m\u0131z\u0131 ve d\u00fcnyay\u0131 alg\u0131lama bi\u00e7imimizi \u015fekillendiren &#8220;imge&#8221; olgusunu derinlemesine sorguluyor.<\/p>\n","protected":false},"excerpt":{"rendered":"<p>Platon&#8217;dan Deleuze&#8217;e, Aristoteles&#8217;ten Sartre&#8217;a \u0130mgenin Ser\u00fcveni \u201c\u0130mge, ger\u00e7eklikten kopar\u0131lm\u0131\u015f bir par\u00e7ad\u0131r; o ne bir yalan ne de bir hakikattir, sadece d\u00fcnyan\u0131n bir yank\u0131s\u0131d\u0131r.\u201d Platon \u201cRuh asla<span class=\"excerpt-hellip\"> [\u2026]<\/span><\/p>\n","protected":false},"featured_media":0,"template":"","meta":{"_monsterinsights_skip_tracking":false,"_monsterinsights_sitenote_active":false,"_monsterinsights_sitenote_note":"","_monsterinsights_sitenote_category":0},"product_brand":[],"product_cat":[12388],"product_tag":[],"class_list":{"0":"post-781522","1":"product","2":"type-product","3":"status-publish","5":"product_cat-felsefe","6":"pa_cilt-ciltsiz","7":"pa_tur-kitap","8":"pa_yayinevi-fol-kitap","9":"pa_yazar-kolektif","11":"first","12":"instock","13":"sale","14":"shipping-taxable","15":"purchasable","16":"product-type-simple"},"_links":{"self":[{"href":"https:\/\/roveyayinevi.com.tr\/index.php\/wp-json\/wp\/v2\/product\/781522","targetHints":{"allow":["GET"]}}],"collection":[{"href":"https:\/\/roveyayinevi.com.tr\/index.php\/wp-json\/wp\/v2\/product"}],"about":[{"href":"https:\/\/roveyayinevi.com.tr\/index.php\/wp-json\/wp\/v2\/types\/product"}],"wp:attachment":[{"href":"https:\/\/roveyayinevi.com.tr\/index.php\/wp-json\/wp\/v2\/media?parent=781522"}],"wp:term":[{"taxonomy":"product_brand","embeddable":true,"href":"https:\/\/roveyayinevi.com.tr\/index.php\/wp-json\/wp\/v2\/product_brand?post=781522"},{"taxonomy":"product_cat","embeddable":true,"href":"https:\/\/roveyayinevi.com.tr\/index.php\/wp-json\/wp\/v2\/product_cat?post=781522"},{"taxonomy":"product_tag","embeddable":true,"href":"https:\/\/roveyayinevi.com.tr\/index.php\/wp-json\/wp\/v2\/product_tag?post=781522"}],"curies":[{"name":"wp","href":"https:\/\/api.w.org\/{rel}","templated":true}]}}