{"id":781519,"date":"2026-01-24T03:56:24","date_gmt":"2026-01-24T00:56:24","guid":{"rendered":"https:\/\/roveyayinevi.com.tr\/index.php\/urun\/cunku\/"},"modified":"2026-04-15T03:45:37","modified_gmt":"2026-04-15T00:45:37","slug":"cunku","status":"publish","type":"product","link":"https:\/\/roveyayinevi.com.tr\/index.php\/urun\/cunku\/","title":{"rendered":"\u00c7\u00fcnk\u00fc"},"content":{"rendered":"<p>Akl\u0131na tak\u0131lan t\u00fcm sorular\u0131 uyku saatine saklayan, \u201c\u00d6yle i\u015fte\u201d cevab\u0131yla asla yetinmeyen, hayal g\u00fcc\u00fc  sonsuz minikler bu kitab\u0131 \u00e7ok sevecek.Okyanus neden mavi?Ya\u011fmur nedir?Dinozorlara ne oldu?<\/p>\n","protected":false},"excerpt":{"rendered":"<p>Akl\u0131na tak\u0131lan t\u00fcm sorular\u0131 uyku saatine saklayan, \u201c\u00d6yle i\u015fte\u201d cevab\u0131yla asla yetinmeyen, hayal g\u00fcc\u00fc sonsuz minikler bu kitab\u0131 \u00e7ok sevecek.Okyanus neden mavi?Ya\u011fmur nedir?Dinozorlara ne oldu?<\/p>\n","protected":false},"featured_media":0,"template":"","meta":{"_monsterinsights_skip_tracking":false,"_monsterinsights_sitenote_active":false,"_monsterinsights_sitenote_note":"","_monsterinsights_sitenote_category":0},"product_brand":[],"product_cat":[141304],"product_tag":[],"class_list":{"0":"post-781519","1":"product","2":"type-product","3":"status-publish","5":"product_cat-yeni-cikanlar","6":"pa_cilt-ciltsiz","7":"pa_tur-kitap","8":"pa_yayinevi-dogan-cocuk","9":"pa_yazar-smac-barnett","11":"first","12":"instock","13":"sale","14":"shipping-taxable","15":"purchasable","16":"product-type-simple"},"_links":{"self":[{"href":"https:\/\/roveyayinevi.com.tr\/index.php\/wp-json\/wp\/v2\/product\/781519","targetHints":{"allow":["GET"]}}],"collection":[{"href":"https:\/\/roveyayinevi.com.tr\/index.php\/wp-json\/wp\/v2\/product"}],"about":[{"href":"https:\/\/roveyayinevi.com.tr\/index.php\/wp-json\/wp\/v2\/types\/product"}],"wp:attachment":[{"href":"https:\/\/roveyayinevi.com.tr\/index.php\/wp-json\/wp\/v2\/media?parent=781519"}],"wp:term":[{"taxonomy":"product_brand","embeddable":true,"href":"https:\/\/roveyayinevi.com.tr\/index.php\/wp-json\/wp\/v2\/product_brand?post=781519"},{"taxonomy":"product_cat","embeddable":true,"href":"https:\/\/roveyayinevi.com.tr\/index.php\/wp-json\/wp\/v2\/product_cat?post=781519"},{"taxonomy":"product_tag","embeddable":true,"href":"https:\/\/roveyayinevi.com.tr\/index.php\/wp-json\/wp\/v2\/product_tag?post=781519"}],"curies":[{"name":"wp","href":"https:\/\/api.w.org\/{rel}","templated":true}]}}