{"id":781518,"date":"2026-01-24T03:56:22","date_gmt":"2026-01-24T00:56:22","guid":{"rendered":"https:\/\/roveyayinevi.com.tr\/index.php\/urun\/camellianin-pesinde-4\/"},"modified":"2026-04-15T03:45:37","modified_gmt":"2026-04-15T00:45:37","slug":"camellianin-pesinde-4","status":"publish","type":"product","link":"https:\/\/roveyayinevi.com.tr\/index.php\/urun\/camellianin-pesinde-4\/","title":{"rendered":"Camellia&#8217;n\u0131n Pe\u015finde 4"},"content":{"rendered":"<p>F\u0131rt\u0131na \u00f6ncesi sessizlikte\u2026Camellia gizli g\u00f6revinden ba\u015far\u0131yla geri d\u00f6nm\u00fc\u015ft\u00fcr. Bu zaferin ard\u0131ndan, Kieran&#8217;\u0131n uzun zamand\u0131r beklenen d\u00f6n\u00fc\u015f\u00fc ba\u015fkentte kutlamalarla kar\u015f\u0131lan\u0131r. Ancak Caian \u0130mparatorlu\u011fu ve Gaior Krall\u0131\u011f\u0131 aras\u0131ndaki gerginlik giderek art\u0131yordur. Prens Ian, Bale Hanesi\u2019nin g\u00f6rmezden gelemeyece\u011fi bir teklif yapt\u0131\u011f\u0131, daha do\u011frusu bir tehditte bulundu\u011fu i\u00e7in bar\u0131\u015f fazla uzun s\u00fcrmez. \u0130\u015fleri as\u0131l kar\u0131\u015ft\u0131ran, Lord Claude&#8217;\u0131n i\u00e7inde filizlenen \u201cCamellius\u201d ilgisini fark etmesi ve Leydi Marilyn&#8217;in \u015f\u00fcphelerinin son noktaya ula\u015fmas\u0131d\u0131r! Camellia kimli\u011fini gizli tutman\u0131n yeni bir yolunu bulabilecek mi? Yoksa bu ac\u0131mas\u0131z d\u00fcnyan\u0131n \u00e7arp\u0131k oyunlar\u0131 onu ka\u00e7\u0131n\u0131lmaz sona m\u0131 s\u00fcr\u00fckleyecek?<\/p>\n","protected":false},"excerpt":{"rendered":"<p>F\u0131rt\u0131na \u00f6ncesi sessizlikte\u2026Camellia gizli g\u00f6revinden ba\u015far\u0131yla geri d\u00f6nm\u00fc\u015ft\u00fcr. Bu zaferin ard\u0131ndan, Kieran&#8217;\u0131n uzun zamand\u0131r beklenen d\u00f6n\u00fc\u015f\u00fc ba\u015fkentte kutlamalarla kar\u015f\u0131lan\u0131r. Ancak Caian \u0130mparatorlu\u011fu ve Gaior Krall\u0131\u011f\u0131 aras\u0131ndaki<span class=\"excerpt-hellip\"> [\u2026]<\/span><\/p>\n","protected":false},"featured_media":0,"template":"","meta":{"_monsterinsights_skip_tracking":false,"_monsterinsights_sitenote_active":false,"_monsterinsights_sitenote_note":"","_monsterinsights_sitenote_category":0},"product_brand":[],"product_cat":[141304],"product_tag":[],"class_list":{"0":"post-781518","1":"product","2":"type-product","3":"status-publish","5":"product_cat-yeni-cikanlar","6":"pa_cilt-ciltsiz","7":"pa_tur-kitap","8":"pa_yayinevi-dex-yayinevi","9":"pa_yazar-jin-soye","11":"first","12":"instock","13":"sale","14":"shipping-taxable","15":"purchasable","16":"product-type-simple"},"_links":{"self":[{"href":"https:\/\/roveyayinevi.com.tr\/index.php\/wp-json\/wp\/v2\/product\/781518","targetHints":{"allow":["GET"]}}],"collection":[{"href":"https:\/\/roveyayinevi.com.tr\/index.php\/wp-json\/wp\/v2\/product"}],"about":[{"href":"https:\/\/roveyayinevi.com.tr\/index.php\/wp-json\/wp\/v2\/types\/product"}],"wp:attachment":[{"href":"https:\/\/roveyayinevi.com.tr\/index.php\/wp-json\/wp\/v2\/media?parent=781518"}],"wp:term":[{"taxonomy":"product_brand","embeddable":true,"href":"https:\/\/roveyayinevi.com.tr\/index.php\/wp-json\/wp\/v2\/product_brand?post=781518"},{"taxonomy":"product_cat","embeddable":true,"href":"https:\/\/roveyayinevi.com.tr\/index.php\/wp-json\/wp\/v2\/product_cat?post=781518"},{"taxonomy":"product_tag","embeddable":true,"href":"https:\/\/roveyayinevi.com.tr\/index.php\/wp-json\/wp\/v2\/product_tag?post=781518"}],"curies":[{"name":"wp","href":"https:\/\/api.w.org\/{rel}","templated":true}]}}