{"id":781517,"date":"2026-01-24T03:56:20","date_gmt":"2026-01-24T00:56:20","guid":{"rendered":"https:\/\/roveyayinevi.com.tr\/index.php\/urun\/dunyayi-bolen-devrim\/"},"modified":"2026-04-15T03:45:37","modified_gmt":"2026-04-15T00:45:37","slug":"dunyayi-bolen-devrim","status":"publish","type":"product","link":"https:\/\/roveyayinevi.com.tr\/index.php\/urun\/dunyayi-bolen-devrim\/","title":{"rendered":"D\u00fcnyay\u0131 B\u00f6len Devrim"},"content":{"rendered":"<p>Sovyet sosyalizmi art\u0131k tarihin sayfalar\u0131nda&#8230; Fakat demokrasi ve hukukun geriledi\u011fi, otokrasilerin \u00e7\u00f6z\u00fcm san\u0131ld\u0131\u011f\u0131 \u00e7a\u011f\u0131m\u0131zda, Sovyet tecr\u00fcbesinden al\u0131nacak dersler h\u00e2l\u00e2 \u00e7ok canl\u0131 ve \u00f6nemli.Taha Akyol bu kitab\u0131nda Rus toplumunun Ortodoks \u00c7arl\u0131k rejiminden, kapitalizmin geli\u015fme a\u015famas\u0131nda, ortodoks Marksizme dayanan Sovyet rejimine ge\u00e7i\u015fini sosyolojik ve siyasi y\u00f6nleriyle inceliyor.Stalin, Lenin\u2019in att\u0131\u011f\u0131 temeller \u00fczerinde, totaliter metotlarla, Rusya\u2019y\u0131 sanayi toplumu haline getirdi ve uzaya insan g\u00f6nderen ilk \u00fclke oldu. D\u00fcnyay\u0131 ikiye b\u00f6ld\u00fc. Sovyet ba\u015far\u0131s\u0131n\u0131n sebepleri \u00e7\u00f6k\u00fc\u015f\u00fcn\u00fcn sebepleriyle ayn\u0131yd\u0131: Fikir ve ifade \u00f6zg\u00fcrl\u00fc\u011f\u00fc ile giri\u015fim \u00f6zg\u00fcrl\u00fc\u011f\u00fc olmay\u0131nca emirle bir geli\u015fme sa\u011flan\u0131yor ama rekabet ve renovasyon olmay\u0131nca sistem \u00e7\u00f6k\u00fcyordu.Kitap, iktisaden geli\u015fmi\u015f toplum olman\u0131n ancak \u00f6zg\u00fcrl\u00fck ve giri\u015fimle m\u00fcmk\u00fcn olaca\u011f\u0131n\u0131 g\u00f6steriyor.<\/p>\n","protected":false},"excerpt":{"rendered":"<p>Sovyet sosyalizmi art\u0131k tarihin sayfalar\u0131nda&#8230; Fakat demokrasi ve hukukun geriledi\u011fi, otokrasilerin \u00e7\u00f6z\u00fcm san\u0131ld\u0131\u011f\u0131 \u00e7a\u011f\u0131m\u0131zda, Sovyet tecr\u00fcbesinden al\u0131nacak dersler h\u00e2l\u00e2 \u00e7ok canl\u0131 ve \u00f6nemli.Taha Akyol bu kitab\u0131nda<span class=\"excerpt-hellip\"> [\u2026]<\/span><\/p>\n","protected":false},"featured_media":0,"template":"","meta":{"_monsterinsights_skip_tracking":false,"_monsterinsights_sitenote_active":false,"_monsterinsights_sitenote_note":"","_monsterinsights_sitenote_category":0},"product_brand":[],"product_cat":[13590,12337],"product_tag":[],"class_list":{"0":"post-781517","1":"product","2":"type-product","3":"status-publish","5":"product_cat-arastirma-inceleme-politika-siyaset","6":"product_cat-politika-siyaset","7":"pa_cilt-ciltsiz","8":"pa_tur-kitap","9":"pa_yayinevi-dogan-kitap","10":"pa_yazar-taha-akyol","12":"first","13":"instock","14":"sale","15":"shipping-taxable","16":"purchasable","17":"product-type-simple"},"_links":{"self":[{"href":"https:\/\/roveyayinevi.com.tr\/index.php\/wp-json\/wp\/v2\/product\/781517","targetHints":{"allow":["GET"]}}],"collection":[{"href":"https:\/\/roveyayinevi.com.tr\/index.php\/wp-json\/wp\/v2\/product"}],"about":[{"href":"https:\/\/roveyayinevi.com.tr\/index.php\/wp-json\/wp\/v2\/types\/product"}],"wp:attachment":[{"href":"https:\/\/roveyayinevi.com.tr\/index.php\/wp-json\/wp\/v2\/media?parent=781517"}],"wp:term":[{"taxonomy":"product_brand","embeddable":true,"href":"https:\/\/roveyayinevi.com.tr\/index.php\/wp-json\/wp\/v2\/product_brand?post=781517"},{"taxonomy":"product_cat","embeddable":true,"href":"https:\/\/roveyayinevi.com.tr\/index.php\/wp-json\/wp\/v2\/product_cat?post=781517"},{"taxonomy":"product_tag","embeddable":true,"href":"https:\/\/roveyayinevi.com.tr\/index.php\/wp-json\/wp\/v2\/product_tag?post=781517"}],"curies":[{"name":"wp","href":"https:\/\/api.w.org\/{rel}","templated":true}]}}