{"id":781516,"date":"2026-01-24T03:56:16","date_gmt":"2026-01-24T00:56:16","guid":{"rendered":"https:\/\/roveyayinevi.com.tr\/index.php\/urun\/ben-bir-patatesim\/"},"modified":"2026-04-15T03:45:35","modified_gmt":"2026-04-15T00:45:35","slug":"ben-bir-patatesim","status":"publish","type":"product","link":"https:\/\/roveyayinevi.com.tr\/index.php\/urun\/ben-bir-patatesim\/","title":{"rendered":"Ben Bir Patatesim!"},"content":{"rendered":"<p>2026 UKLA Kitap \u00d6d\u00fcl\u00fc Aday\u0131     \u201cBen bir patatesim!\u201d \u201cHay\u0131r. Patates falan de\u011filsin sen.\u201d \u201cDe\u011fil miyim? E o zaman neyim ben?!\u201d     Bu minik \u015fey patates oldu\u011fundan emin ama arkada\u015flar\u0131 yan\u0131ld\u0131\u011f\u0131n\u0131 d\u00fc\u015f\u00fcn\u00fcyor ve e\u011flenceli bir soru ya\u011fmuru ba\u015fl\u0131yor: Nefes al\u0131yor musun? Ka\u00e7 g\u00f6z\u00fcn var? Yemek yiyor musun? Peki kaka var m\u0131?..     Kendini patates sanan bir minik canl\u0131n\u0131n asl\u0131nda ne oldu\u011funu ke\u015ffetmesine e\u015flik etti\u011fimiz bu muzip kitap, k\u00fc\u00e7\u00fck okurlara hem canl\u0131lar d\u00fcnyas\u0131n\u0131n kap\u0131s\u0131n\u0131 aralayacak hem de onlar\u0131 k\u0131k\u0131r k\u0131k\u0131r g\u00fcld\u00fcrecek.     \u201cSorgulama ve ele\u015ftirel d\u00fc\u015f\u00fcnme becerilerinin geli\u015fimine yard\u0131mc\u0131 olan, komik mi komik bir hik\u00e2ye.\u201d \u2013Kirkus<\/p>\n","protected":false},"excerpt":{"rendered":"<p>2026 UKLA Kitap \u00d6d\u00fcl\u00fc Aday\u0131 \u201cBen bir patatesim!\u201d \u201cHay\u0131r. Patates falan de\u011filsin sen.\u201d \u201cDe\u011fil miyim? E o zaman neyim ben?!\u201d Bu minik \u015fey patates oldu\u011fundan emin<span class=\"excerpt-hellip\"> [\u2026]<\/span><\/p>\n","protected":false},"featured_media":0,"template":"","meta":{"_monsterinsights_skip_tracking":false,"_monsterinsights_sitenote_active":false,"_monsterinsights_sitenote_note":"","_monsterinsights_sitenote_category":0},"product_brand":[],"product_cat":[12274,12523],"product_tag":[],"class_list":{"0":"post-781516","1":"product","2":"type-product","3":"status-publish","5":"product_cat-cocuk-ve-genclik-kitaplari","6":"product_cat-masallar","7":"pa_cilt-ciltsiz","8":"pa_tur-kitap","9":"pa_yayinevi-domingo-yayinevi","10":"pa_yazar-ziggy-hanaor-elliot-kruszynski","12":"first","13":"instock","14":"sale","15":"shipping-taxable","16":"purchasable","17":"product-type-simple"},"_links":{"self":[{"href":"https:\/\/roveyayinevi.com.tr\/index.php\/wp-json\/wp\/v2\/product\/781516","targetHints":{"allow":["GET"]}}],"collection":[{"href":"https:\/\/roveyayinevi.com.tr\/index.php\/wp-json\/wp\/v2\/product"}],"about":[{"href":"https:\/\/roveyayinevi.com.tr\/index.php\/wp-json\/wp\/v2\/types\/product"}],"wp:attachment":[{"href":"https:\/\/roveyayinevi.com.tr\/index.php\/wp-json\/wp\/v2\/media?parent=781516"}],"wp:term":[{"taxonomy":"product_brand","embeddable":true,"href":"https:\/\/roveyayinevi.com.tr\/index.php\/wp-json\/wp\/v2\/product_brand?post=781516"},{"taxonomy":"product_cat","embeddable":true,"href":"https:\/\/roveyayinevi.com.tr\/index.php\/wp-json\/wp\/v2\/product_cat?post=781516"},{"taxonomy":"product_tag","embeddable":true,"href":"https:\/\/roveyayinevi.com.tr\/index.php\/wp-json\/wp\/v2\/product_tag?post=781516"}],"curies":[{"name":"wp","href":"https:\/\/api.w.org\/{rel}","templated":true}]}}