{"id":781514,"date":"2026-01-24T03:55:09","date_gmt":"2026-01-24T00:55:09","guid":{"rendered":"https:\/\/roveyayinevi.com.tr\/index.php\/urun\/saklambac-3-korebe\/"},"modified":"2026-04-02T03:43:38","modified_gmt":"2026-04-02T00:43:38","slug":"saklambac-3-korebe","status":"publish","type":"product","link":"https:\/\/roveyayinevi.com.tr\/index.php\/urun\/saklambac-3-korebe\/","title":{"rendered":"Saklamba\u00e7 3 &#8211; K\u00f6rebe"},"content":{"rendered":"<p>S\u0131rlar&#8230; bizi bir araya getiren de kanatlar\u0131m\u0131zdaki y\u00fckler de onlard\u0131.Ve baz\u0131 s\u0131rlar di\u011ferlerinden daha keskindi,kalbi deler ama sahibini \u00f6ld\u00fcrmezdi. Ophelia Valley kasabas\u0131nda sular bir t\u00fcrl\u00fc durulmad\u0131.Amigo k\u0131zlar\u0131m\u0131z Ansel, Kylie ve Maddie gizemli mesajlarla u\u011fra\u015f\u0131rken, haklar\u0131nda \u00e7\u0131kan haberler gerilimi iyice artt\u0131rd\u0131. Herkesin g\u00f6zleri \u00fczerlerindeydi, ancak hayatta kalmalar\u0131ndan hi\u00e7 de memnun olmayan birileri karanl\u0131\u011fa gizlenmi\u015f onlar\u0131 seyrediyordu.Kasabada dola\u015fan \u201cg\u00fcnahk\u00e2rlar listesi\u201dnde ismi ge\u00e7en gen\u00e7 erkeklerin kaybolmas\u0131n\u0131n ard\u0131ndan, Kylie de arkas\u0131nda iz b\u0131rakmadan kay\u0131plara kar\u0131\u015ft\u0131. Ge\u00e7mi\u015fin hayaletleri bir kez daha musallat oldu\u011funda Ansel, kendisini \u00e7almamas\u0131 gereken bir kap\u0131n\u0131n \u00f6n\u00fcnde buldu. \u015eimdi herkes s\u0131rayla avlan\u0131rken, kurtulmak i\u00e7in t\u0131rmand\u0131klar\u0131 cehennem basamaklar\u0131nda g\u00fcnahlar\u0131yla y\u00fczle\u015fiyor.<\/p>\n","protected":false},"excerpt":{"rendered":"<p>S\u0131rlar&#8230; bizi bir araya getiren de kanatlar\u0131m\u0131zdaki y\u00fckler de onlard\u0131.Ve baz\u0131 s\u0131rlar di\u011ferlerinden daha keskindi,kalbi deler ama sahibini \u00f6ld\u00fcrmezdi. Ophelia Valley kasabas\u0131nda sular bir t\u00fcrl\u00fc durulmad\u0131.Amigo<span class=\"excerpt-hellip\"> [\u2026]<\/span><\/p>\n","protected":false},"featured_media":0,"template":"","meta":{"_monsterinsights_skip_tracking":false,"_monsterinsights_sitenote_active":false,"_monsterinsights_sitenote_note":"","_monsterinsights_sitenote_category":0},"product_brand":[],"product_cat":[12291,14777],"product_tag":[],"class_list":{"0":"post-781514","1":"product","2":"type-product","3":"status-publish","5":"product_cat-edebiyat","6":"product_cat-fantastik","7":"pa_cilt-ciltsiz","8":"pa_tur-kitap","9":"pa_yayinevi-dex-yayinevi","10":"pa_yazar-n-g-kabal","12":"first","13":"instock","14":"sale","15":"shipping-taxable","16":"purchasable","17":"product-type-simple"},"_links":{"self":[{"href":"https:\/\/roveyayinevi.com.tr\/index.php\/wp-json\/wp\/v2\/product\/781514","targetHints":{"allow":["GET"]}}],"collection":[{"href":"https:\/\/roveyayinevi.com.tr\/index.php\/wp-json\/wp\/v2\/product"}],"about":[{"href":"https:\/\/roveyayinevi.com.tr\/index.php\/wp-json\/wp\/v2\/types\/product"}],"wp:attachment":[{"href":"https:\/\/roveyayinevi.com.tr\/index.php\/wp-json\/wp\/v2\/media?parent=781514"}],"wp:term":[{"taxonomy":"product_brand","embeddable":true,"href":"https:\/\/roveyayinevi.com.tr\/index.php\/wp-json\/wp\/v2\/product_brand?post=781514"},{"taxonomy":"product_cat","embeddable":true,"href":"https:\/\/roveyayinevi.com.tr\/index.php\/wp-json\/wp\/v2\/product_cat?post=781514"},{"taxonomy":"product_tag","embeddable":true,"href":"https:\/\/roveyayinevi.com.tr\/index.php\/wp-json\/wp\/v2\/product_tag?post=781514"}],"curies":[{"name":"wp","href":"https:\/\/api.w.org\/{rel}","templated":true}]}}