{"id":781512,"date":"2026-01-24T03:43:39","date_gmt":"2026-01-24T00:43:39","guid":{"rendered":"https:\/\/roveyayinevi.com.tr\/index.php\/urun\/felsefenin-tesellisi-2\/"},"modified":"2026-03-02T03:32:59","modified_gmt":"2026-03-02T00:32:59","slug":"felsefenin-tesellisi-2","status":"publish","type":"product","link":"https:\/\/roveyayinevi.com.tr\/index.php\/urun\/felsefenin-tesellisi-2\/","title":{"rendered":"Felsefenin Tesellisi"},"content":{"rendered":"<p>T\u00fcm d\u00fcnyada milyonlarca okura ya\u015fam\u0131n farkl\u0131 ve\u00e7heleri \u00fczerine d\u00fc\u015f\u00fcnce k\u0131lavuzlar\u0131 sunan Alain de Botton, bu kez g\u00fcndelik dertlerimizin \u00e7\u00f6z\u00fcmleri i\u00e7in felsefeye i\u015faret ediyor. A\u015fk ac\u0131s\u0131, paras\u0131zl\u0131k, anksiyete, yetersizlik\u2026 T\u00fcm bu sorunlarla ba\u015fa \u00e7\u0131kabilmek i\u00e7in felsefe tarihinin k\u00f6\u015fe ta\u015flar\u0131na; Sokrates, Epikuros, Seneca, Montaigne, Schopenhauer ve Nietzsche\u2019nin ya\u015fam ve yap\u0131tlar\u0131na bakmaya \u00e7a\u011f\u0131r\u0131yor bizi.   Felsefenin Tesellisi, modern insan\u0131n s\u0131k\u0131nt\u0131lar\u0131n\u0131 d\u00fc\u015f\u00fcnme ve anlamland\u0131rma s\u00fcre\u00e7lerinde uzanabilece\u011fi yollara i\u015faret eden felsefi bir yol haritas\u0131. <\/p>\n","protected":false},"excerpt":{"rendered":"<p>T\u00fcm d\u00fcnyada milyonlarca okura ya\u015fam\u0131n farkl\u0131 ve\u00e7heleri \u00fczerine d\u00fc\u015f\u00fcnce k\u0131lavuzlar\u0131 sunan Alain de Botton, bu kez g\u00fcndelik dertlerimizin \u00e7\u00f6z\u00fcmleri i\u00e7in felsefeye i\u015faret ediyor. A\u015fk ac\u0131s\u0131, paras\u0131zl\u0131k,<span class=\"excerpt-hellip\"> [\u2026]<\/span><\/p>\n","protected":false},"featured_media":0,"template":"","meta":{"_monsterinsights_skip_tracking":false,"_monsterinsights_sitenote_active":false,"_monsterinsights_sitenote_note":"","_monsterinsights_sitenote_category":0},"product_brand":[],"product_cat":[12777,12291],"product_tag":[],"class_list":{"0":"post-781512","1":"product","2":"type-product","3":"status-publish","5":"product_cat-deneme","6":"product_cat-edebiyat","7":"pa_cilt-ciltsiz","8":"pa_tur-kitap","9":"pa_yayinevi-everest-yayinlari","10":"pa_yazar-alain-de-botton","12":"first","13":"instock","14":"sale","15":"shipping-taxable","16":"purchasable","17":"product-type-simple"},"_links":{"self":[{"href":"https:\/\/roveyayinevi.com.tr\/index.php\/wp-json\/wp\/v2\/product\/781512","targetHints":{"allow":["GET"]}}],"collection":[{"href":"https:\/\/roveyayinevi.com.tr\/index.php\/wp-json\/wp\/v2\/product"}],"about":[{"href":"https:\/\/roveyayinevi.com.tr\/index.php\/wp-json\/wp\/v2\/types\/product"}],"wp:attachment":[{"href":"https:\/\/roveyayinevi.com.tr\/index.php\/wp-json\/wp\/v2\/media?parent=781512"}],"wp:term":[{"taxonomy":"product_brand","embeddable":true,"href":"https:\/\/roveyayinevi.com.tr\/index.php\/wp-json\/wp\/v2\/product_brand?post=781512"},{"taxonomy":"product_cat","embeddable":true,"href":"https:\/\/roveyayinevi.com.tr\/index.php\/wp-json\/wp\/v2\/product_cat?post=781512"},{"taxonomy":"product_tag","embeddable":true,"href":"https:\/\/roveyayinevi.com.tr\/index.php\/wp-json\/wp\/v2\/product_tag?post=781512"}],"curies":[{"name":"wp","href":"https:\/\/api.w.org\/{rel}","templated":true}]}}