{"id":781509,"date":"2026-01-24T03:26:06","date_gmt":"2026-01-24T00:26:06","guid":{"rendered":"https:\/\/roveyayinevi.com.tr\/index.php\/urun\/17-numara-piyes\/"},"modified":"2026-03-25T20:41:09","modified_gmt":"2026-03-25T17:41:09","slug":"17-numara-piyes","status":"publish","type":"product","link":"https:\/\/roveyayinevi.com.tr\/index.php\/urun\/17-numara-piyes\/","title":{"rendered":"17 Numara Piyes"},"content":{"rendered":"<p>Evet, ben 17 Numara de\u011fildim. 17 Numara, As\u0131r\u2019\u0131n yaratt\u0131\u011f\u0131 bir kurband\u0131. Ben Defne Karaca\u2019yd\u0131m, sahnenin yarat\u0131c\u0131s\u0131yd\u0131m. As\u0131r ve \u00e7etesi, \u00f6l\u00fcm kapan\u0131na k\u0131s\u0131l\u0131r. Defne i\u00e7inse karanl\u0131k g\u00fcnler biter, daha karanl\u0131k g\u00fcnler ba\u015flar. Bir yanda her \u015feyden \u00e7ok sevdi\u011fi ve kaybetti\u011fi babas\u0131, bir yanda As\u0131r\u2019\u0131n her \u015feyden \u00e7ok sevdi\u011fi ve kaybetti\u011fi k\u0131z karde\u015fi vard\u0131r. Defne, vicdan\u0131 ve duygular\u0131 aras\u0131nda bir se\u00e7im yapmak zorunda kalm\u0131\u015ft\u0131r. Defne, sahip oldu\u011fu her \u015feyin asl\u0131nda bir avu\u00e7 yalandan ibaret oldu\u011funu \u00f6\u011frenir. As\u0131r\u2019a kar\u015f\u0131 gard\u0131n\u0131 indirdi\u011fi s\u0131rada kendiyle y\u00fczle\u015fmesinin vaktinin geldi\u011fini anlar. Bu m\u00fccadele siyah ve beyaz\u0131n de\u011fil, siyahla tozpembenin m\u00fccadelesidir. Art\u0131k her \u015fey tersy\u00fcz olmu\u015ftur. Kimin k\u00f6t\u00fc, kimin daha k\u00f6t\u00fc oldu\u011funu \u00f6\u011frenmenin vakti gelmi\u015ftir. \u015eimdi sahne de\u011fi\u015fmi\u015ftir ve perde yeniden a\u00e7\u0131lmak i\u00e7in haz\u0131r bekliyordur. Bu kez piyes, ger\u00e7ekler \u00fczerine kuruludur. Ger\u00e7eklerse bir katliamdan bile daha \u00e7ok can yakacakt\u0131r.<\/p>\n","protected":false},"excerpt":{"rendered":"<p>Evet, ben 17 Numara de\u011fildim. 17 Numara, As\u0131r\u2019\u0131n yaratt\u0131\u011f\u0131 bir kurband\u0131. Ben Defne Karaca\u2019yd\u0131m, sahnenin yarat\u0131c\u0131s\u0131yd\u0131m. As\u0131r ve \u00e7etesi, \u00f6l\u00fcm kapan\u0131na k\u0131s\u0131l\u0131r. Defne i\u00e7inse karanl\u0131k g\u00fcnler<span class=\"excerpt-hellip\"> [\u2026]<\/span><\/p>\n","protected":false},"featured_media":0,"template":"","meta":{"_monsterinsights_skip_tracking":false,"_monsterinsights_sitenote_active":false,"_monsterinsights_sitenote_note":"","_monsterinsights_sitenote_category":0},"product_brand":[],"product_cat":[12291,15566],"product_tag":[],"class_list":{"0":"post-781509","1":"product","2":"type-product","3":"status-publish","5":"product_cat-edebiyat","6":"product_cat-oyun","7":"pa_cilt-ciltsiz","8":"pa_tur-kitap","9":"pa_yayinevi-artemis-yayinlari","10":"pa_yazar-fatma-samata","12":"first","13":"instock","14":"sale","15":"shipping-taxable","16":"purchasable","17":"product-type-simple"},"_links":{"self":[{"href":"https:\/\/roveyayinevi.com.tr\/index.php\/wp-json\/wp\/v2\/product\/781509","targetHints":{"allow":["GET"]}}],"collection":[{"href":"https:\/\/roveyayinevi.com.tr\/index.php\/wp-json\/wp\/v2\/product"}],"about":[{"href":"https:\/\/roveyayinevi.com.tr\/index.php\/wp-json\/wp\/v2\/types\/product"}],"wp:attachment":[{"href":"https:\/\/roveyayinevi.com.tr\/index.php\/wp-json\/wp\/v2\/media?parent=781509"}],"wp:term":[{"taxonomy":"product_brand","embeddable":true,"href":"https:\/\/roveyayinevi.com.tr\/index.php\/wp-json\/wp\/v2\/product_brand?post=781509"},{"taxonomy":"product_cat","embeddable":true,"href":"https:\/\/roveyayinevi.com.tr\/index.php\/wp-json\/wp\/v2\/product_cat?post=781509"},{"taxonomy":"product_tag","embeddable":true,"href":"https:\/\/roveyayinevi.com.tr\/index.php\/wp-json\/wp\/v2\/product_tag?post=781509"}],"curies":[{"name":"wp","href":"https:\/\/api.w.org\/{rel}","templated":true}]}}