{"id":781506,"date":"2026-01-24T03:04:59","date_gmt":"2026-01-24T00:04:59","guid":{"rendered":"https:\/\/roveyayinevi.com.tr\/index.php\/urun\/psikanalizin-kara-kitabi\/"},"modified":"2026-04-16T02:48:42","modified_gmt":"2026-04-15T23:48:42","slug":"psikanalizin-kara-kitabi","status":"publish","type":"product","link":"https:\/\/roveyayinevi.com.tr\/index.php\/urun\/psikanalizin-kara-kitabi\/","title":{"rendered":"Psikanalizin Kara Kitab\u0131"},"content":{"rendered":"<p>G\u00fcn\u00fcm\u00fczde Fransa ve d\u00fcnyan\u0131n en Freudyen \u00fclkesi olan Arjantin d\u0131\u015f\u0131nda psikanaliz hemen her yerde marjinalize olmu\u015ftur. Bu \u00e7er\u00e7evede psikanalizin \u201cresm\u00ee tarihi\u201d de ortaya \u00e7\u0131kar\u0131lan yeni bulgular e\u015fli\u011finde sorgulanmaktad\u0131r. Bir\u00e7ok klinisyen, psikanalizin terap\u00f6tik etkilili\u011finin olduk\u00e7a d\u00fc\u015f\u00fck oldu\u011funu savunmaktad\u0131r. Psikanalizin bir felsefe olarak me\u015fruiyeti de ayn\u0131 \u015fekilde giderek daha tart\u0131\u015f\u0131l\u0131r h\u00e2le gelmi\u015ftir.     Bu kitap, psikanalize (bir di\u011fer ifade ile Freudyen psikolojiye) ilgi duyan herkes i\u00e7in eri\u015filebilir ve i\u00e7inde \u00e7e\u015fitli g\u00f6r\u00fc\u015fler bar\u0131nd\u0131ran, kapsaml\u0131 bir ara\u015ft\u0131rma sunmaktad\u0131r. D\u00fcnyan\u0131n en iyi psikanaliz uzmanlar\u0131 aras\u0131nda yer alan k\u0131rk yazar, zaman\u0131 \u00e7oktan gelmi\u015f bir tart\u0131\u015fmay\u0131 ba\u015flatmaktad\u0131r: Freud yalan m\u0131 s\u00f6ylemi\u015ftir? Psikanaliz ger\u00e7ekten iyile\u015ftirir mi? Ne oldu\u011fumuzu anlaman\u0131n en iyi yolu psikanaliz midir? Bu ve benzeri daha bir\u00e7ok soru i\u00e7in bu kitap vazge\u00e7ilmez bir referans kayna\u011f\u0131 olacakt\u0131r.    <\/p>\n","protected":false},"excerpt":{"rendered":"<p>G\u00fcn\u00fcm\u00fczde Fransa ve d\u00fcnyan\u0131n en Freudyen \u00fclkesi olan Arjantin d\u0131\u015f\u0131nda psikanaliz hemen her yerde marjinalize olmu\u015ftur. Bu \u00e7er\u00e7evede psikanalizin \u201cresm\u00ee tarihi\u201d de ortaya \u00e7\u0131kar\u0131lan yeni bulgular<span class=\"excerpt-hellip\"> [\u2026]<\/span><\/p>\n","protected":false},"featured_media":0,"template":"","meta":{"_monsterinsights_skip_tracking":false,"_monsterinsights_sitenote_active":false,"_monsterinsights_sitenote_note":"","_monsterinsights_sitenote_category":0},"product_brand":[],"product_cat":[12358,12357],"product_tag":[],"class_list":{"0":"post-781506","1":"product","2":"type-product","3":"status-publish","5":"product_cat-genel-psikoloji","6":"product_cat-psikoloji","7":"pa_cilt-ciltsiz","8":"pa_tur-kitap","9":"pa_yayinevi-albaraka-yayinlari","10":"pa_yazar-catherine-meyer","12":"first","13":"instock","14":"sale","15":"shipping-taxable","16":"purchasable","17":"product-type-simple"},"_links":{"self":[{"href":"https:\/\/roveyayinevi.com.tr\/index.php\/wp-json\/wp\/v2\/product\/781506","targetHints":{"allow":["GET"]}}],"collection":[{"href":"https:\/\/roveyayinevi.com.tr\/index.php\/wp-json\/wp\/v2\/product"}],"about":[{"href":"https:\/\/roveyayinevi.com.tr\/index.php\/wp-json\/wp\/v2\/types\/product"}],"wp:attachment":[{"href":"https:\/\/roveyayinevi.com.tr\/index.php\/wp-json\/wp\/v2\/media?parent=781506"}],"wp:term":[{"taxonomy":"product_brand","embeddable":true,"href":"https:\/\/roveyayinevi.com.tr\/index.php\/wp-json\/wp\/v2\/product_brand?post=781506"},{"taxonomy":"product_cat","embeddable":true,"href":"https:\/\/roveyayinevi.com.tr\/index.php\/wp-json\/wp\/v2\/product_cat?post=781506"},{"taxonomy":"product_tag","embeddable":true,"href":"https:\/\/roveyayinevi.com.tr\/index.php\/wp-json\/wp\/v2\/product_tag?post=781506"}],"curies":[{"name":"wp","href":"https:\/\/api.w.org\/{rel}","templated":true}]}}