{"id":781501,"date":"2026-01-24T02:50:58","date_gmt":"2026-01-23T23:50:58","guid":{"rendered":"https:\/\/roveyayinevi.com.tr\/index.php\/urun\/hareket-halindeki-zihin\/"},"modified":"2026-04-16T02:35:26","modified_gmt":"2026-04-15T23:35:26","slug":"hareket-halindeki-zihin","status":"publish","type":"product","link":"https:\/\/roveyayinevi.com.tr\/index.php\/urun\/hareket-halindeki-zihin\/","title":{"rendered":"Hareket Halindeki Zihin"},"content":{"rendered":"<p>S\u00f6zc\u00fcklerle d\u00fc\u015f\u00fcn\u00fcyoruz; kurdu\u011fumuz d\u00fc\u015f\u00fcnce sistemleri s\u00f6zc\u00fcklere dayan\u0131yor. Fakat atalar\u0131m\u0131z konu\u015fmuyordu. Bebekler de konu\u015fmuyor. Ama yine de d\u00fc\u015f\u00fcn\u00fcyorlar. Dile sahip olmadan \u00f6nce d\u00fc\u015f\u00fcnebiliyorsak, bu durumda bizim d\u00fc\u015f\u00fcncelerimizi olu\u015fturan asl\u0131nda nedir? Psikolog Barbara Tversky d\u00fc\u015f\u00fcncenin ger\u00e7ek temelinin dil de\u011fil, hareket ve uzamdaki etkile\u015fimlerimiz oldu\u011funu s\u00f6yl\u00fcyor. Uzamsal d\u00fc\u015f\u00fcn\u00fc\u015f, bedenlerimizden ve bedenlerimizin d\u00fcnyadaki eylemlerinden anlam \u00e7\u0131karmam\u0131za olanak sa\u011fl\u0131yor. Haritalar\u0131 yaratma ve kullanma becerimizin, mobilya montaj\u0131 yapabilmemizin, futbol stratejileri olu\u015fturmam\u0131z\u0131n, binalar tasarlayabilmemizin, sanat \u00fcretebilmemizin, insanlar\u0131n, trafi\u011fin, suyun ve fikirlerin ak\u0131\u015f\u0131n\u0131 anlayabilmemizin alt\u0131nda yatan \u015fey, uzamsal d\u00fc\u015f\u00fcn\u00fc\u015f. D\u00fc\u015f\u00fcnce \u00fczerindeki eylemler de, nesneler \u00fczerindeki eylemler gibi. Bilim, sanat, edebiyat, d\u00fcnya tarihinin b\u00fcy\u00fck fikirleri sadece beyinlerimizden de\u011fil, t\u00fcm bedenimizden do\u011fdu. Hareket Halindeki Zihin nas\u0131l d\u00fc\u015f\u00fcnd\u00fc\u011f\u00fcm\u00fcz konusunda yepyeni bir bak\u0131\u015f ortaya koyuyor.<\/p>\n","protected":false},"excerpt":{"rendered":"<p>S\u00f6zc\u00fcklerle d\u00fc\u015f\u00fcn\u00fcyoruz; kurdu\u011fumuz d\u00fc\u015f\u00fcnce sistemleri s\u00f6zc\u00fcklere dayan\u0131yor. Fakat atalar\u0131m\u0131z konu\u015fmuyordu. Bebekler de konu\u015fmuyor. Ama yine de d\u00fc\u015f\u00fcn\u00fcyorlar. Dile sahip olmadan \u00f6nce d\u00fc\u015f\u00fcnebiliyorsak, bu durumda bizim d\u00fc\u015f\u00fcncelerimizi<span class=\"excerpt-hellip\"> [\u2026]<\/span><\/p>\n","protected":false},"featured_media":0,"template":"","meta":{"_monsterinsights_skip_tracking":false,"_monsterinsights_sitenote_active":false,"_monsterinsights_sitenote_note":"","_monsterinsights_sitenote_category":0},"product_brand":[],"product_cat":[20502,12357],"product_tag":[],"class_list":{"0":"post-781501","1":"product","2":"type-product","3":"status-publish","5":"product_cat-basvuru-kitaplari-psikoloji","6":"product_cat-psikoloji","7":"pa_cilt-ciltsiz","8":"pa_tur-kitap","9":"pa_yayinevi-tellekt","10":"pa_yazar-barbara-tversky","12":"first","13":"instock","14":"sale","15":"shipping-taxable","16":"purchasable","17":"product-type-simple"},"_links":{"self":[{"href":"https:\/\/roveyayinevi.com.tr\/index.php\/wp-json\/wp\/v2\/product\/781501","targetHints":{"allow":["GET"]}}],"collection":[{"href":"https:\/\/roveyayinevi.com.tr\/index.php\/wp-json\/wp\/v2\/product"}],"about":[{"href":"https:\/\/roveyayinevi.com.tr\/index.php\/wp-json\/wp\/v2\/types\/product"}],"wp:attachment":[{"href":"https:\/\/roveyayinevi.com.tr\/index.php\/wp-json\/wp\/v2\/media?parent=781501"}],"wp:term":[{"taxonomy":"product_brand","embeddable":true,"href":"https:\/\/roveyayinevi.com.tr\/index.php\/wp-json\/wp\/v2\/product_brand?post=781501"},{"taxonomy":"product_cat","embeddable":true,"href":"https:\/\/roveyayinevi.com.tr\/index.php\/wp-json\/wp\/v2\/product_cat?post=781501"},{"taxonomy":"product_tag","embeddable":true,"href":"https:\/\/roveyayinevi.com.tr\/index.php\/wp-json\/wp\/v2\/product_tag?post=781501"}],"curies":[{"name":"wp","href":"https:\/\/api.w.org\/{rel}","templated":true}]}}