{"id":781500,"date":"2026-01-24T02:50:03","date_gmt":"2026-01-23T23:50:03","guid":{"rendered":"https:\/\/roveyayinevi.com.tr\/index.php\/urun\/icsel-erkek\/"},"modified":"2026-04-08T02:43:33","modified_gmt":"2026-04-07T23:43:33","slug":"icsel-erkek","status":"publish","type":"product","link":"https:\/\/roveyayinevi.com.tr\/index.php\/urun\/icsel-erkek\/","title":{"rendered":"\u0130\u00e7sel Erkek"},"content":{"rendered":"<p>C\u0130NS\u0130YETLER ARASINDAK\u0130 \u0130L\u0130\u015eK\u0130 SORUNLARINA YEN\u0130 B\u0130R BAKI\u015e A\u00c7ISI \u201cG\u00fc\u00e7l\u00fc ve kal\u0131c\u0131 bir ili\u015fki kurmak isteyen herkese hitap eden bir kitap.\u201d \u2013Profes\u00f6r Eugene August  \u201cHem erkeklerin hem de kad\u0131nlar\u0131n ihtiyac\u0131 olan ayd\u0131nlat\u0131c\u0131, yarat\u0131c\u0131 ve ba\u011f\u0131ms\u0131z bir analiz.\u201d \u2013Dr. Warren Farrell  70\u2019lerde kad\u0131nlar kendilerini g\u00fc\u00e7l\u00fc ve ba\u011f\u0131ms\u0131z ilan ettiler; erkekler ise a\u00e7\u0131k ve ilgili olma \u00e7abas\u0131yla mask\u00fclen z\u0131rhlar\u0131n\u0131 \u00e7\u0131kard\u0131lar. Sonraki y\u0131llarda erkekler z\u0131rhlar\u0131n\u0131 \u00e7\u0131karman\u0131n tehlikeli olabilece\u011fini ke\u015ffederken, kad\u0131nlar h\u00e2l\u00e2 parlak z\u0131rhlar\u0131 i\u00e7indeki \u015f\u00f6valyelerini bekliyordu. Bu kitap, zengin vaka \u00f6yk\u00fcleri ve \u015fefkatli bilgelik yoluyla erkeklerle kad\u0131nlar\u0131n nas\u0131l karma\u015f\u0131k sinyal ve duygu zorluklar\u0131n\u0131n \u00fcstesinden gelebileceklerini ve birbirilerini daha a\u00e7\u0131k ve d\u00fcr\u00fcst bir \u015fekilde nas\u0131l sevebileceklerini g\u00f6steriyor.  Bu esasl\u0131 k\u0131lavuzda, d\u00fcnyada k\u00fclt bir kitap olan Erkek Olman\u0131n Tehlikeleri&#8217;nin yazar\u0131 Dr. Herb Goldberg, kar\u015f\u0131 cinsler aras\u0131nda ileti\u015fim bozuklu\u011funa yol a\u00e7an y\u0131k\u0131c\u0131 rolleri nas\u0131l tan\u0131yaca\u011f\u0131n\u0131z\u0131 ve bunlardan nas\u0131l sak\u0131naca\u011f\u0131n\u0131z\u0131 anlat\u0131yor:  Erkeklerle kad\u0131nlar\u0131n neden birbirleriyle konu\u015famad\u0131klar\u0131n\u0131 ke\u015ffedin. \u00d6zg\u00fcrl\u00fck sonras\u0131 karma\u015f\u0131k mesajlar\u0131 de\u015fifre edin. \u00d6zg\u00fcrle\u015fmi\u015f erkeklerle kad\u0131nlar\u0131n oynad\u0131klar\u0131 eski oyunlar\u0131n \u201cyeni ve geli\u015ftirilmi\u015f\u201d kurallar\u0131n\u0131 tan\u0131y\u0131n. Yeni duyarl\u0131l\u0131\u011f\u0131n\u0131z\u0131n yol a\u00e7abilece\u011fi a\u00e7\u0131k yaralar\u0131 iz b\u0131rakmadan iyile\u015ftirin. Yak\u0131nla\u015fma engellerinin \u00fcstesinden gelmek elinizde!<\/p>\n","protected":false},"excerpt":{"rendered":"<p>C\u0130NS\u0130YETLER ARASINDAK\u0130 \u0130L\u0130\u015eK\u0130 SORUNLARINA YEN\u0130 B\u0130R BAKI\u015e A\u00c7ISI \u201cG\u00fc\u00e7l\u00fc ve kal\u0131c\u0131 bir ili\u015fki kurmak isteyen herkese hitap eden bir kitap.\u201d \u2013Profes\u00f6r Eugene August \u201cHem erkeklerin hem<span class=\"excerpt-hellip\"> [\u2026]<\/span><\/p>\n","protected":false},"featured_media":0,"template":"","meta":{"_monsterinsights_skip_tracking":false,"_monsterinsights_sitenote_active":false,"_monsterinsights_sitenote_note":"","_monsterinsights_sitenote_category":0},"product_brand":[],"product_cat":[12364,12376],"product_tag":[],"class_list":{"0":"post-781500","1":"product","2":"type-product","3":"status-publish","5":"product_cat-genel-konular","6":"product_cat-kisisel-gelisim","7":"pa_cilt-ciltsiz","8":"pa_tur-kitap","9":"pa_yayinevi-totem-yayinlari","10":"pa_yazar-herb-goldberg","12":"first","13":"instock","14":"sale","15":"shipping-taxable","16":"purchasable","17":"product-type-simple"},"_links":{"self":[{"href":"https:\/\/roveyayinevi.com.tr\/index.php\/wp-json\/wp\/v2\/product\/781500","targetHints":{"allow":["GET"]}}],"collection":[{"href":"https:\/\/roveyayinevi.com.tr\/index.php\/wp-json\/wp\/v2\/product"}],"about":[{"href":"https:\/\/roveyayinevi.com.tr\/index.php\/wp-json\/wp\/v2\/types\/product"}],"wp:attachment":[{"href":"https:\/\/roveyayinevi.com.tr\/index.php\/wp-json\/wp\/v2\/media?parent=781500"}],"wp:term":[{"taxonomy":"product_brand","embeddable":true,"href":"https:\/\/roveyayinevi.com.tr\/index.php\/wp-json\/wp\/v2\/product_brand?post=781500"},{"taxonomy":"product_cat","embeddable":true,"href":"https:\/\/roveyayinevi.com.tr\/index.php\/wp-json\/wp\/v2\/product_cat?post=781500"},{"taxonomy":"product_tag","embeddable":true,"href":"https:\/\/roveyayinevi.com.tr\/index.php\/wp-json\/wp\/v2\/product_tag?post=781500"}],"curies":[{"name":"wp","href":"https:\/\/api.w.org\/{rel}","templated":true}]}}