{"id":781499,"date":"2026-01-24T02:49:03","date_gmt":"2026-01-23T23:49:03","guid":{"rendered":"https:\/\/roveyayinevi.com.tr\/index.php\/urun\/bir-yanilsamanin-gelecegi-3\/"},"modified":"2026-01-26T02:53:36","modified_gmt":"2026-01-25T23:53:36","slug":"bir-yanilsamanin-gelecegi-3","status":"publish","type":"product","link":"https:\/\/roveyayinevi.com.tr\/index.php\/urun\/bir-yanilsamanin-gelecegi-3\/","title":{"rendered":"Bir Yan\u0131lsaman\u0131n Gelece\u011fi"},"content":{"rendered":"<p>Yirminci y\u00fczy\u0131l\u0131n en b\u00fcy\u00fck psikanalisti kabul edilen Sigmund Freud bu eserinde inanc\u0131n insan ya\u015fam\u0131ndaki rol\u00fcn\u00fc, bizim i\u00e7in ne anlama geldi\u011fini ve bir t\u00fcr olarak neden ona do\u011fru e\u011fildi\u011fimizi ara\u015ft\u0131rd\u0131. Freud, y\u00fczy\u0131l\u0131n ba\u015flar\u0131nda inan\u00e7lar\u0131 psikanalitik olarak d\u00fc\u015f\u00fcnmeye ve yaz\u0131lar\u0131nda tart\u0131\u015fmaya ba\u015flad\u0131. \u0130nan\u00e7lar\u0131n k\u00f6kenini a\u00e7\u0131klamak i\u00e7in baba merkezli psikolojik konseptleri kullanm\u0131\u015ft\u0131. Bir Yan\u0131lsaman\u0131n Gelece\u011fi, bu yakla\u015f\u0131m\u0131 &#8220;medeni&#8221; inan\u00e7lara do\u011fru geni\u015fletti ve b\u00f6ylece psikoloji ve din aras\u0131nda bir ba\u011f kurulmas\u0131na yard\u0131mc\u0131 oldu. Freud&#8217;un geli\u015ftirdi\u011fi ili\u015fki konsepti o zamandan beri a\u011f\u0131r ate\u015f alt\u0131nda kalsa da Freud&#8217;un b\u00f6yle bir ili\u015fkiyi olu\u015fturmak i\u00e7in yapt\u0131\u011f\u0131 \u00f6nc\u00fc \u00e7al\u0131\u015fmalar, dini \u00e7al\u0131\u015fmalara da kal\u0131c\u0131 katk\u0131lar sundu.  \u201cBir Yan\u0131lsaman\u0131n Gelece\u011fi\u201d, Freud&#8217;un inan\u00e7lar\u0131 psikanalitik olarak yorumlanmas\u0131n\u0131 anlat\u0131r ve onun ya\u015fam boyu s\u00fcren bir d\u00fc\u015f\u00fcnce modelinin doruk noktas\u0131d\u0131r. <\/p>\n","protected":false},"excerpt":{"rendered":"<p>Yirminci y\u00fczy\u0131l\u0131n en b\u00fcy\u00fck psikanalisti kabul edilen Sigmund Freud bu eserinde inanc\u0131n insan ya\u015fam\u0131ndaki rol\u00fcn\u00fc, bizim i\u00e7in ne anlama geldi\u011fini ve bir t\u00fcr olarak neden ona<span class=\"excerpt-hellip\"> [\u2026]<\/span><\/p>\n","protected":false},"featured_media":0,"template":"","meta":{"_monsterinsights_skip_tracking":false,"_monsterinsights_sitenote_active":false,"_monsterinsights_sitenote_note":"","_monsterinsights_sitenote_category":0},"product_brand":[],"product_cat":[12755,12357],"product_tag":[],"class_list":{"0":"post-781499","1":"product","2":"type-product","3":"status-publish","5":"product_cat-gelisim-psikolojisi","6":"product_cat-psikoloji","7":"pa_cilt-ciltsiz","8":"pa_tur-kitap","9":"pa_yayinevi-ikilem-yayinevi","10":"pa_yazar-sigmund-freud","12":"first","13":"instock","14":"sale","15":"shipping-taxable","16":"purchasable","17":"product-type-simple"},"_links":{"self":[{"href":"https:\/\/roveyayinevi.com.tr\/index.php\/wp-json\/wp\/v2\/product\/781499","targetHints":{"allow":["GET"]}}],"collection":[{"href":"https:\/\/roveyayinevi.com.tr\/index.php\/wp-json\/wp\/v2\/product"}],"about":[{"href":"https:\/\/roveyayinevi.com.tr\/index.php\/wp-json\/wp\/v2\/types\/product"}],"wp:attachment":[{"href":"https:\/\/roveyayinevi.com.tr\/index.php\/wp-json\/wp\/v2\/media?parent=781499"}],"wp:term":[{"taxonomy":"product_brand","embeddable":true,"href":"https:\/\/roveyayinevi.com.tr\/index.php\/wp-json\/wp\/v2\/product_brand?post=781499"},{"taxonomy":"product_cat","embeddable":true,"href":"https:\/\/roveyayinevi.com.tr\/index.php\/wp-json\/wp\/v2\/product_cat?post=781499"},{"taxonomy":"product_tag","embeddable":true,"href":"https:\/\/roveyayinevi.com.tr\/index.php\/wp-json\/wp\/v2\/product_tag?post=781499"}],"curies":[{"name":"wp","href":"https:\/\/api.w.org\/{rel}","templated":true}]}}