{"id":781498,"date":"2026-01-24T02:49:01","date_gmt":"2026-01-23T23:49:01","guid":{"rendered":"https:\/\/roveyayinevi.com.tr\/index.php\/urun\/haz-ilkesinin-otesinde-3\/"},"modified":"2026-01-26T02:53:36","modified_gmt":"2026-01-25T23:53:36","slug":"haz-ilkesinin-otesinde-3","status":"publish","type":"product","link":"https:\/\/roveyayinevi.com.tr\/index.php\/urun\/haz-ilkesinin-otesinde-3\/","title":{"rendered":"Haz \u0130lkesinin \u00d6tesinde"},"content":{"rendered":"<p>\u201cYa\u015fam\u0131n b\u00fct\u00fcn amac\u0131 \u00f6l\u00fcmd\u00fcr!\u201d Freud\u2019un metapsikolojisinin temel ta\u015f\u0131 olan Haz \u0130lkesinin \u00d6tesinde, Freud&#8217;un en yo\u011fun tart\u0131\u015f\u0131lan eserleri aras\u0131ndad\u0131r ve ortaya koydu\u011fu \u00f6nemli sorular bir y\u00fczy\u0131l sonra bile geni\u015f bir \u015fekilde tart\u0131\u015f\u0131lmaya devam etmektedir. Freud, zihnin devaml\u0131 olarak kendi gerginli\u011fini azaltmaya ve uyaran ak\u0131\u015f\u0131n\u0131 m\u00fcmk\u00fcn oldu\u011funca d\u00fc\u015f\u00fck tutmaya \u00e7al\u0131\u015ft\u0131\u011f\u0131n\u0131 ileri s\u00fcrer. Freud\u2019a g\u00f6re zihinsel ya\u015fam\u0131n nihai hedefi, uyaranlar\u0131n tamamen yok olmas\u0131d\u0131r. Kitapta \u00f6ne s\u00fcr\u00fclen teoriler zihnin kendisine sald\u0131r\u0131s\u0131, negatif narsisizm ve \u00f6l\u00fcme yak\u0131n deneyimlere ba\u011f\u0131ml\u0131l\u0131k ile ilgili sonraki teorilere bir yol olu\u015fturmu\u015ftur. Haz ilkesi konsepti ayn\u0131 zamanda Bat\u0131 psikanalizi ile ya\u015fam ve \u00f6l\u00fcm hakk\u0131ndaki Do\u011fu perspektifleri aras\u0131nda ba\u011flant\u0131 kurmaya yard\u0131mc\u0131 olmu\u015ftur ve bu kitab\u0131 psikoloji, tarih ve edebiyat okurlar\u0131 i\u00e7in \u00f6nemli bir kaynak haline getirmi\u015ftir. <\/p>\n","protected":false},"excerpt":{"rendered":"<p>\u201cYa\u015fam\u0131n b\u00fct\u00fcn amac\u0131 \u00f6l\u00fcmd\u00fcr!\u201d Freud\u2019un metapsikolojisinin temel ta\u015f\u0131 olan Haz \u0130lkesinin \u00d6tesinde, Freud&#8217;un en yo\u011fun tart\u0131\u015f\u0131lan eserleri aras\u0131ndad\u0131r ve ortaya koydu\u011fu \u00f6nemli sorular bir y\u00fczy\u0131l sonra<span class=\"excerpt-hellip\"> [\u2026]<\/span><\/p>\n","protected":false},"featured_media":0,"template":"","meta":{"_monsterinsights_skip_tracking":false,"_monsterinsights_sitenote_active":false,"_monsterinsights_sitenote_note":"","_monsterinsights_sitenote_category":0},"product_brand":[],"product_cat":[12755,12357],"product_tag":[],"class_list":{"0":"post-781498","1":"product","2":"type-product","3":"status-publish","5":"product_cat-gelisim-psikolojisi","6":"product_cat-psikoloji","7":"pa_cilt-ciltsiz","8":"pa_tur-kitap","9":"pa_yayinevi-ikilem-yayinevi","10":"pa_yazar-sigmund-freud","12":"first","13":"instock","14":"sale","15":"shipping-taxable","16":"purchasable","17":"product-type-simple"},"_links":{"self":[{"href":"https:\/\/roveyayinevi.com.tr\/index.php\/wp-json\/wp\/v2\/product\/781498","targetHints":{"allow":["GET"]}}],"collection":[{"href":"https:\/\/roveyayinevi.com.tr\/index.php\/wp-json\/wp\/v2\/product"}],"about":[{"href":"https:\/\/roveyayinevi.com.tr\/index.php\/wp-json\/wp\/v2\/types\/product"}],"wp:attachment":[{"href":"https:\/\/roveyayinevi.com.tr\/index.php\/wp-json\/wp\/v2\/media?parent=781498"}],"wp:term":[{"taxonomy":"product_brand","embeddable":true,"href":"https:\/\/roveyayinevi.com.tr\/index.php\/wp-json\/wp\/v2\/product_brand?post=781498"},{"taxonomy":"product_cat","embeddable":true,"href":"https:\/\/roveyayinevi.com.tr\/index.php\/wp-json\/wp\/v2\/product_cat?post=781498"},{"taxonomy":"product_tag","embeddable":true,"href":"https:\/\/roveyayinevi.com.tr\/index.php\/wp-json\/wp\/v2\/product_tag?post=781498"}],"curies":[{"name":"wp","href":"https:\/\/api.w.org\/{rel}","templated":true}]}}