{"id":781497,"date":"2026-01-24T02:45:58","date_gmt":"2026-01-23T23:45:58","guid":{"rendered":"https:\/\/roveyayinevi.com.tr\/index.php\/urun\/ergen-cocugunuz-ve-siz\/"},"modified":"2026-04-16T02:32:25","modified_gmt":"2026-04-15T23:32:25","slug":"ergen-cocugunuz-ve-siz","status":"publish","type":"product","link":"https:\/\/roveyayinevi.com.tr\/index.php\/urun\/ergen-cocugunuz-ve-siz\/","title":{"rendered":"Ergen \u00c7ocu\u011funuz ve Siz"},"content":{"rendered":"<p>\u201c\u00c7ok y\u00f6nl\u00fc tavsiyelerin oldu\u011fu net, iyi d\u00fc\u015f\u00fcn\u00fclm\u00fc\u015f bir kitap&#8230; Okunacak de\u011ferli bir eser.\u201d                                                                                                            John Cotter, The Washington Post \u201cErgen \u00c7ocu\u011funuz ve Siz, ergenlerin anababalar\u0131na y\u00f6nelik somut \u00f6nerilerle dolu, klasik haline gelmi\u015f kitaplardand\u0131r.\u201d                                                                                                               Publishers Weekly \u201cUygulamal\u0131 bilgiler ve \u00f6nerilerle birlikte geni\u015f bir rehber.\u201d                                                                                                               Library Journal Laurence Steinberg, tan\u0131nm\u0131\u015f bir \u00fcniversite hocas\u0131d\u0131r ve ergen geli\u015fim psikolojisi alan\u0131nda uluslararas\u0131 tan\u0131n\u0131rl\u0131\u011f\u0131 olan bir uzmand\u0131r. Amerikan Psikoloji Derne\u011finin Geli\u015fimsel Psikoloji B\u00f6l\u00fcm\u00fcn\u00fcn ve Ergenlik Ara\u015ft\u0131rmalar\u0131 Toplulu\u011funun ba\u015fkanl\u0131klar\u0131n\u0131 yapm\u0131\u015ft\u0131r. Genelde \u00fcniversite mezunlar\u0131n\u0131n anababalar\u0131na daha uzun s\u00fcre ba\u011f\u0131ml\u0131 kald\u0131\u011f\u0131n\u0131 fark eden Steinberg, yeni anababa-\u00e7ocuk dinamikleriyle birlikte 25 ya\u015f\u0131na kadar uzayan geni\u015f bir ergenlik tan\u0131m\u0131 yapm\u0131\u015ft\u0131r. \u00d6n ergenlikte ve gen\u00e7 yeniyetmelikte olan \u00e7ocuklar\u0131n\u0131n sosyal medyay\u0131 ve di\u011fer yeni g\u00fcncel ileti\u015fim ara\u00e7lar\u0131n\u0131 kullan\u0131m \u015feklini anababalar\u0131n g\u00f6zetim alt\u0131nda tutup tutmamas\u0131 gerekti\u011fine ili\u015fkin tart\u0131\u015fmalara da kitapta yer vermi\u015ftir. Yeniyetme davran\u0131\u015f\u0131n\u0131 ergen beyninin g\u00fcncel ara\u015ft\u0131rmalar\u0131n\u0131n \u0131\u015f\u0131\u011f\u0131nda a\u00e7\u0131klamaya \u00e7al\u0131\u015f\u0131rken \u201cbug\u00fcn\u00fcn anababalar\u0131n\u0131n ihtiyac\u0131n\u0131n sab\u0131r de\u011fil bilgi oldu\u011fu\u201d anlay\u0131\u015f\u0131yla anababalara harika bir rehber olacak bu kitab\u0131 sunmu\u015ftur. <\/p>\n","protected":false},"excerpt":{"rendered":"<p>\u201c\u00c7ok y\u00f6nl\u00fc tavsiyelerin oldu\u011fu net, iyi d\u00fc\u015f\u00fcn\u00fclm\u00fc\u015f bir kitap&#8230; Okunacak de\u011ferli bir eser.\u201d John Cotter, The Washington Post \u201cErgen \u00c7ocu\u011funuz ve Siz, ergenlerin anababalar\u0131na y\u00f6nelik somut<span class=\"excerpt-hellip\"> [\u2026]<\/span><\/p>\n","protected":false},"featured_media":0,"template":"","meta":{"_monsterinsights_skip_tracking":false,"_monsterinsights_sitenote_active":false,"_monsterinsights_sitenote_note":"","_monsterinsights_sitenote_category":0},"product_brand":[],"product_cat":[12755,12357],"product_tag":[],"class_list":{"0":"post-781497","1":"product","2":"type-product","3":"status-publish","5":"product_cat-gelisim-psikolojisi","6":"product_cat-psikoloji","7":"pa_cilt-ciltsiz","8":"pa_tur-kitap","9":"pa_yayinevi-imge-kitabevi-yayinlari","10":"pa_yazar-laurence-steinberg","12":"first","13":"instock","14":"sale","15":"shipping-taxable","16":"purchasable","17":"product-type-simple"},"_links":{"self":[{"href":"https:\/\/roveyayinevi.com.tr\/index.php\/wp-json\/wp\/v2\/product\/781497","targetHints":{"allow":["GET"]}}],"collection":[{"href":"https:\/\/roveyayinevi.com.tr\/index.php\/wp-json\/wp\/v2\/product"}],"about":[{"href":"https:\/\/roveyayinevi.com.tr\/index.php\/wp-json\/wp\/v2\/types\/product"}],"wp:attachment":[{"href":"https:\/\/roveyayinevi.com.tr\/index.php\/wp-json\/wp\/v2\/media?parent=781497"}],"wp:term":[{"taxonomy":"product_brand","embeddable":true,"href":"https:\/\/roveyayinevi.com.tr\/index.php\/wp-json\/wp\/v2\/product_brand?post=781497"},{"taxonomy":"product_cat","embeddable":true,"href":"https:\/\/roveyayinevi.com.tr\/index.php\/wp-json\/wp\/v2\/product_cat?post=781497"},{"taxonomy":"product_tag","embeddable":true,"href":"https:\/\/roveyayinevi.com.tr\/index.php\/wp-json\/wp\/v2\/product_tag?post=781497"}],"curies":[{"name":"wp","href":"https:\/\/api.w.org\/{rel}","templated":true}]}}