{"id":781492,"date":"2026-01-24T02:24:29","date_gmt":"2026-01-23T23:24:29","guid":{"rendered":"https:\/\/roveyayinevi.com.tr\/index.php\/urun\/milliyetcilik-4\/"},"modified":"2026-04-16T02:17:37","modified_gmt":"2026-04-15T23:17:37","slug":"milliyetcilik-4","status":"publish","type":"product","link":"https:\/\/roveyayinevi.com.tr\/index.php\/urun\/milliyetcilik-4\/","title":{"rendered":"Milliyetcilik"},"content":{"rendered":"<p>Milliyet\u00e7ilik \u00e7al\u0131\u015fmalar\u0131 sahas\u0131n\u0131n ya\u015fayan en \u00f6nemli otoritelerinden Liah Greenfeld, bu abidevi eserde tarih, sosyoloji, edebiyat, ilahiyat ve siyaset bilimi gibi disiplinleri bir araya getirerek, modern d\u00fcnyan\u0131n \u015fekillenmesinde belirleyici oldu\u011fu kabul edilen be\u015f \u00fclkenin milliyet\u00e7ilik tecr\u00fcbelerini muazzam bir kurgu i\u00e7inde ele al\u0131yor. \u0130ngiltere, Fransa, Rusya, Almanya ve ABD\u2019deki modernle\u015fme-milliyet\u00e7ilik ili\u015fkisini bu \u00fclkelerin kendi dillerinden okuyan Greenfeld ortaya modernle\u015fmenin, milletlerin olu\u015fumunun ve milliyet\u00e7ili\u011fin \u201ch\u0131n\u00e7\u201d ve \u201cgurur\u201d aras\u0131nda sal\u0131nan hik\u00e2yesini koyuyor. Milliyet\u00e7ilik, Greenfeld\u2019in T\u00fcrk\u00e7e bask\u0131 i\u00e7in kaleme ald\u0131\u011f\u0131 ve milliyet\u00e7ili\u011fin bug\u00fcn\u00fcne \u0131\u015f\u0131k tutan \u00f6ns\u00f6z\u00fcyle birlikte, milli kimliklerin geni\u015f bir zaman dilimindeki olu\u015fumu ve milliyet\u00e7ili\u011fin politik sonu\u00e7lar\u0131 \u00fczerine s\u0131rad\u0131\u015f\u0131 bir analiz ve bir ba\u015fucu kitab\u0131d\u0131r.  \u201cLiah Greenfeld muhte\u015fem bir kitap yazm\u0131\u015f&#8230; \u00c7\u0131tay\u0131 o kadar y\u00fckselti ki, art\u0131k milliyet\u00e7ilik hakk\u0131nda yazmak \u00e7ok zor.\u201d\u2013Michael Walzer, Institute for Advanced Study, Princeton \u201c\u00c7ok kapsaml\u0131, bilgi dolu ve ayd\u0131nlat\u0131c\u0131 bir \u00e7al\u0131\u015fma.\u201d \u2013John Gray, New York Review of Books \u201cAdeta ansiklopedik bir eser\u2026 Greenfeld\u2019in ortaya koydu\u011fu emek sadece etkileyici de\u011fil, ayn\u0131 zamanda kahramanca.\u201d\u2013Walter Laqueur, The Washington Post Book World<\/p>\n","protected":false},"excerpt":{"rendered":"<p>Milliyet\u00e7ilik \u00e7al\u0131\u015fmalar\u0131 sahas\u0131n\u0131n ya\u015fayan en \u00f6nemli otoritelerinden Liah Greenfeld, bu abidevi eserde tarih, sosyoloji, edebiyat, ilahiyat ve siyaset bilimi gibi disiplinleri bir araya getirerek, modern d\u00fcnyan\u0131n<span class=\"excerpt-hellip\"> [\u2026]<\/span><\/p>\n","protected":false},"featured_media":0,"template":"","meta":{"_monsterinsights_skip_tracking":false,"_monsterinsights_sitenote_active":false,"_monsterinsights_sitenote_note":"","_monsterinsights_sitenote_category":0},"product_brand":[],"product_cat":[12337,14543],"product_tag":[],"class_list":{"0":"post-781492","1":"product","2":"type-product","3":"status-publish","5":"product_cat-politika-siyaset","6":"product_cat-turkiye-siyaseti-ve-politikasi","7":"pa_cilt-ciltsiz","8":"pa_tur-kitap","9":"pa_yayinevi-alfa-yayinlari","10":"pa_yazar-liah-greenfeld","12":"first","13":"instock","14":"sale","15":"shipping-taxable","16":"purchasable","17":"product-type-simple"},"_links":{"self":[{"href":"https:\/\/roveyayinevi.com.tr\/index.php\/wp-json\/wp\/v2\/product\/781492","targetHints":{"allow":["GET"]}}],"collection":[{"href":"https:\/\/roveyayinevi.com.tr\/index.php\/wp-json\/wp\/v2\/product"}],"about":[{"href":"https:\/\/roveyayinevi.com.tr\/index.php\/wp-json\/wp\/v2\/types\/product"}],"wp:attachment":[{"href":"https:\/\/roveyayinevi.com.tr\/index.php\/wp-json\/wp\/v2\/media?parent=781492"}],"wp:term":[{"taxonomy":"product_brand","embeddable":true,"href":"https:\/\/roveyayinevi.com.tr\/index.php\/wp-json\/wp\/v2\/product_brand?post=781492"},{"taxonomy":"product_cat","embeddable":true,"href":"https:\/\/roveyayinevi.com.tr\/index.php\/wp-json\/wp\/v2\/product_cat?post=781492"},{"taxonomy":"product_tag","embeddable":true,"href":"https:\/\/roveyayinevi.com.tr\/index.php\/wp-json\/wp\/v2\/product_tag?post=781492"}],"curies":[{"name":"wp","href":"https:\/\/api.w.org\/{rel}","templated":true}]}}