{"id":781482,"date":"2026-01-23T04:00:48","date_gmt":"2026-01-23T01:00:48","guid":{"rendered":"https:\/\/roveyayinevi.com.tr\/index.php\/urun\/denizle-bir-yaz-gunu-macerasi\/"},"modified":"2026-04-15T03:46:03","modified_gmt":"2026-04-15T00:46:03","slug":"denizle-bir-yaz-gunu-macerasi","status":"publish","type":"product","link":"https:\/\/roveyayinevi.com.tr\/index.php\/urun\/denizle-bir-yaz-gunu-macerasi\/","title":{"rendered":"Deniz\u2019le Bir Yaz G\u00fcn\u00fc Maceras\u0131"},"content":{"rendered":"<p>Deniz, i\u00e7inden geldi\u011fi gibi ya\u015fayan bir \u00e7ocuk. Do\u011fayla zarif bir uyum i\u00e7inde, anda kalman\u0131n ve sade mutlulu\u011fun hakk\u0131n\u0131 veriyor. Duyarl\u0131 g\u00f6zlem g\u00fcc\u00fcyle bize ya\u015fam\u0131n en saf h\u00e2lini resmediyor: \u00e7ocukluk. Onda \u00e7abay\u0131, merak\u0131 ve ke\u015ffetmenin sevinciyle parlayan bir \u0131\u015f\u0131\u011f\u0131 g\u00f6r\u00fcyoruz. Ayd\u0131nl\u0131k bir zihinle, ayd\u0131nl\u0131k bir kalbin bulu\u015ftu\u011fu o nadir dengeyi\u2026<\/p>\n","protected":false},"excerpt":{"rendered":"<p>Deniz, i\u00e7inden geldi\u011fi gibi ya\u015fayan bir \u00e7ocuk. Do\u011fayla zarif bir uyum i\u00e7inde, anda kalman\u0131n ve sade mutlulu\u011fun hakk\u0131n\u0131 veriyor. Duyarl\u0131 g\u00f6zlem g\u00fcc\u00fcyle bize ya\u015fam\u0131n en saf<span class=\"excerpt-hellip\"> [\u2026]<\/span><\/p>\n","protected":false},"featured_media":0,"template":"","meta":{"_monsterinsights_skip_tracking":false,"_monsterinsights_sitenote_active":false,"_monsterinsights_sitenote_note":"","_monsterinsights_sitenote_category":0},"product_brand":[],"product_cat":[12274,12284],"product_tag":[],"class_list":{"0":"post-781482","1":"product","2":"type-product","3":"status-publish","5":"product_cat-cocuk-ve-genclik-kitaplari","6":"product_cat-hikayeler","7":"pa_cilt-ciltsiz","8":"pa_tur-kitap","9":"pa_yayinevi-perseus","10":"pa_yazar-dilek-vural","12":"first","13":"instock","14":"sale","15":"shipping-taxable","16":"purchasable","17":"product-type-simple"},"_links":{"self":[{"href":"https:\/\/roveyayinevi.com.tr\/index.php\/wp-json\/wp\/v2\/product\/781482","targetHints":{"allow":["GET"]}}],"collection":[{"href":"https:\/\/roveyayinevi.com.tr\/index.php\/wp-json\/wp\/v2\/product"}],"about":[{"href":"https:\/\/roveyayinevi.com.tr\/index.php\/wp-json\/wp\/v2\/types\/product"}],"wp:attachment":[{"href":"https:\/\/roveyayinevi.com.tr\/index.php\/wp-json\/wp\/v2\/media?parent=781482"}],"wp:term":[{"taxonomy":"product_brand","embeddable":true,"href":"https:\/\/roveyayinevi.com.tr\/index.php\/wp-json\/wp\/v2\/product_brand?post=781482"},{"taxonomy":"product_cat","embeddable":true,"href":"https:\/\/roveyayinevi.com.tr\/index.php\/wp-json\/wp\/v2\/product_cat?post=781482"},{"taxonomy":"product_tag","embeddable":true,"href":"https:\/\/roveyayinevi.com.tr\/index.php\/wp-json\/wp\/v2\/product_tag?post=781482"}],"curies":[{"name":"wp","href":"https:\/\/api.w.org\/{rel}","templated":true}]}}