{"id":781481,"date":"2026-01-23T04:00:46","date_gmt":"2026-01-23T01:00:46","guid":{"rendered":"https:\/\/roveyayinevi.com.tr\/index.php\/urun\/iki-beyaz-adam\/"},"modified":"2026-04-15T03:46:03","modified_gmt":"2026-04-15T00:46:03","slug":"iki-beyaz-adam","status":"publish","type":"product","link":"https:\/\/roveyayinevi.com.tr\/index.php\/urun\/iki-beyaz-adam\/","title":{"rendered":"\u0130ki Beyaz Adam"},"content":{"rendered":"<p>Ge\u00e7mi\u015fin s\u0131r perdelerini aralayan bir roman&#8230;   Kadim s\u0131rlar\u0131n perdesi aralan\u0131rken, soluk solu\u011fa bir maceraya haz\u0131r olun. Bu, sadece Kafkasya\u2019n\u0131n billur vadilerinden bilinmez topraklara uzanan bir ser\u00fcven de\u011fil, ayn\u0131 zamanda derin bir insanl\u0131k dram\u0131na tan\u0131kl\u0131k edece\u011finiz sars\u0131c\u0131 bir yolculuk.   \u0130hti\u015fam\u0131n b\u00fcy\u00fcs\u00fc u\u011fruna \u00f6denen bedeller i\u00e7inize i\u015fleyecek.   Bu roman, sizi sadece s\u00fcr\u00fckleyici bir hik\u00e2yenin i\u00e7ine \u00e7ekmekle kalmayacak, ayn\u0131 zamanda insan do\u011fas\u0131na dair sorularla ba\u015f ba\u015fa b\u0131rakacak.<\/p>\n","protected":false},"excerpt":{"rendered":"<p>Ge\u00e7mi\u015fin s\u0131r perdelerini aralayan bir roman&#8230; Kadim s\u0131rlar\u0131n perdesi aralan\u0131rken, soluk solu\u011fa bir maceraya haz\u0131r olun. Bu, sadece Kafkasya\u2019n\u0131n billur vadilerinden bilinmez topraklara uzanan bir ser\u00fcven<span class=\"excerpt-hellip\"> [\u2026]<\/span><\/p>\n","protected":false},"featured_media":0,"template":"","meta":{"_monsterinsights_skip_tracking":false,"_monsterinsights_sitenote_active":false,"_monsterinsights_sitenote_note":"","_monsterinsights_sitenote_category":0},"product_brand":[],"product_cat":[12291,12711],"product_tag":[],"class_list":{"0":"post-781481","1":"product","2":"type-product","3":"status-publish","5":"product_cat-edebiyat","6":"product_cat-roman-oyku","7":"pa_cilt-ciltsiz","8":"pa_tur-kitap","9":"pa_yayinevi-zerre-kitap","10":"pa_yazar-tan-beyhan-kafdagli","12":"first","13":"instock","14":"sale","15":"shipping-taxable","16":"purchasable","17":"product-type-simple"},"_links":{"self":[{"href":"https:\/\/roveyayinevi.com.tr\/index.php\/wp-json\/wp\/v2\/product\/781481","targetHints":{"allow":["GET"]}}],"collection":[{"href":"https:\/\/roveyayinevi.com.tr\/index.php\/wp-json\/wp\/v2\/product"}],"about":[{"href":"https:\/\/roveyayinevi.com.tr\/index.php\/wp-json\/wp\/v2\/types\/product"}],"wp:attachment":[{"href":"https:\/\/roveyayinevi.com.tr\/index.php\/wp-json\/wp\/v2\/media?parent=781481"}],"wp:term":[{"taxonomy":"product_brand","embeddable":true,"href":"https:\/\/roveyayinevi.com.tr\/index.php\/wp-json\/wp\/v2\/product_brand?post=781481"},{"taxonomy":"product_cat","embeddable":true,"href":"https:\/\/roveyayinevi.com.tr\/index.php\/wp-json\/wp\/v2\/product_cat?post=781481"},{"taxonomy":"product_tag","embeddable":true,"href":"https:\/\/roveyayinevi.com.tr\/index.php\/wp-json\/wp\/v2\/product_tag?post=781481"}],"curies":[{"name":"wp","href":"https:\/\/api.w.org\/{rel}","templated":true}]}}