{"id":781480,"date":"2026-01-23T04:00:42","date_gmt":"2026-01-23T01:00:42","guid":{"rendered":"https:\/\/roveyayinevi.com.tr\/index.php\/urun\/izdirap\/"},"modified":"2026-04-15T03:45:59","modified_gmt":"2026-04-15T00:45:59","slug":"izdirap","status":"publish","type":"product","link":"https:\/\/roveyayinevi.com.tr\/index.php\/urun\/izdirap\/","title":{"rendered":"Izd\u0131rap"},"content":{"rendered":"<p>Izd\u0131rap g\u00fcn\u00fcm\u00fcz Kazak edebiyat\u0131n\u0131n temsilcilerinden biri olan \u015earhan Qaz\u0131\u011ful\u2019un ilk roman\u0131d\u0131r. Seksenli y\u0131llarda Sovyet Ordusu saflar\u0131nda kat\u0131ld\u0131\u011f\u0131 Afgan Sava\u015f\u0131\u2019ndan Amerika Birle\u015fik Devletleri\u2019ne ka\u00e7an bir Kazak hekimin ana yurdu Kazakistan\u2019a d\u00f6n\u00fc\u015f hik\u00e2yesini anlatan Izd\u0131rap, \u00e7a\u011fda\u015f Kazak edebiyat\u0131n\u0131n yenilik\u00e7i romanlar\u0131ndan say\u0131lmaktad\u0131r.   Izd\u0131rap\u2019\u0131n olay \u00f6rg\u00fcs\u00fc ba\u015fkahraman \u00c4b\u00fcwjan\u2019\u0131n ABD\u2019den Kazakistan\u2019a gelirken u\u00e7akta tan\u0131\u015ft\u0131\u011f\u0131 Kazak kad\u0131n\u0131yla yapt\u0131\u011f\u0131 sohbet \u00fczerine kurulmu\u015ftur. Ak\u0131c\u0131 bir anlat\u0131ma ve ilgi \u00e7ekici bir konuya sahip olan Izd\u0131rap\u2019\u0131n T\u00fcrk okurunca da be\u011fenilerek okunaca\u011f\u0131na inan\u0131yoruz.<\/p>\n","protected":false},"excerpt":{"rendered":"<p>Izd\u0131rap g\u00fcn\u00fcm\u00fcz Kazak edebiyat\u0131n\u0131n temsilcilerinden biri olan \u015earhan Qaz\u0131\u011ful\u2019un ilk roman\u0131d\u0131r. Seksenli y\u0131llarda Sovyet Ordusu saflar\u0131nda kat\u0131ld\u0131\u011f\u0131 Afgan Sava\u015f\u0131\u2019ndan Amerika Birle\u015fik Devletleri\u2019ne ka\u00e7an bir Kazak hekimin<span class=\"excerpt-hellip\"> [\u2026]<\/span><\/p>\n","protected":false},"featured_media":0,"template":"","meta":{"_monsterinsights_skip_tracking":false,"_monsterinsights_sitenote_active":false,"_monsterinsights_sitenote_note":"","_monsterinsights_sitenote_category":0},"product_brand":[],"product_cat":[12291,12711],"product_tag":[],"class_list":{"0":"post-781480","1":"product","2":"type-product","3":"status-publish","5":"product_cat-edebiyat","6":"product_cat-roman-oyku","7":"pa_cilt-ciltsiz","8":"pa_tur-kitap","9":"pa_yayinevi-istasyon-yayinlari","10":"pa_yazar-sarhan-qazigul","12":"first","13":"instock","14":"sale","15":"shipping-taxable","16":"purchasable","17":"product-type-simple"},"_links":{"self":[{"href":"https:\/\/roveyayinevi.com.tr\/index.php\/wp-json\/wp\/v2\/product\/781480","targetHints":{"allow":["GET"]}}],"collection":[{"href":"https:\/\/roveyayinevi.com.tr\/index.php\/wp-json\/wp\/v2\/product"}],"about":[{"href":"https:\/\/roveyayinevi.com.tr\/index.php\/wp-json\/wp\/v2\/types\/product"}],"wp:attachment":[{"href":"https:\/\/roveyayinevi.com.tr\/index.php\/wp-json\/wp\/v2\/media?parent=781480"}],"wp:term":[{"taxonomy":"product_brand","embeddable":true,"href":"https:\/\/roveyayinevi.com.tr\/index.php\/wp-json\/wp\/v2\/product_brand?post=781480"},{"taxonomy":"product_cat","embeddable":true,"href":"https:\/\/roveyayinevi.com.tr\/index.php\/wp-json\/wp\/v2\/product_cat?post=781480"},{"taxonomy":"product_tag","embeddable":true,"href":"https:\/\/roveyayinevi.com.tr\/index.php\/wp-json\/wp\/v2\/product_tag?post=781480"}],"curies":[{"name":"wp","href":"https:\/\/api.w.org\/{rel}","templated":true}]}}