{"id":781476,"date":"2026-01-23T04:00:33","date_gmt":"2026-01-23T01:00:33","guid":{"rendered":"https:\/\/roveyayinevi.com.tr\/index.php\/urun\/dagdakiler\/"},"modified":"2026-04-15T03:45:59","modified_gmt":"2026-04-15T00:45:59","slug":"dagdakiler","status":"publish","type":"product","link":"https:\/\/roveyayinevi.com.tr\/index.php\/urun\/dagdakiler\/","title":{"rendered":"Da\u011fdakiler"},"content":{"rendered":"<p>Bu sat\u0131rlar\u0131 \u015eehidimiz Astsubay Celil Mutlu&#8217;nunbaba evindeki odas\u0131nda yazmak nasip oldu.Din\u00ee devlet vatan\u0131 millet i\u00e7in feday\u0131 can eyleyen \u015fuhedan\u0131naziz hat\u0131ras\u0131n\u0131 y\u00fcre\u011finde hisseden, onlar\u0131n destan\u0131n\u0131 yazmakkendisine nasip olan Yavuz Ali OKTAY karde\u015fime \u015f\u00fckranlar\u0131m\u0131 sunuyorum.Biz inan\u0131yoruz ki \u015fehitler kendilerinehizmet etme imk\u00e2n\u0131n\u0131 herkese vermez. \u0130n\u015fallah bu de\u011ferli eserler gelecekteki T\u00fcrk \u00e7ocuklar\u0131na ruh verecektir.Ye\u015fermesi ekti\u011fimiz tohumun hakt\u0131r,\u0130\u015fte o g\u00fcn ruhlar\u0131m\u0131z \u015fad olacakt\u0131rSelam ve dualar ile&#8230;Ender \u00c7\u0131nar<\/p>\n","protected":false},"excerpt":{"rendered":"<p>Bu sat\u0131rlar\u0131 \u015eehidimiz Astsubay Celil Mutlu&#8217;nunbaba evindeki odas\u0131nda yazmak nasip oldu.Din\u00ee devlet vatan\u0131 millet i\u00e7in feday\u0131 can eyleyen \u015fuhedan\u0131naziz hat\u0131ras\u0131n\u0131 y\u00fcre\u011finde hisseden, onlar\u0131n destan\u0131n\u0131 yazmakkendisine nasip<span class=\"excerpt-hellip\"> [\u2026]<\/span><\/p>\n","protected":false},"featured_media":0,"template":"","meta":{"_monsterinsights_skip_tracking":false,"_monsterinsights_sitenote_active":false,"_monsterinsights_sitenote_note":"","_monsterinsights_sitenote_category":0},"product_brand":[],"product_cat":[141304],"product_tag":[],"class_list":{"0":"post-781476","1":"product","2":"type-product","3":"status-publish","5":"product_cat-yeni-cikanlar","6":"pa_cilt-ciltsiz","7":"pa_tur-kitap","8":"pa_yayinevi-istasyon-yayinlari","9":"pa_yazar-yavuz-ali-oktay","11":"first","12":"instock","13":"sale","14":"shipping-taxable","15":"purchasable","16":"product-type-simple"},"_links":{"self":[{"href":"https:\/\/roveyayinevi.com.tr\/index.php\/wp-json\/wp\/v2\/product\/781476","targetHints":{"allow":["GET"]}}],"collection":[{"href":"https:\/\/roveyayinevi.com.tr\/index.php\/wp-json\/wp\/v2\/product"}],"about":[{"href":"https:\/\/roveyayinevi.com.tr\/index.php\/wp-json\/wp\/v2\/types\/product"}],"wp:attachment":[{"href":"https:\/\/roveyayinevi.com.tr\/index.php\/wp-json\/wp\/v2\/media?parent=781476"}],"wp:term":[{"taxonomy":"product_brand","embeddable":true,"href":"https:\/\/roveyayinevi.com.tr\/index.php\/wp-json\/wp\/v2\/product_brand?post=781476"},{"taxonomy":"product_cat","embeddable":true,"href":"https:\/\/roveyayinevi.com.tr\/index.php\/wp-json\/wp\/v2\/product_cat?post=781476"},{"taxonomy":"product_tag","embeddable":true,"href":"https:\/\/roveyayinevi.com.tr\/index.php\/wp-json\/wp\/v2\/product_tag?post=781476"}],"curies":[{"name":"wp","href":"https:\/\/api.w.org\/{rel}","templated":true}]}}