{"id":781475,"date":"2026-01-23T03:59:47","date_gmt":"2026-01-23T00:59:47","guid":{"rendered":"https:\/\/roveyayinevi.com.tr\/index.php\/urun\/toprak-zaman-ve-santiye-peyzaj-kanunlari\/"},"modified":"2026-04-15T03:45:57","modified_gmt":"2026-04-15T00:45:57","slug":"toprak-zaman-ve-santiye-peyzaj-kanunlari","status":"publish","type":"product","link":"https:\/\/roveyayinevi.com.tr\/index.php\/urun\/toprak-zaman-ve-santiye-peyzaj-kanunlari\/","title":{"rendered":"Toprak, Zaman ve \u015eantiye Peyzaj Kanunlar\u0131"},"content":{"rendered":"<p>Bu kitap, \u00e7izgilerin de\u011fil; kararlar\u0131n kitab\u0131. Peyzaj mimarl\u0131\u011f\u0131n\u0131n sahada nas\u0131l ayakta kald\u0131\u011f\u0131n\u0131 anlat\u0131r. Peyzaj uygulamas\u0131; \u00e7izimle de\u011fil, toprakla ba\u015flar. B\u00fct\u00e7eyle s\u0131nan\u0131r, zamanla yar\u0131\u015f\u0131r, insanla zorlan\u0131r. Bu kitap, ideal ko\u015fullar\u0131n de\u011fil; ger\u00e7ek \u015fantiyelerin i\u00e7inden yaz\u0131ld\u0131. Uygulama projelerinden \u015fantiye y\u00f6netimine, toprak ve altyap\u0131dan sert zeminlere, bitkisel peyzajdan hukuka, bak\u0131mdan zaman\u0131n peyzaj \u00fczerindeki etkisine kadar sahada kar\u015f\u0131l\u0131\u011f\u0131 olan t\u00fcm s\u00fcre\u00e7leri b\u00fct\u00fcnc\u00fcl bir yakla\u015f\u0131mla ele al\u0131yor. Bu kitap, sadece bir ders kitab\u0131 de\u011fil. Bu kitap, bir ilham metni de\u011fil. Bu, sahada \u00e7al\u0131\u015fan peyzaj mimarlar\u0131 i\u00e7in yaz\u0131lm\u0131\u015f bir el kitab\u0131. Gen\u00e7 meslekta\u015flar i\u00e7in bir uyar\u0131, deneyimliler i\u00e7in bir hat\u0131rlatma. \u00c7\u00fcnk\u00fc peyzaj mimarl\u0131\u011f\u0131, yaln\u0131zca tasarlamak de\u011fil; sorumluluk almakt\u0131r. Topra\u011fa basmadan karar vermeyenler, zaman\u0131 hesaba katanlar, detay\u0131n bedelini bilenler i\u00e7in\u2026 Bu kitap, peyzaj\u0131n ger\u00e7ek y\u00fcz\u00fcyle y\u00fczle\u015fmeye haz\u0131r olanlara yaz\u0131ld\u0131. \u00d6zden \u00c7etin<\/p>\n","protected":false},"excerpt":{"rendered":"<p>Bu kitap, \u00e7izgilerin de\u011fil; kararlar\u0131n kitab\u0131. Peyzaj mimarl\u0131\u011f\u0131n\u0131n sahada nas\u0131l ayakta kald\u0131\u011f\u0131n\u0131 anlat\u0131r. Peyzaj uygulamas\u0131; \u00e7izimle de\u011fil, toprakla ba\u015flar. B\u00fct\u00e7eyle s\u0131nan\u0131r, zamanla yar\u0131\u015f\u0131r, insanla zorlan\u0131r. Bu<span class=\"excerpt-hellip\"> [\u2026]<\/span><\/p>\n","protected":false},"featured_media":0,"template":"","meta":{"_monsterinsights_skip_tracking":false,"_monsterinsights_sitenote_active":false,"_monsterinsights_sitenote_note":"","_monsterinsights_sitenote_category":0},"product_brand":[],"product_cat":[13512,12408],"product_tag":[],"class_list":{"0":"post-781475","1":"product","2":"type-product","3":"status-publish","5":"product_cat-mimarlik","6":"product_cat-sanat","7":"pa_cilt-ciltsiz","8":"pa_tur-kitap","9":"pa_yayinevi-gulnar-yayinlari","10":"pa_yazar-ozden-cetin","12":"first","13":"instock","14":"sale","15":"shipping-taxable","16":"purchasable","17":"product-type-simple"},"_links":{"self":[{"href":"https:\/\/roveyayinevi.com.tr\/index.php\/wp-json\/wp\/v2\/product\/781475","targetHints":{"allow":["GET"]}}],"collection":[{"href":"https:\/\/roveyayinevi.com.tr\/index.php\/wp-json\/wp\/v2\/product"}],"about":[{"href":"https:\/\/roveyayinevi.com.tr\/index.php\/wp-json\/wp\/v2\/types\/product"}],"wp:attachment":[{"href":"https:\/\/roveyayinevi.com.tr\/index.php\/wp-json\/wp\/v2\/media?parent=781475"}],"wp:term":[{"taxonomy":"product_brand","embeddable":true,"href":"https:\/\/roveyayinevi.com.tr\/index.php\/wp-json\/wp\/v2\/product_brand?post=781475"},{"taxonomy":"product_cat","embeddable":true,"href":"https:\/\/roveyayinevi.com.tr\/index.php\/wp-json\/wp\/v2\/product_cat?post=781475"},{"taxonomy":"product_tag","embeddable":true,"href":"https:\/\/roveyayinevi.com.tr\/index.php\/wp-json\/wp\/v2\/product_tag?post=781475"}],"curies":[{"name":"wp","href":"https:\/\/api.w.org\/{rel}","templated":true}]}}