{"id":781473,"date":"2026-01-23T03:56:47","date_gmt":"2026-01-23T00:56:47","guid":{"rendered":"https:\/\/roveyayinevi.com.tr\/index.php\/urun\/post-uluslararasi-guvenlik-donemi-tehditler-aktorler-cozumler\/"},"modified":"2026-04-15T03:43:45","modified_gmt":"2026-04-15T00:43:45","slug":"post-uluslararasi-guvenlik-donemi-tehditler-aktorler-cozumler","status":"publish","type":"product","link":"https:\/\/roveyayinevi.com.tr\/index.php\/urun\/post-uluslararasi-guvenlik-donemi-tehditler-aktorler-cozumler\/","title":{"rendered":"Post-Uluslararas\u0131 G\u00fcvenlik D\u00f6nemi: Tehditler, Akt\u00f6rler, \u00c7\u00f6z\u00fcmler"},"content":{"rendered":"<p>\u0130\u00e7indekiler :   \u00b7         MODERN DEVLET G\u00dcVENL\u0130\u011e\u0130NE Y\u00d6NEL\u0130K TEHD\u0130TLER VE STRATEJ\u0130LER   \u00b7         CLAUSEW\u0130TZ\u2019\u0130N SAVA\u015e KURAMI \u00c7ER\u00c7EVES\u0130NDE ULUSAL G\u00dcVENL\u0130K VE ULUSLARARASI G\u00dcVENL\u0130K \u0130L\u0130\u015eK\u0130S\u0130N\u0130N ANAL\u0130Z\u0130 \u00b7         S\u0130YON\u0130ST SALDIRGANLI\u011eIN \u0130SRA\u0130L&#8217;\u0130N ONTOLOJ\u0130K G\u00dcVENL\u0130K ALGISINDAK\u0130 H\u00c2K\u0130M\u0130YET\u0130N\u0130N ARKA PLANI \u00b7         BEL\u0130RS\u0130ZL\u0130\u011e\u0130N G\u00d6LGES\u0130NDE \u0130SRA\u0130L\u2019\u0130N N\u00dcKLEER S\u0130LAH PROGRAMI \u00b7         ULUSLARARASI G\u00dcVENL\u0130KTE DER\u0130NLE\u015eEN S\u0130BER ALAN: JEOPOL\u0130T\u0130K D\u00dcZEYE ETK\u0130 \u00b7         JEOPOL\u0130T\u0130K R\u0130SKLER\u0130N EKONOM\u0130K G\u00dcVENL\u0130K VE ULUSLARARASI T\u0130CARET \u00dcZER\u0130NDEK\u0130 ETK\u0130S\u0130: RUSYA UKRAYNA SAVA\u015eI VE AVRUPA B\u0130RL\u0130\u011e\u0130 PERSPEKT\u0130F\u0130 \u00b7         ULUSLARARASI G\u00dcVENL\u0130K A\u00c7ISINDAN \u0130\u00c7-DI\u015e POL\u0130T\u0130KA \u0130L\u0130\u015eK\u0130S\u0130: T\u00dcRK\u0130YE\u2019N\u0130N ULUSAL G\u00dcVENL\u0130K ANLAYI\u015eI OLARAK \u201cYURTTA BARI\u015e, D\u00dcNYADA BARI\u015e\u201d D\u00dcSTURU \u00b7         PANDEM\u0130LER VE ULUSLARARASI G\u00dcVENL\u0130K: COVID 19\u2019UN KOLEKT\u0130F M\u0130LL\u0130YET\u00c7\u0130L\u0130K VE ULUS DEVLET \u00dcZER\u0130NDEK\u0130 D\u00d6N\u00dc\u015eT\u00dcR\u00dcC\u00dc ETK\u0130S\u0130       \u00b7         EKOLOJ\u0130K G\u00dcVENL\u0130\u011eE \u0130RON\u0130K B\u0130R YOLCULUK: GO! EKO-D\u0130KTAT\u00d6RL\u00dcK \u00d6NCE YERY\u00dcZ\u00dc, SONRA \u0130NSAN ROMANI \u00b7         GASTRO-G\u00dcVENL\u0130K: TEHD\u0130TLER, AKT\u00d6RLER, \u00c7\u00d6Z\u00dcMLER \u00b7         ULUSLARARASI G\u00dcVENL\u0130KTE L\u0130DERL\u0130K D\u0130PLOMAS\u0130S\u0130N\u0130N ROL\u00dc: RUSYA-UKRAYNA SAVA\u015eI \u00d6ZEL\u0130NDE RECEP TAYY\u0130P ERDO\u011eAN \u00b7         ENERJ\u0130 D\u00d6N\u00dc\u015e\u00dcM\u00dc VE YE\u015e\u0130L SAVA\u015e     <\/p>\n","protected":false},"excerpt":{"rendered":"<p>\u0130\u00e7indekiler : \u00b7 MODERN DEVLET G\u00dcVENL\u0130\u011e\u0130NE Y\u00d6NEL\u0130K TEHD\u0130TLER VE STRATEJ\u0130LER \u00b7 CLAUSEW\u0130TZ\u2019\u0130N SAVA\u015e KURAMI \u00c7ER\u00c7EVES\u0130NDE ULUSAL G\u00dcVENL\u0130K VE ULUSLARARASI G\u00dcVENL\u0130K \u0130L\u0130\u015eK\u0130S\u0130N\u0130N ANAL\u0130Z\u0130 \u00b7 S\u0130YON\u0130ST SALDIRGANLI\u011eIN \u0130SRA\u0130L&#8217;\u0130N<span class=\"excerpt-hellip\"> [\u2026]<\/span><\/p>\n","protected":false},"featured_media":0,"template":"","meta":{"_monsterinsights_skip_tracking":false,"_monsterinsights_sitenote_active":false,"_monsterinsights_sitenote_note":"","_monsterinsights_sitenote_category":0},"product_brand":[],"product_cat":[13005,40995],"product_tag":[],"class_list":{"0":"post-781473","1":"product","2":"type-product","3":"status-publish","5":"product_cat-bilim-muhendislik","6":"product_cat-sosyal-bilimler","7":"pa_cilt-ciltsiz","8":"pa_tur-kitap","9":"pa_yayinevi-gazi-kitabevi","10":"pa_yazar-kolektif","12":"first","13":"instock","14":"sale","15":"shipping-taxable","16":"purchasable","17":"product-type-simple"},"_links":{"self":[{"href":"https:\/\/roveyayinevi.com.tr\/index.php\/wp-json\/wp\/v2\/product\/781473","targetHints":{"allow":["GET"]}}],"collection":[{"href":"https:\/\/roveyayinevi.com.tr\/index.php\/wp-json\/wp\/v2\/product"}],"about":[{"href":"https:\/\/roveyayinevi.com.tr\/index.php\/wp-json\/wp\/v2\/types\/product"}],"wp:attachment":[{"href":"https:\/\/roveyayinevi.com.tr\/index.php\/wp-json\/wp\/v2\/media?parent=781473"}],"wp:term":[{"taxonomy":"product_brand","embeddable":true,"href":"https:\/\/roveyayinevi.com.tr\/index.php\/wp-json\/wp\/v2\/product_brand?post=781473"},{"taxonomy":"product_cat","embeddable":true,"href":"https:\/\/roveyayinevi.com.tr\/index.php\/wp-json\/wp\/v2\/product_cat?post=781473"},{"taxonomy":"product_tag","embeddable":true,"href":"https:\/\/roveyayinevi.com.tr\/index.php\/wp-json\/wp\/v2\/product_tag?post=781473"}],"curies":[{"name":"wp","href":"https:\/\/api.w.org\/{rel}","templated":true}]}}