{"id":781472,"date":"2026-01-23T03:46:39","date_gmt":"2026-01-23T00:46:39","guid":{"rendered":"https:\/\/roveyayinevi.com.tr\/index.php\/urun\/chainsaw-man-3-cilt-testere-adam\/"},"modified":"2026-04-01T03:26:42","modified_gmt":"2026-04-01T00:26:42","slug":"chainsaw-man-3-cilt-testere-adam","status":"publish","type":"product","link":"https:\/\/roveyayinevi.com.tr\/index.php\/urun\/chainsaw-man-3-cilt-testere-adam\/","title":{"rendered":"Chainsaw Man 3. Cilt &#8211; Testere Adam"},"content":{"rendered":"<p>Alan blokesi yapabilen gizemli iblis, Denji\u2019nin \u00f6ldu\u0308ru\u0308lmesini talep eder! K\u00f6\u015feye s\u0131k\u0131\u015fan 4. \u00d6zel birlik u\u0308yeleri fikir ayr\u0131l\u0131\u011f\u0131na du\u0308\u015ferler. B\u00f6ylesine ola\u011fanu\u0308stu\u0308 bir durumda bile \u00f6du\u0308l \u00f6pu\u0308cu\u0308\u011fu\u0308nden vazge\u00e7meyen Denji\u2019nin ortal\u0131\u011f\u0131 cehenneme \u00e7evirecek bir plan\u0131 vard\u0131r! \u0130nsanlar\u0131 ve iblisleri ortak bir noktada bulu\u015fturan Denji\u2019nin etraf\u0131nda bu\u0308yu\u0308k bir \u00e7at\u0131\u015fma patlak vermek u\u0308zeredir!<\/p>\n","protected":false},"excerpt":{"rendered":"<p>Alan blokesi yapabilen gizemli iblis, Denji\u2019nin \u00f6ldu\u0308ru\u0308lmesini talep eder! K\u00f6\u015feye s\u0131k\u0131\u015fan 4. \u00d6zel birlik u\u0308yeleri fikir ayr\u0131l\u0131\u011f\u0131na du\u0308\u015ferler. B\u00f6ylesine ola\u011fanu\u0308stu\u0308 bir durumda bile \u00f6du\u0308l \u00f6pu\u0308cu\u0308\u011fu\u0308nden vazge\u00e7meyen<span class=\"excerpt-hellip\"> [\u2026]<\/span><\/p>\n","protected":false},"featured_media":0,"template":"","meta":{"_monsterinsights_skip_tracking":false,"_monsterinsights_sitenote_active":false,"_monsterinsights_sitenote_note":"","_monsterinsights_sitenote_category":0},"product_brand":[],"product_cat":[12416,12291],"product_tag":[],"class_list":{"0":"post-781472","1":"product","2":"type-product","3":"status-publish","5":"product_cat-cizgi-roman","6":"product_cat-edebiyat","7":"pa_cilt-ciltsiz","8":"pa_tur-kitap","9":"pa_yayinevi-gerekli-seyler-yayincilik","10":"pa_yazar-tatsuki-fujimoto","12":"first","13":"instock","14":"sale","15":"shipping-taxable","16":"purchasable","17":"product-type-simple"},"_links":{"self":[{"href":"https:\/\/roveyayinevi.com.tr\/index.php\/wp-json\/wp\/v2\/product\/781472","targetHints":{"allow":["GET"]}}],"collection":[{"href":"https:\/\/roveyayinevi.com.tr\/index.php\/wp-json\/wp\/v2\/product"}],"about":[{"href":"https:\/\/roveyayinevi.com.tr\/index.php\/wp-json\/wp\/v2\/types\/product"}],"wp:attachment":[{"href":"https:\/\/roveyayinevi.com.tr\/index.php\/wp-json\/wp\/v2\/media?parent=781472"}],"wp:term":[{"taxonomy":"product_brand","embeddable":true,"href":"https:\/\/roveyayinevi.com.tr\/index.php\/wp-json\/wp\/v2\/product_brand?post=781472"},{"taxonomy":"product_cat","embeddable":true,"href":"https:\/\/roveyayinevi.com.tr\/index.php\/wp-json\/wp\/v2\/product_cat?post=781472"},{"taxonomy":"product_tag","embeddable":true,"href":"https:\/\/roveyayinevi.com.tr\/index.php\/wp-json\/wp\/v2\/product_tag?post=781472"}],"curies":[{"name":"wp","href":"https:\/\/api.w.org\/{rel}","templated":true}]}}