{"id":781468,"date":"2026-01-23T03:16:56","date_gmt":"2026-01-23T00:16:56","guid":{"rendered":"https:\/\/roveyayinevi.com.tr\/index.php\/urun\/mutluluk-bir-aliskanliktir-psiko-sibernetik\/"},"modified":"2026-04-03T03:06:08","modified_gmt":"2026-04-03T00:06:08","slug":"mutluluk-bir-aliskanliktir-psiko-sibernetik","status":"publish","type":"product","link":"https:\/\/roveyayinevi.com.tr\/index.php\/urun\/mutluluk-bir-aliskanliktir-psiko-sibernetik\/","title":{"rendered":"Mutluluk Bir Al\u0131\u015fkanl\u0131kt\u0131r: Psiko Sibernetik"},"content":{"rendered":"<p>Mutlulu\u011fa giden herhangi bir yol yok.Mutluluk bizzat yoldur. Dr. Maxwell Maltz; bir cerrah, yazar ve konu\u015fmac\u0131 olarak ba\u015far\u0131l\u0131 bir kariyerin ard\u0131ndan 1960 y\u0131l\u0131nda Psiko-Sibernetik denilen kendi ki\u015fisel geli\u015fim fenomenini yaratt\u0131. Bir plastik cerrah olan Dr. Maltz baz\u0131 hastalar\u0131n\u0131n mutsuzluk, de\u011fersizlik ve ki\u015fisel g\u00fcvensizlik gibi duygular\u0131n\u0131n ameliyattan sonra da devam etti\u011fini g\u00f6r\u00fcnce \u201cd\u0131\u015fsal yara izlerini\u201d tedavi etmekten ziyade \u201ci\u00e7sel yara izlerini\u201d tedavi etmeye ba\u015flad\u0131.Dr. Maltz t\u00fcm d\u00fcnyada 35 milyondan fazla satan bu kitapta geli\u015ftirdi\u011fi kavramlar ve stratejilerle, herkese \u00f6zel o biricik yolun nas\u0131l y\u00fcr\u00fcnece\u011fini anlatt\u0131. Bahsetti\u011fi ilkeler ve tekniklerle bug\u00fcn de d\u00fcnyan\u0131n her yerinde insanlara ilham vermeye ve hayatlar\u0131n\u0131 de\u011fi\u015ftirmeye devam ederek zihinsel zincirlerinizi k\u0131rmak i\u00e7in sizi d\u00f6n\u00fc\u015f\u00fcme davet ediyor. <\/p>\n","protected":false},"excerpt":{"rendered":"<p>Mutlulu\u011fa giden herhangi bir yol yok.Mutluluk bizzat yoldur. Dr. Maxwell Maltz; bir cerrah, yazar ve konu\u015fmac\u0131 olarak ba\u015far\u0131l\u0131 bir kariyerin ard\u0131ndan 1960 y\u0131l\u0131nda Psiko-Sibernetik denilen kendi<span class=\"excerpt-hellip\"> [\u2026]<\/span><\/p>\n","protected":false},"featured_media":0,"template":"","meta":{"_monsterinsights_skip_tracking":false,"_monsterinsights_sitenote_active":false,"_monsterinsights_sitenote_note":"","_monsterinsights_sitenote_category":0},"product_brand":[],"product_cat":[12364,12376],"product_tag":[],"class_list":{"0":"post-781468","1":"product","2":"type-product","3":"status-publish","5":"product_cat-genel-konular","6":"product_cat-kisisel-gelisim","7":"pa_cilt-ciltsiz","8":"pa_tur-kitap","9":"pa_yayinevi-serenad-yayinevi","10":"pa_yazar-maxwell-maltz","12":"first","13":"instock","14":"sale","15":"shipping-taxable","16":"purchasable","17":"product-type-simple"},"_links":{"self":[{"href":"https:\/\/roveyayinevi.com.tr\/index.php\/wp-json\/wp\/v2\/product\/781468","targetHints":{"allow":["GET"]}}],"collection":[{"href":"https:\/\/roveyayinevi.com.tr\/index.php\/wp-json\/wp\/v2\/product"}],"about":[{"href":"https:\/\/roveyayinevi.com.tr\/index.php\/wp-json\/wp\/v2\/types\/product"}],"wp:attachment":[{"href":"https:\/\/roveyayinevi.com.tr\/index.php\/wp-json\/wp\/v2\/media?parent=781468"}],"wp:term":[{"taxonomy":"product_brand","embeddable":true,"href":"https:\/\/roveyayinevi.com.tr\/index.php\/wp-json\/wp\/v2\/product_brand?post=781468"},{"taxonomy":"product_cat","embeddable":true,"href":"https:\/\/roveyayinevi.com.tr\/index.php\/wp-json\/wp\/v2\/product_cat?post=781468"},{"taxonomy":"product_tag","embeddable":true,"href":"https:\/\/roveyayinevi.com.tr\/index.php\/wp-json\/wp\/v2\/product_tag?post=781468"}],"curies":[{"name":"wp","href":"https:\/\/api.w.org\/{rel}","templated":true}]}}