{"id":781467,"date":"2026-01-23T03:13:48","date_gmt":"2026-01-23T00:13:48","guid":{"rendered":"https:\/\/roveyayinevi.com.tr\/index.php\/urun\/pratik-zihin-gelistirme-klavuzu\/"},"modified":"2026-04-16T03:01:16","modified_gmt":"2026-04-16T00:01:16","slug":"pratik-zihin-gelistirme-klavuzu","status":"publish","type":"product","link":"https:\/\/roveyayinevi.com.tr\/index.php\/urun\/pratik-zihin-gelistirme-klavuzu\/","title":{"rendered":"Pratik Zihin Geli\u015ftirme Klavuzu"},"content":{"rendered":"<p>Zihninizin, en uzun yol arkada\u015f\u0131n\u0131z olmas\u0131n\u0131 ister misiniz? Peki, \u00e7ocu\u011funuzu bugu\u0308nu\u0308n du\u0308nyas\u0131na haz\u0131rlarken bir k\u0131lavuza ihtiya\u00e7 duyuyor musunuz?   Elinizde tuttu\u011funuz kitap size bu, iki hayat\u00ee konuda rehberlik etmek i\u00e7in yaz\u0131ld\u0131. Ba\u015f d\u00f6ndu\u0308ru\u0308cu\u0308 bir h\u0131zla de\u011fi\u015fen du\u0308nyaya ayak uydurmak, beklentilerine yan\u0131t vermek bugu\u0308n her zamankinden daha zor. Bugu\u0308nu\u0308n \u00e7ocuklar\u0131 ve yeti\u015fkinleri \u00f6nceki nesillerden farkl\u0131 bir du\u0308nyada ya\u015f\u0131yor. Se\u00e7eneklerin s\u0131n\u0131rs\u0131zl\u0131\u011f\u0131, pek \u00e7ok \u015feyi bir arada yu\u0308ru\u0308tme \u00e7abas\u0131 ve en iyisi olma arzusu \u00e7ocuklar ve aileler i\u00e7in giderek daha yorucu bir h\u00e2le geliyor. Berrak ve tazelenmi\u015f bir zihne her zamankinden \u00e7ok ihtiya\u00e7 duyuluyor. Bu kitap, tu\u0308m bu ko\u015fu\u015fturman\u0131n i\u00e7inde sakince durup du\u0308\u015fu\u0308nebilmeniz ve a\u00e7\u0131k, din\u00e7 bir zihne sahip olabilmeniz i\u00e7in size sunulmu\u015f <\/p>\n","protected":false},"excerpt":{"rendered":"<p>Zihninizin, en uzun yol arkada\u015f\u0131n\u0131z olmas\u0131n\u0131 ister misiniz? Peki, \u00e7ocu\u011funuzu bugu\u0308nu\u0308n du\u0308nyas\u0131na haz\u0131rlarken bir k\u0131lavuza ihtiya\u00e7 duyuyor musunuz? Elinizde tuttu\u011funuz kitap size bu, iki hayat\u00ee konuda<span class=\"excerpt-hellip\"> [\u2026]<\/span><\/p>\n","protected":false},"featured_media":0,"template":"","meta":{"_monsterinsights_skip_tracking":false,"_monsterinsights_sitenote_active":false,"_monsterinsights_sitenote_note":"","_monsterinsights_sitenote_category":0},"product_brand":[],"product_cat":[12364,12376],"product_tag":[],"class_list":{"0":"post-781467","1":"product","2":"type-product","3":"status-publish","5":"product_cat-genel-konular","6":"product_cat-kisisel-gelisim","7":"pa_cilt-ciltsiz","8":"pa_tur-kitap","9":"pa_yayinevi-olimpos-yayinlari","10":"pa_yazar-gulyan-kabas","12":"first","13":"instock","14":"sale","15":"shipping-taxable","16":"purchasable","17":"product-type-simple"},"_links":{"self":[{"href":"https:\/\/roveyayinevi.com.tr\/index.php\/wp-json\/wp\/v2\/product\/781467","targetHints":{"allow":["GET"]}}],"collection":[{"href":"https:\/\/roveyayinevi.com.tr\/index.php\/wp-json\/wp\/v2\/product"}],"about":[{"href":"https:\/\/roveyayinevi.com.tr\/index.php\/wp-json\/wp\/v2\/types\/product"}],"wp:attachment":[{"href":"https:\/\/roveyayinevi.com.tr\/index.php\/wp-json\/wp\/v2\/media?parent=781467"}],"wp:term":[{"taxonomy":"product_brand","embeddable":true,"href":"https:\/\/roveyayinevi.com.tr\/index.php\/wp-json\/wp\/v2\/product_brand?post=781467"},{"taxonomy":"product_cat","embeddable":true,"href":"https:\/\/roveyayinevi.com.tr\/index.php\/wp-json\/wp\/v2\/product_cat?post=781467"},{"taxonomy":"product_tag","embeddable":true,"href":"https:\/\/roveyayinevi.com.tr\/index.php\/wp-json\/wp\/v2\/product_tag?post=781467"}],"curies":[{"name":"wp","href":"https:\/\/api.w.org\/{rel}","templated":true}]}}