{"id":781466,"date":"2026-01-23T02:58:04","date_gmt":"2026-01-22T23:58:04","guid":{"rendered":"https:\/\/roveyayinevi.com.tr\/index.php\/urun\/5-saniye-kurali\/"},"modified":"2026-01-23T02:58:04","modified_gmt":"2026-01-22T23:58:04","slug":"5-saniye-kurali","status":"publish","type":"product","link":"https:\/\/roveyayinevi.com.tr\/index.php\/urun\/5-saniye-kurali\/","title":{"rendered":"5 Saniye Kural\u0131"},"content":{"rendered":"<p>CESUR OL, SAN\u0130YELER \u0130\u00c7\u0130NDE HAYATIN DE\u011e\u0130\u015eS\u0130N \u0130ki milyondan fazla satan, otuz alt\u0131 dile \u00e7evrilen ve 100.000\u2019den fazla olumlu yorum yap\u0131lan 5 Saniye Kural\u0131 ile ya\u015fam\u0131n\u0131zda d\u00f6n\u00fc\u015f\u00fcm ba\u015flatmaya haz\u0131r m\u0131s\u0131n\u0131z? Basit ama etkili bir kural ile hem kendi ya\u015fam\u0131n\u0131 de\u011fi\u015ftiren hem de binlerce ki\u015fiye ayn\u0131s\u0131n\u0131yapmalar\u0131 i\u00e7in ilham veren Mel Robbins, uluslararas\u0131 \u00e7oksatan kitab\u0131 5 Saniye Kural\u0131 ile \u015fimdi sizin ya\u015fam\u0131n\u0131za dokunacak. E\u011eER ONLARI D\u0130NLEYECEK CESARET\u0130N\u0130Z VARSA, CEVAPLAR \u0130\u00c7\u0130N\u0130ZDED\u0130R.  Sabahlar\u0131 yataktan kalkam\u0131yor musunuz? Ya\u015fam\u0131n\u0131z\u0131n \u00e7\u0131kmaz soka\u011fa girdi\u011fini mi hissediyorsunuz? Alman\u0131z gereken \u00f6nemli bir karar kar\u015f\u0131s\u0131nda kilitlenmi\u015f mi hissediyorsunuz?Hemen be\u015ften geriye say\u0131n, kafan\u0131z\u0131n i\u00e7inden \u00e7\u0131k\u0131n ve ya\u015fama kat\u0131l\u0131n! 5-4-3-2-1-HAD\u0130!<\/p>\n","protected":false},"excerpt":{"rendered":"<p>CESUR OL, SAN\u0130YELER \u0130\u00c7\u0130NDE HAYATIN DE\u011e\u0130\u015eS\u0130N \u0130ki milyondan fazla satan, otuz alt\u0131 dile \u00e7evrilen ve 100.000\u2019den fazla olumlu yorum yap\u0131lan 5 Saniye Kural\u0131 ile ya\u015fam\u0131n\u0131zda d\u00f6n\u00fc\u015f\u00fcm<span class=\"excerpt-hellip\"> [\u2026]<\/span><\/p>\n","protected":false},"featured_media":0,"template":"","meta":{"_monsterinsights_skip_tracking":false,"_monsterinsights_sitenote_active":false,"_monsterinsights_sitenote_note":"","_monsterinsights_sitenote_category":0},"product_brand":[],"product_cat":[12364,12376],"product_tag":[],"class_list":{"0":"post-781466","1":"product","2":"type-product","3":"status-publish","5":"product_cat-genel-konular","6":"product_cat-kisisel-gelisim","7":"pa_cilt-ciltsiz","8":"pa_tur-kitap","9":"pa_yayinevi-epsilon-yayinlari","10":"pa_yazar-mel-robbins","12":"first","13":"instock","14":"sale","15":"shipping-taxable","16":"purchasable","17":"product-type-simple"},"_links":{"self":[{"href":"https:\/\/roveyayinevi.com.tr\/index.php\/wp-json\/wp\/v2\/product\/781466","targetHints":{"allow":["GET"]}}],"collection":[{"href":"https:\/\/roveyayinevi.com.tr\/index.php\/wp-json\/wp\/v2\/product"}],"about":[{"href":"https:\/\/roveyayinevi.com.tr\/index.php\/wp-json\/wp\/v2\/types\/product"}],"wp:attachment":[{"href":"https:\/\/roveyayinevi.com.tr\/index.php\/wp-json\/wp\/v2\/media?parent=781466"}],"wp:term":[{"taxonomy":"product_brand","embeddable":true,"href":"https:\/\/roveyayinevi.com.tr\/index.php\/wp-json\/wp\/v2\/product_brand?post=781466"},{"taxonomy":"product_cat","embeddable":true,"href":"https:\/\/roveyayinevi.com.tr\/index.php\/wp-json\/wp\/v2\/product_cat?post=781466"},{"taxonomy":"product_tag","embeddable":true,"href":"https:\/\/roveyayinevi.com.tr\/index.php\/wp-json\/wp\/v2\/product_tag?post=781466"}],"curies":[{"name":"wp","href":"https:\/\/api.w.org\/{rel}","templated":true}]}}