{"id":781465,"date":"2026-01-23T02:56:57","date_gmt":"2026-01-22T23:56:57","guid":{"rendered":"https:\/\/roveyayinevi.com.tr\/index.php\/urun\/kedi-gibi-dusunmek-ve-davranmak-2\/"},"modified":"2026-04-11T14:04:04","modified_gmt":"2026-04-11T11:04:04","slug":"kedi-gibi-dusunmek-ve-davranmak-2","status":"publish","type":"product","link":"https:\/\/roveyayinevi.com.tr\/index.php\/urun\/kedi-gibi-dusunmek-ve-davranmak-2\/","title":{"rendered":"Kedi Gibi D\u00fc\u015f\u00fcnmek ve Davranmak 2"},"content":{"rendered":"<p>\u0130\u015fte kedim Ziggy\u2019nin son s\u0131rlar\u0131. Ebedi uykusuna dalmadan birka\u00e7 hafta \u00f6nce bana sizinle payla\u015faca\u011f\u0131ma s\u00f6z verdirdi\u011fi 101 k\u00fc\u00e7\u00fck mutluluk..\u2014Stephane Garnier\u201cYa\u015fam\u0131m\u0131z bizim de\u011fi\u015fmemizi beklerken, neye yarar ya\u015fam\u0131m\u0131z\u0131n de\u011fi\u015fmesini beklemek?\u201d\u2014ZiggyKedi Gibi D\u00fc\u015f\u00fcnmek ve Davranmak \u2013 2\u2019de Ziggy\u2019nin tavsiyeleri o kadar yerinde ve do\u011fru ki insan\u0131 hayran b\u0131rakan ve insan ile kedi aras\u0131ndaki s\u0131n\u0131rlar\u0131 ortadan kald\u0131ran bir rehbere d\u00f6n\u00fc\u015f\u00fcyor. Korkular\u0131n\u0131z\u0131 yenmek, asla vazge\u00e7memek, kendinize inanmak ve hayat\u0131n\u0131z\u0131 kediden ve onun se\u00e7imlerinden ilham alarak yeniden yaratmak i\u00e7in Ziggy\u2019ye kulak verin. Kendi kendinin ilham kayna\u011f\u0131 olmak: G\u00fcndelik hayatta mutlulu\u011fa ula\u015fmak i\u00e7in kediden \u00f6\u011frenilecek \u00e7ok basit bir form\u00fcl bu.Meditasyon i\u00e7in m\u0131rlamak, ilham veren tav\u0131rlar, kendisine sayg\u0131 duyulmas\u0131n\u0131 sa\u011flamak i\u00e7in ufac\u0131k t\u0131rmalamalar ve b\u00fcy\u00fct\u00fcp \u00e7o\u011faltmay\u0131 \u00f6\u011frenmemiz gereken ger\u00e7ek zevk anlar\u0131! Yazar ve merhum kedisi Ziggy\u2019den alabilece\u011fimiz derslerle hayat\u0131m\u0131z\u0131 mutlu ve zengin k\u0131lmak i\u015ften bile de\u011fil.\u201cBenli\u011fimizin derinliklerinde, hepimizi harekete ge\u00e7iren d\u00fcrt\u00fcler ayn\u0131d\u0131r. Kedilerde bunlara tak\u0131lmadan ya\u015fayacak cesaret vard\u0131r.\u201d\u2014Jim Davis\u201cBana kedi e\u011fitiminin g\u00fc\u00e7 oldu\u011funu s\u00f6ylediler. \u00d6yle de\u011fil. Benimki beni iki g\u00fcnde e\u011fitti.\u201d\u2014Bill Dana\u201cHuzuru simgeleyen evrensel bir ses se\u00e7mek gerekseydi ben kesinlikle m\u0131rlamaya oy verirdim.\u201d\u2014Barbara L. Diamond\u201cBir hayvan\u0131 sevmedi\u011finiz s\u00fcrece, ruhunuzun bir b\u00f6l\u00fcm\u00fc \u0131\u015f\u0131lt\u0131dan yoksun, uyu\u015fuk kalacakt\u0131r.\u201d\u2014Anayole France<\/p>\n","protected":false},"excerpt":{"rendered":"<p>\u0130\u015fte kedim Ziggy\u2019nin son s\u0131rlar\u0131. Ebedi uykusuna dalmadan birka\u00e7 hafta \u00f6nce bana sizinle payla\u015faca\u011f\u0131ma s\u00f6z verdirdi\u011fi 101 k\u00fc\u00e7\u00fck mutluluk..\u2014Stephane Garnier\u201cYa\u015fam\u0131m\u0131z bizim de\u011fi\u015fmemizi beklerken, neye yarar ya\u015fam\u0131m\u0131z\u0131n<span class=\"excerpt-hellip\"> [\u2026]<\/span><\/p>\n","protected":false},"featured_media":0,"template":"","meta":{"_monsterinsights_skip_tracking":false,"_monsterinsights_sitenote_active":false,"_monsterinsights_sitenote_note":"","_monsterinsights_sitenote_category":0},"product_brand":[],"product_cat":[12364,12376],"product_tag":[],"class_list":{"0":"post-781465","1":"product","2":"type-product","3":"status-publish","5":"product_cat-genel-konular","6":"product_cat-kisisel-gelisim","7":"pa_cilt-ciltsiz","8":"pa_tur-kitap","9":"pa_yayinevi-paloma-yayinevi","10":"pa_yazar-stephane-garnier","12":"first","13":"instock","14":"sale","15":"shipping-taxable","16":"purchasable","17":"product-type-simple"},"_links":{"self":[{"href":"https:\/\/roveyayinevi.com.tr\/index.php\/wp-json\/wp\/v2\/product\/781465","targetHints":{"allow":["GET"]}}],"collection":[{"href":"https:\/\/roveyayinevi.com.tr\/index.php\/wp-json\/wp\/v2\/product"}],"about":[{"href":"https:\/\/roveyayinevi.com.tr\/index.php\/wp-json\/wp\/v2\/types\/product"}],"wp:attachment":[{"href":"https:\/\/roveyayinevi.com.tr\/index.php\/wp-json\/wp\/v2\/media?parent=781465"}],"wp:term":[{"taxonomy":"product_brand","embeddable":true,"href":"https:\/\/roveyayinevi.com.tr\/index.php\/wp-json\/wp\/v2\/product_brand?post=781465"},{"taxonomy":"product_cat","embeddable":true,"href":"https:\/\/roveyayinevi.com.tr\/index.php\/wp-json\/wp\/v2\/product_cat?post=781465"},{"taxonomy":"product_tag","embeddable":true,"href":"https:\/\/roveyayinevi.com.tr\/index.php\/wp-json\/wp\/v2\/product_tag?post=781465"}],"curies":[{"name":"wp","href":"https:\/\/api.w.org\/{rel}","templated":true}]}}