{"id":781464,"date":"2026-01-23T02:55:58","date_gmt":"2026-01-22T23:55:58","guid":{"rendered":"https:\/\/roveyayinevi.com.tr\/index.php\/urun\/dagin-kalbi\/"},"modified":"2026-04-16T02:43:57","modified_gmt":"2026-04-15T23:43:57","slug":"dagin-kalbi","status":"publish","type":"product","link":"https:\/\/roveyayinevi.com.tr\/index.php\/urun\/dagin-kalbi\/","title":{"rendered":"Da\u011f\u0131n Kalbi"},"content":{"rendered":"<p>Parisli gen\u00e7 bir mimarl\u0131k \u00f6\u011frencisi olan Pierre, \u0130svi\u00e7re\u2019de bir da\u011f\u0131n kalbinde bulunan Vals Kapl\u0131calar\u0131\u2019na gider. Ayn\u0131 zamanda tezinin konusu olan bu yap\u0131, e\u015fsiz \u00e7izgileriyle onu b\u00fcy\u00fclemekte ve hayallere dald\u0131rmaktad\u0131r. Yap\u0131n\u0131n dilden dile dola\u015fan gizemli bir \u00f6yk\u00fcs\u00fc vard\u0131r ve Pierre bu \u00f6yk\u00fcye ikna olup ger\u00e7eklerin kap\u0131s\u0131n\u0131 aralamaya karar verir. <\/p>\n","protected":false},"excerpt":{"rendered":"<p>Parisli gen\u00e7 bir mimarl\u0131k \u00f6\u011frencisi olan Pierre, \u0130svi\u00e7re\u2019de bir da\u011f\u0131n kalbinde bulunan Vals Kapl\u0131calar\u0131\u2019na gider. Ayn\u0131 zamanda tezinin konusu olan bu yap\u0131, e\u015fsiz \u00e7izgileriyle onu b\u00fcy\u00fclemekte<span class=\"excerpt-hellip\"> [\u2026]<\/span><\/p>\n","protected":false},"featured_media":0,"template":"","meta":{"_monsterinsights_skip_tracking":false,"_monsterinsights_sitenote_active":false,"_monsterinsights_sitenote_note":"","_monsterinsights_sitenote_category":0},"product_brand":[],"product_cat":[12416,12291],"product_tag":[],"class_list":{"0":"post-781464","1":"product","2":"type-product","3":"status-publish","5":"product_cat-cizgi-roman","6":"product_cat-edebiyat","7":"pa_cilt-ciltsiz","8":"pa_tur-kitap","9":"pa_yayinevi-kara-karga-yayinlari","10":"pa_yazar-lucas-harari","12":"first","13":"instock","14":"sale","15":"shipping-taxable","16":"purchasable","17":"product-type-simple"},"_links":{"self":[{"href":"https:\/\/roveyayinevi.com.tr\/index.php\/wp-json\/wp\/v2\/product\/781464","targetHints":{"allow":["GET"]}}],"collection":[{"href":"https:\/\/roveyayinevi.com.tr\/index.php\/wp-json\/wp\/v2\/product"}],"about":[{"href":"https:\/\/roveyayinevi.com.tr\/index.php\/wp-json\/wp\/v2\/types\/product"}],"wp:attachment":[{"href":"https:\/\/roveyayinevi.com.tr\/index.php\/wp-json\/wp\/v2\/media?parent=781464"}],"wp:term":[{"taxonomy":"product_brand","embeddable":true,"href":"https:\/\/roveyayinevi.com.tr\/index.php\/wp-json\/wp\/v2\/product_brand?post=781464"},{"taxonomy":"product_cat","embeddable":true,"href":"https:\/\/roveyayinevi.com.tr\/index.php\/wp-json\/wp\/v2\/product_cat?post=781464"},{"taxonomy":"product_tag","embeddable":true,"href":"https:\/\/roveyayinevi.com.tr\/index.php\/wp-json\/wp\/v2\/product_tag?post=781464"}],"curies":[{"name":"wp","href":"https:\/\/api.w.org\/{rel}","templated":true}]}}