{"id":781459,"date":"2026-01-23T02:54:38","date_gmt":"2026-01-22T23:54:38","guid":{"rendered":"https:\/\/roveyayinevi.com.tr\/index.php\/urun\/dceased-1\/"},"modified":"2026-02-03T02:58:54","modified_gmt":"2026-02-02T23:58:54","slug":"dceased-1","status":"publish","type":"product","link":"https:\/\/roveyayinevi.com.tr\/index.php\/urun\/dceased-1\/","title":{"rendered":"Dceased 1"},"content":{"rendered":"<p>HER \u015eEY\u0130N SONU BURADA BA\u015eLIYOR!   Alt\u0131 y\u00fcz milyon insan. \u0130\u015fte bu kadar insan D\u00fcnya\u2019ya sal\u0131nan gizemli bir tekno-organik vir\u00fcse kurban verildi. Vir\u00fcs alt\u0131 y\u00fcz milyon ki\u015fiye bula\u015ft\u0131. Alt\u0131 y\u00fcz milyon ki\u015fi \u00f6l\u00fcm ve y\u0131k\u0131m pe\u015finde ko\u015fan bilin\u00e7siz, kudurmu\u015f katillere d\u00f6n\u00fc\u015ft\u00fc.   Ve bu sadece ba\u015flang\u0131\u00e7.   \u015eehirler. Uluslar. Denizlerin alt\u0131ndaki krall\u0131klar ve cennet adalar. Birer birer, hepsi bu canavar s\u00fcr\u00fcs\u00fcne teslim olacak. \u015eimdiyse D\u00fcnya ve mutlak yok olu\u015f aras\u0131nda sadece Superman, Batman, Wonder Woman ve Justice League\u2019den geriye kalanlar duruyor.   Peki ne zamana kadar?   \u015eimdiye kadar kar\u015f\u0131la\u015ft\u0131klar\u0131 hi\u00e7bir \u015fey onlar\u0131 bu b\u00fcy\u00fckl\u00fckte bir sald\u0131r\u0131ya haz\u0131rlamam\u0131\u015ft\u0131. \u015eimdiye kadar g\u00f6rd\u00fckleri hi\u00e7bir \u015fey gezegeni etkisi alt\u0131na alan bu korku ve trajediyle boy \u00f6l\u00e7\u00fc\u015femezdi. Kahramanlar ve hainler, tanr\u0131lar ve canavarlar yery\u00fcz\u00fcnden silinirken geriye tek bir soru kal\u0131yordu: D\u00fcnyan\u0131n sonu geldi\u011finde D\u00fcnyan\u0131n En B\u00fcy\u00fck S\u00fcper Kahramanlar\u0131\u2019na ne olacak?   New York Times \u00e7ok satan yazarlar\u0131ndan Tom Taylor [Injustice], \u00e7izerler Trevor Hairsine [Red Hood and the Outlaws] ile Stefano Gaudiano\u2019ya [The Walking Dead] kat\u0131l\u0131yor ve DC Evreni\u2019nin alt\u0131 say\u0131dan olu\u015fan en karanl\u0131k hik\u00e2yesini yarat\u0131yorlar.   Yaln\u0131z dikkat edin: Korku bula\u015f\u0131c\u0131d\u0131r\u2026 <\/p>\n","protected":false},"excerpt":{"rendered":"<p>HER \u015eEY\u0130N SONU BURADA BA\u015eLIYOR! Alt\u0131 y\u00fcz milyon insan. \u0130\u015fte bu kadar insan D\u00fcnya\u2019ya sal\u0131nan gizemli bir tekno-organik vir\u00fcse kurban verildi. Vir\u00fcs alt\u0131 y\u00fcz milyon ki\u015fiye<span class=\"excerpt-hellip\"> [\u2026]<\/span><\/p>\n","protected":false},"featured_media":0,"template":"","meta":{"_monsterinsights_skip_tracking":false,"_monsterinsights_sitenote_active":false,"_monsterinsights_sitenote_note":"","_monsterinsights_sitenote_category":0},"product_brand":[],"product_cat":[12416,12291],"product_tag":[],"class_list":{"0":"post-781459","1":"product","2":"type-product","3":"status-publish","5":"product_cat-cizgi-roman","6":"product_cat-edebiyat","7":"pa_cilt-ciltsiz","8":"pa_tur-kitap","9":"pa_yayinevi-yapi-kredi-yayinlari","10":"pa_yazar-tom-taylor","12":"first","13":"instock","14":"sale","15":"shipping-taxable","16":"purchasable","17":"product-type-simple"},"_links":{"self":[{"href":"https:\/\/roveyayinevi.com.tr\/index.php\/wp-json\/wp\/v2\/product\/781459","targetHints":{"allow":["GET"]}}],"collection":[{"href":"https:\/\/roveyayinevi.com.tr\/index.php\/wp-json\/wp\/v2\/product"}],"about":[{"href":"https:\/\/roveyayinevi.com.tr\/index.php\/wp-json\/wp\/v2\/types\/product"}],"wp:attachment":[{"href":"https:\/\/roveyayinevi.com.tr\/index.php\/wp-json\/wp\/v2\/media?parent=781459"}],"wp:term":[{"taxonomy":"product_brand","embeddable":true,"href":"https:\/\/roveyayinevi.com.tr\/index.php\/wp-json\/wp\/v2\/product_brand?post=781459"},{"taxonomy":"product_cat","embeddable":true,"href":"https:\/\/roveyayinevi.com.tr\/index.php\/wp-json\/wp\/v2\/product_cat?post=781459"},{"taxonomy":"product_tag","embeddable":true,"href":"https:\/\/roveyayinevi.com.tr\/index.php\/wp-json\/wp\/v2\/product_tag?post=781459"}],"curies":[{"name":"wp","href":"https:\/\/api.w.org\/{rel}","templated":true}]}}