{"id":781457,"date":"2026-01-23T02:50:35","date_gmt":"2026-01-22T23:50:35","guid":{"rendered":"https:\/\/roveyayinevi.com.tr\/index.php\/urun\/kirik-bir-kalbi-nasil-onarirsin\/"},"modified":"2026-04-12T02:47:19","modified_gmt":"2026-04-11T23:47:19","slug":"kirik-bir-kalbi-nasil-onarirsin","status":"publish","type":"product","link":"https:\/\/roveyayinevi.com.tr\/index.php\/urun\/kirik-bir-kalbi-nasil-onarirsin\/","title":{"rendered":"K\u0131r\u0131k Bir Kalbi Nas\u0131l Onar\u0131rs\u0131n"},"content":{"rendered":"<p>Hepimizin kalbi k\u0131r\u0131l\u0131r. Sevdi\u011fimiz birini kaybettikten sonra ya da bir ili\u015fkinin son bulmas\u0131n\u0131n ard\u0131ndan yas tutar\u0131z. \u00c7aresizce zaman\u0131n iyile\u015ftirici g\u00fcc\u00fcne inan\u0131r\u0131z. G\u00fcnlerce, haftalarca, aylarca ac\u0131 \u00e7ekeriz. Yas\u0131 sonland\u0131rman\u0131n \u00e7arelerini ararken bazen ac\u0131ya tutunuruz, bazen onu yok saymaya \u00e7al\u0131\u015f\u0131r\u0131z. Karma\u015f\u0131k bir ruh haliyle yo\u011fun bir sisin i\u00e7inde kayboluruz ve \u00e7\u0131k\u0131\u015f yolumuzu bulamay\u0131z.Peki bu evrensel deneyim hakk\u0131nda ne kadar az \u015fey bildi\u011fimizin fark\u0131nda m\u0131y\u0131z? Hep s\u00f6ylendi\u011fi gibi, ger\u00e7ekten \u201czamanla ge\u00e7er\u201d mi?Dr. Guy Winch, K\u0131r\u0131k Bir Kalbi Nas\u0131l Onar\u0131rs\u0131n\u2019da ruh sa\u011fl\u0131\u011f\u0131 alan\u0131ndaki son d\u00f6nem ara\u015ft\u0131rma sonu\u00e7lar\u0131 ve uygulamalarla duygusal ac\u0131dan kurtulman\u0131n re\u00e7etesini ve umudunu sunuyor, h\u0131zl\u0131ca iyile\u015fmenin ve devam edebilmenin yollar\u0131n\u0131 anlat\u0131yor.Zaman\u0131n insaf\u0131na kalmay\u0131n. Bu kitap size zamandan daha iyi gelecek.<\/p>\n","protected":false},"excerpt":{"rendered":"<p>Hepimizin kalbi k\u0131r\u0131l\u0131r. Sevdi\u011fimiz birini kaybettikten sonra ya da bir ili\u015fkinin son bulmas\u0131n\u0131n ard\u0131ndan yas tutar\u0131z. \u00c7aresizce zaman\u0131n iyile\u015ftirici g\u00fcc\u00fcne inan\u0131r\u0131z. G\u00fcnlerce, haftalarca, aylarca ac\u0131 \u00e7ekeriz.<span class=\"excerpt-hellip\"> [\u2026]<\/span><\/p>\n","protected":false},"featured_media":0,"template":"","meta":{"_monsterinsights_skip_tracking":false,"_monsterinsights_sitenote_active":false,"_monsterinsights_sitenote_note":"","_monsterinsights_sitenote_category":0},"product_brand":[],"product_cat":[12364,12376],"product_tag":[],"class_list":{"0":"post-781457","1":"product","2":"type-product","3":"status-publish","5":"product_cat-genel-konular","6":"product_cat-kisisel-gelisim","7":"pa_cilt-ciltsiz","8":"pa_tur-kitap","9":"pa_yayinevi-aganta","10":"pa_yazar-guy-winch","12":"first","13":"instock","14":"sale","15":"shipping-taxable","16":"purchasable","17":"product-type-simple"},"_links":{"self":[{"href":"https:\/\/roveyayinevi.com.tr\/index.php\/wp-json\/wp\/v2\/product\/781457","targetHints":{"allow":["GET"]}}],"collection":[{"href":"https:\/\/roveyayinevi.com.tr\/index.php\/wp-json\/wp\/v2\/product"}],"about":[{"href":"https:\/\/roveyayinevi.com.tr\/index.php\/wp-json\/wp\/v2\/types\/product"}],"wp:attachment":[{"href":"https:\/\/roveyayinevi.com.tr\/index.php\/wp-json\/wp\/v2\/media?parent=781457"}],"wp:term":[{"taxonomy":"product_brand","embeddable":true,"href":"https:\/\/roveyayinevi.com.tr\/index.php\/wp-json\/wp\/v2\/product_brand?post=781457"},{"taxonomy":"product_cat","embeddable":true,"href":"https:\/\/roveyayinevi.com.tr\/index.php\/wp-json\/wp\/v2\/product_cat?post=781457"},{"taxonomy":"product_tag","embeddable":true,"href":"https:\/\/roveyayinevi.com.tr\/index.php\/wp-json\/wp\/v2\/product_tag?post=781457"}],"curies":[{"name":"wp","href":"https:\/\/api.w.org\/{rel}","templated":true}]}}