{"id":781455,"date":"2026-01-23T02:48:07","date_gmt":"2026-01-22T23:48:07","guid":{"rendered":"https:\/\/roveyayinevi.com.tr\/index.php\/urun\/fonksiyonel-yasam-modeli\/"},"modified":"2026-02-03T02:53:34","modified_gmt":"2026-02-02T23:53:34","slug":"fonksiyonel-yasam-modeli","status":"publish","type":"product","link":"https:\/\/roveyayinevi.com.tr\/index.php\/urun\/fonksiyonel-yasam-modeli\/","title":{"rendered":"Fonksiyonel Ya\u015fam Modeli"},"content":{"rendered":"<p>\u201cBesinler ilac\u0131n\u0131z, ilac\u0131n\u0131z besinler olsun.\u201d \u2013 Hipokrat G\u00fcn\u00fcm\u00fczde gittik\u00e7e artan say\u0131 ve \u00e7e\u015fitleriyle kronik hastal\u0131klar, bir\u00e7oklar\u0131n\u0131n hayatlar\u0131nda kara bir damga gibi yerini alm\u0131\u015f durumda. Belki sizler de diyabet, demans, kalp damar hastal\u0131klar\u0131, ha\u015fimato hastal\u0131\u011f\u0131, romatizmal hastal\u0131klar ve bunlar gibi daha bir\u00e7ok hastal\u0131ktan birisine veya birka\u00e7\u0131na sahip olarak ya\u015fam\u0131n\u0131z\u0131 ila\u00e7lara mahk\u00fbm bir \u015fekilde s\u00fcrd\u00fcrmeye \u00e7al\u0131\u015f\u0131yorsunuz. Peki size bu hastal\u0131klar kaderiniz de\u011fil ve asl\u0131nda hepsini \u00f6nlemek m\u00fcmk\u00fcn desem? Bu hastal\u0131klar\u0131n, g\u00fcnl\u00fck ya\u015fam\u0131n\u0131zda yapt\u0131\u011f\u0131n\u0131z ve bug\u00fcne kadar \u00f6nemini fark etmedi\u011finiz yanl\u0131\u015f al\u0131\u015fkanl\u0131klar\u0131n\u0131zdan, soludu\u011funuz, s\u00fcrd\u00fc\u011f\u00fcn\u00fcz, sofran\u0131za koyduklar\u0131n\u0131z, barda\u011f\u0131n\u0131za doldurduklar\u0131n\u0131zdan, kendinizi yoran bak\u0131\u015f a\u00e7\u0131lar\u0131ndan, koltuklara mahk\u00fbm ya\u015famlar\u0131n\u0131zdan kaynaklanabilece\u011fini hi\u00e7 d\u00fc\u015f\u00fcnd\u00fcn\u00fcz m\u00fc? Fonksiyonel t\u0131bb\u0131n b\u00fct\u00fcnsel bak\u0131\u015f a\u00e7\u0131s\u0131yla t\u0131bbi bilgiler e\u015fli\u011finde ya\u015fam\u0131n\u0131z\u0131n her alan\u0131na yeni bir anlay\u0131\u015f getirmenizi sa\u011flayacak bu kitapla, yepyeni ve sa\u011fl\u0131kl\u0131 bir ya\u015fama merhaba diyebilirsiniz. <\/p>\n","protected":false},"excerpt":{"rendered":"<p>\u201cBesinler ilac\u0131n\u0131z, ilac\u0131n\u0131z besinler olsun.\u201d \u2013 Hipokrat G\u00fcn\u00fcm\u00fczde gittik\u00e7e artan say\u0131 ve \u00e7e\u015fitleriyle kronik hastal\u0131klar, bir\u00e7oklar\u0131n\u0131n hayatlar\u0131nda kara bir damga gibi yerini alm\u0131\u015f durumda. Belki sizler<span class=\"excerpt-hellip\"> [\u2026]<\/span><\/p>\n","protected":false},"featured_media":0,"template":"","meta":{"_monsterinsights_skip_tracking":false,"_monsterinsights_sitenote_active":false,"_monsterinsights_sitenote_note":"","_monsterinsights_sitenote_category":0},"product_brand":[],"product_cat":[12364,12376],"product_tag":[],"class_list":{"0":"post-781455","1":"product","2":"type-product","3":"status-publish","5":"product_cat-genel-konular","6":"product_cat-kisisel-gelisim","7":"pa_cilt-ciltsiz","8":"pa_tur-kitap","9":"pa_yayinevi-destek-yayinlari","10":"pa_yazar-erkan-sariyildiz","12":"first","13":"instock","14":"sale","15":"shipping-taxable","16":"purchasable","17":"product-type-simple"},"_links":{"self":[{"href":"https:\/\/roveyayinevi.com.tr\/index.php\/wp-json\/wp\/v2\/product\/781455","targetHints":{"allow":["GET"]}}],"collection":[{"href":"https:\/\/roveyayinevi.com.tr\/index.php\/wp-json\/wp\/v2\/product"}],"about":[{"href":"https:\/\/roveyayinevi.com.tr\/index.php\/wp-json\/wp\/v2\/types\/product"}],"wp:attachment":[{"href":"https:\/\/roveyayinevi.com.tr\/index.php\/wp-json\/wp\/v2\/media?parent=781455"}],"wp:term":[{"taxonomy":"product_brand","embeddable":true,"href":"https:\/\/roveyayinevi.com.tr\/index.php\/wp-json\/wp\/v2\/product_brand?post=781455"},{"taxonomy":"product_cat","embeddable":true,"href":"https:\/\/roveyayinevi.com.tr\/index.php\/wp-json\/wp\/v2\/product_cat?post=781455"},{"taxonomy":"product_tag","embeddable":true,"href":"https:\/\/roveyayinevi.com.tr\/index.php\/wp-json\/wp\/v2\/product_tag?post=781455"}],"curies":[{"name":"wp","href":"https:\/\/api.w.org\/{rel}","templated":true}]}}