{"id":781453,"date":"2026-01-23T02:45:58","date_gmt":"2026-01-22T23:45:58","guid":{"rendered":"https:\/\/roveyayinevi.com.tr\/index.php\/urun\/terapi-odasi\/"},"modified":"2026-02-23T11:38:26","modified_gmt":"2026-02-23T08:38:26","slug":"terapi-odasi","status":"publish","type":"product","link":"https:\/\/roveyayinevi.com.tr\/index.php\/urun\/terapi-odasi\/","title":{"rendered":"Terapi Odas\u0131"},"content":{"rendered":"<p>De\u011fi\u015fim, bir senaryoda ya\u015fad\u0131\u011f\u0131n\u0131z\u0131 fark etmenizle ba\u015flar&#8230; Evreni unut, \u00e7ekim yasas\u0131n\u0131 da&#8230; Ya\u015fad\u0131\u011f\u0131n \u015feylerin kayna\u011f\u0131 s\u0131r de\u011fil. Gizli sakl\u0131 bir \u015fey yok asl\u0131nda. Sadece \u015fimdiye kadar nereye, nas\u0131l bakaca\u011f\u0131n\u0131 bilmiyordun, o kadar&#8230; Neden problemler hep seni buluyor? Aldat\u0131lan neden hep sen oluyorsun? \u0130nsanlar sana neden istedi\u011fin gibi davranm\u0131yor? \u0130htiyac\u0131n olan ili\u015fkiyi ya\u015faman\u0131n yolu ne yapmaktan ge\u00e7iyor? Terk edilme korkusuyla nas\u0131l ba\u015fa \u00e7\u0131kabilirsin? Sevgilin ya da e\u015fin sana t\u0131pk\u0131 annen baban gibi mi davran\u0131yor? Onun arkas\u0131n\u0131 toplamaktan kurtulmak m\u0131 istiyorsun? B\u00fct\u00fcn bu sorular\u0131n ve daha fazlas\u0131n\u0131n cevab\u0131 bu kitapta&#8230; Art\u0131k senin de bir terapi odan var&#8230; Ama unutma ki terapi her ne kadar sen odadayken ba\u015flasa da zihinde devam eder ve sonlan\u0131r. Kendi terapistin olmaya haz\u0131r m\u0131s\u0131n? Kendi terapi odanda kendinle kar\u015f\u0131 kar\u015f\u0131ya gelmeye var m\u0131s\u0131n? O halde bir senaryonun i\u00e7inde ya\u015fad\u0131\u011f\u0131n\u0131n fark\u0131nda olmal\u0131 ve de\u011fi\u015fimi ba\u015flatmal\u0131s\u0131n&#8230; Transaksiyonel Analiz, Bili\u015fsel Davran\u0131\u015f\u00e7\u0131 Terapi, Sistemik Cinsel Terapi ve Hipnoterapi \u00fczerine uzun y\u0131llard\u0131r \u00e7al\u0131\u015fan \u0130zzet Z\u00fclk\u00fcf \u00c7elik, Transaksiyonel Analiz ile di\u011fer psikoterapi ekollerini bir araya getirerek insanlar\u0131, ili\u015fkileri, d\u00fcnyay\u0131 ve kendimizi anlamak \u00fczere yeni bir yol haritas\u0131 olu\u015fturuyor. <\/p>\n","protected":false},"excerpt":{"rendered":"<p>De\u011fi\u015fim, bir senaryoda ya\u015fad\u0131\u011f\u0131n\u0131z\u0131 fark etmenizle ba\u015flar&#8230; Evreni unut, \u00e7ekim yasas\u0131n\u0131 da&#8230; Ya\u015fad\u0131\u011f\u0131n \u015feylerin kayna\u011f\u0131 s\u0131r de\u011fil. Gizli sakl\u0131 bir \u015fey yok asl\u0131nda. Sadece \u015fimdiye kadar<span class=\"excerpt-hellip\"> [\u2026]<\/span><\/p>\n","protected":false},"featured_media":0,"template":"","meta":{"_monsterinsights_skip_tracking":false,"_monsterinsights_sitenote_active":false,"_monsterinsights_sitenote_note":"","_monsterinsights_sitenote_category":0},"product_brand":[],"product_cat":[12364,12376],"product_tag":[],"class_list":{"0":"post-781453","1":"product","2":"type-product","3":"status-publish","5":"product_cat-genel-konular","6":"product_cat-kisisel-gelisim","7":"pa_cilt-ciltsiz","8":"pa_tur-kitap","9":"pa_yayinevi-destek-yayinlari","10":"pa_yazar-izzet-zulkuf-celik","12":"first","13":"instock","14":"sale","15":"shipping-taxable","16":"purchasable","17":"product-type-simple"},"_links":{"self":[{"href":"https:\/\/roveyayinevi.com.tr\/index.php\/wp-json\/wp\/v2\/product\/781453","targetHints":{"allow":["GET"]}}],"collection":[{"href":"https:\/\/roveyayinevi.com.tr\/index.php\/wp-json\/wp\/v2\/product"}],"about":[{"href":"https:\/\/roveyayinevi.com.tr\/index.php\/wp-json\/wp\/v2\/types\/product"}],"wp:attachment":[{"href":"https:\/\/roveyayinevi.com.tr\/index.php\/wp-json\/wp\/v2\/media?parent=781453"}],"wp:term":[{"taxonomy":"product_brand","embeddable":true,"href":"https:\/\/roveyayinevi.com.tr\/index.php\/wp-json\/wp\/v2\/product_brand?post=781453"},{"taxonomy":"product_cat","embeddable":true,"href":"https:\/\/roveyayinevi.com.tr\/index.php\/wp-json\/wp\/v2\/product_cat?post=781453"},{"taxonomy":"product_tag","embeddable":true,"href":"https:\/\/roveyayinevi.com.tr\/index.php\/wp-json\/wp\/v2\/product_tag?post=781453"}],"curies":[{"name":"wp","href":"https:\/\/api.w.org\/{rel}","templated":true}]}}