{"id":781449,"date":"2026-01-23T02:45:05","date_gmt":"2026-01-22T23:45:05","guid":{"rendered":"https:\/\/roveyayinevi.com.tr\/index.php\/urun\/pozitif-gucun-buyusu\/"},"modified":"2026-04-16T02:35:18","modified_gmt":"2026-04-15T23:35:18","slug":"pozitif-gucun-buyusu","status":"publish","type":"product","link":"https:\/\/roveyayinevi.com.tr\/index.php\/urun\/pozitif-gucun-buyusu\/","title":{"rendered":"Pozitif G\u00fcc\u00fcn B\u00fcy\u00fcs\u00fc"},"content":{"rendered":"<p>D\u00fcnyan\u0131n en \u00e7ok okunan yazarlar\u0131ndan Louise L. Hay elinizdeki bu kitapla d\u00fc\u015f\u00fcncelerinizi, inan\u00e7lar\u0131n\u0131z\u0131 ve duygular\u0131n\u0131z\u0131 pozitif y\u00f6nde derinle\u015ftirerek, duygular\u0131n\u0131z\u0131n \u00e7evrenize co\u015fkuyla akmas\u0131na yard\u0131mc\u0131 olacak. Pozitif d\u00fc\u015f\u00fcnce g\u00fcc\u00fcn\u00fcn b\u00fcy\u00fcs\u00fcn\u00fc, insan\u0131n kendini tan\u0131y\u0131p hayatla bar\u0131\u015f\u0131k kalmas\u0131n\u0131 sa\u011flay\u0131p mucizeler yaratt\u0131\u011f\u0131n\u0131 b\u00fcy\u00fck bir keyifle okuyacaks\u0131n\u0131z.Bu kitapta \u00f6\u011frenilecek \u00e7ok \u015fey var ama hepsini bir seferde \u00f6z\u00fcmseyebilece\u011finizi d\u00fc\u015f\u00fcnmeyin. Baz\u0131 fikirler ho\u015funuza gidebilir, bu y\u00fczden i\u015fe bildi\u011finiz yerden ba\u015flay\u0131n. Bu kitaptan sadece tek bir iyi ders \u00e7\u0131karabilir ve onu ya\u015fam kalitenizi y\u00fckseltmek i\u00e7in kullanabilirseniz, o zaman ger\u00e7ekten ilerleme kaydetmi\u015f olursunuz. Kitab\u0131 okurken fark\u0131nda olman\u0131z gereken \u00f6nemli bir \u015fey, \u201cd\u0131\u015far\u0131da\u201d ar\u0131yor olabilece\u011finiz \u015feyin ger\u00e7ekte i\u00e7inizde ve olumlu y\u00f6nlerde kullanman\u0131z i\u00e7in haz\u0131r oldu\u011fudur. Dilerim, bu kitap ger\u00e7ekte ne kadar g\u00fc\u00e7l\u00fc oldu\u011funuzu anlam\u0131n\u0131z i\u00e7in size yard\u0131mc\u0131 olur.&#8221;Louise Hay, yazd\u0131klar\u0131yla b\u00fct\u00fcn iyile\u015fmenin ba\u015flad\u0131\u011f\u0131 yer olan ruhunuza sesleniyor. Bu kitaba bay\u0131ld\u0131m&#8230; Louise Hay&#8217;e de.&#8221;Dr. Wayne W. DyerLouise Hay, bir metafizik \u00f6\u011fretmeni ve ayn\u0131 zamanda \u00e7ok say\u0131da eserin yazar\u0131d\u0131r. Kitaplar\u0131 35 \u00fclkede 29 farkl\u0131 dile \u00e7evrilmi\u015ftir. 1981 y\u0131l\u0131nda bir Zihin Bilimi temsilcisi olarak kariyerine ba\u015flad\u0131\u011f\u0131ndan beri, Louise ki\u015fisel geli\u015fim ve i\u00e7sel \u015fifa i\u00e7in kendi yarat\u0131c\u0131 g\u00fc\u00e7lerini kullanmalar\u0131 ad\u0131na milyonlarca insana yard\u0131m etmi\u015ftir.<\/p>\n","protected":false},"excerpt":{"rendered":"<p>D\u00fcnyan\u0131n en \u00e7ok okunan yazarlar\u0131ndan Louise L. Hay elinizdeki bu kitapla d\u00fc\u015f\u00fcncelerinizi, inan\u00e7lar\u0131n\u0131z\u0131 ve duygular\u0131n\u0131z\u0131 pozitif y\u00f6nde derinle\u015ftirerek, duygular\u0131n\u0131z\u0131n \u00e7evrenize co\u015fkuyla akmas\u0131na yard\u0131mc\u0131 olacak. Pozitif d\u00fc\u015f\u00fcnce<span class=\"excerpt-hellip\"> [\u2026]<\/span><\/p>\n","protected":false},"featured_media":0,"template":"","meta":{"_monsterinsights_skip_tracking":false,"_monsterinsights_sitenote_active":false,"_monsterinsights_sitenote_note":"","_monsterinsights_sitenote_category":0},"product_brand":[],"product_cat":[12364,12376],"product_tag":[],"class_list":{"0":"post-781449","1":"product","2":"type-product","3":"status-publish","5":"product_cat-genel-konular","6":"product_cat-kisisel-gelisim","7":"pa_cilt-ciltsiz","8":"pa_tur-kitap","9":"pa_yayinevi-diyojen-yayincilik","10":"pa_yazar-louise-l-hay","12":"first","13":"instock","14":"sale","15":"shipping-taxable","16":"purchasable","17":"product-type-simple"},"_links":{"self":[{"href":"https:\/\/roveyayinevi.com.tr\/index.php\/wp-json\/wp\/v2\/product\/781449","targetHints":{"allow":["GET"]}}],"collection":[{"href":"https:\/\/roveyayinevi.com.tr\/index.php\/wp-json\/wp\/v2\/product"}],"about":[{"href":"https:\/\/roveyayinevi.com.tr\/index.php\/wp-json\/wp\/v2\/types\/product"}],"wp:attachment":[{"href":"https:\/\/roveyayinevi.com.tr\/index.php\/wp-json\/wp\/v2\/media?parent=781449"}],"wp:term":[{"taxonomy":"product_brand","embeddable":true,"href":"https:\/\/roveyayinevi.com.tr\/index.php\/wp-json\/wp\/v2\/product_brand?post=781449"},{"taxonomy":"product_cat","embeddable":true,"href":"https:\/\/roveyayinevi.com.tr\/index.php\/wp-json\/wp\/v2\/product_cat?post=781449"},{"taxonomy":"product_tag","embeddable":true,"href":"https:\/\/roveyayinevi.com.tr\/index.php\/wp-json\/wp\/v2\/product_tag?post=781449"}],"curies":[{"name":"wp","href":"https:\/\/api.w.org\/{rel}","templated":true}]}}