{"id":781448,"date":"2026-01-23T02:45:01","date_gmt":"2026-01-22T23:45:01","guid":{"rendered":"https:\/\/roveyayinevi.com.tr\/index.php\/urun\/ay-isiginin-altinda\/"},"modified":"2026-04-16T02:35:17","modified_gmt":"2026-04-15T23:35:17","slug":"ay-isiginin-altinda","status":"publish","type":"product","link":"https:\/\/roveyayinevi.com.tr\/index.php\/urun\/ay-isiginin-altinda\/","title":{"rendered":"Ay I\u015f\u0131\u011f\u0131n\u0131n Alt\u0131nda"},"content":{"rendered":"<p>Selina Kyle d\u00fc\u015f\u00fcnd\u00fc\u011f\u00fcnden daha g\u00fc\u00e7l\u00fcyd\u00fc. On be\u015f y\u0131l boyunca annesinin yanl\u0131\u015f se\u00e7imlerine g\u00f6\u011f\u00fcs germi\u015fti ancak annesinin son sevgilisi \u00f6ncekilerden daha zalim \u00e7\u0131k\u0131nca, Selina evdeki yerini d\u00fc\u015f\u00fcnmeye ba\u015flad\u0131. Dernell ile Selina\u2019n\u0131n ayn\u0131 \u00e7at\u0131 alt\u0131nda ya\u015famas\u0131 m\u00fcmk\u00fcn de\u011fildi ve adam\u0131n hi\u00e7bir yere gitmeye niyeti yoktu. Gitmesi gereken Selina olacak gibi g\u00f6r\u00fcn\u00fcyordu&#8230;New York Times \u00e7oksatan yazar\u0131 Lauren Myracle ve \u00e7izer Isaac Goodhart\u2019tan en zor \u015feylerle ba\u015fa \u00e7\u0131kabilme ve en beklenmedik anlarda yaln\u0131z olmad\u0131\u011f\u0131n\u0131z\u0131 ke\u015ffetmek \u00fczerine bir hik\u00e2ye.\u201cYaln\u0131z ba\u015f\u0131na kalm\u0131\u015f kararl\u0131 bir gen\u00e7 k\u0131z\u0131n s\u0131k\u0131 bir anti-kahramana d\u00f6n\u00fc\u015fmesinin y\u00fcrek burkan, trajik hik\u00e2yesi.\u201dKristin Hannah, 1# New York Times \u00e7oksatan yazar\u0131<\/p>\n","protected":false},"excerpt":{"rendered":"<p>Selina Kyle d\u00fc\u015f\u00fcnd\u00fc\u011f\u00fcnden daha g\u00fc\u00e7l\u00fcyd\u00fc. On be\u015f y\u0131l boyunca annesinin yanl\u0131\u015f se\u00e7imlerine g\u00f6\u011f\u00fcs germi\u015fti ancak annesinin son sevgilisi \u00f6ncekilerden daha zalim \u00e7\u0131k\u0131nca, Selina evdeki yerini d\u00fc\u015f\u00fcnmeye<span class=\"excerpt-hellip\"> [\u2026]<\/span><\/p>\n","protected":false},"featured_media":0,"template":"","meta":{"_monsterinsights_skip_tracking":false,"_monsterinsights_sitenote_active":false,"_monsterinsights_sitenote_note":"","_monsterinsights_sitenote_category":0},"product_brand":[],"product_cat":[12416,12291],"product_tag":[],"class_list":{"0":"post-781448","1":"product","2":"type-product","3":"status-publish","5":"product_cat-cizgi-roman","6":"product_cat-edebiyat","7":"pa_cilt-ciltsiz","8":"pa_tur-kitap","9":"pa_yayinevi-epsilon-yayinlari","10":"pa_yazar-lauren-myracle","12":"first","13":"instock","14":"sale","15":"shipping-taxable","16":"purchasable","17":"product-type-simple"},"_links":{"self":[{"href":"https:\/\/roveyayinevi.com.tr\/index.php\/wp-json\/wp\/v2\/product\/781448","targetHints":{"allow":["GET"]}}],"collection":[{"href":"https:\/\/roveyayinevi.com.tr\/index.php\/wp-json\/wp\/v2\/product"}],"about":[{"href":"https:\/\/roveyayinevi.com.tr\/index.php\/wp-json\/wp\/v2\/types\/product"}],"wp:attachment":[{"href":"https:\/\/roveyayinevi.com.tr\/index.php\/wp-json\/wp\/v2\/media?parent=781448"}],"wp:term":[{"taxonomy":"product_brand","embeddable":true,"href":"https:\/\/roveyayinevi.com.tr\/index.php\/wp-json\/wp\/v2\/product_brand?post=781448"},{"taxonomy":"product_cat","embeddable":true,"href":"https:\/\/roveyayinevi.com.tr\/index.php\/wp-json\/wp\/v2\/product_cat?post=781448"},{"taxonomy":"product_tag","embeddable":true,"href":"https:\/\/roveyayinevi.com.tr\/index.php\/wp-json\/wp\/v2\/product_tag?post=781448"}],"curies":[{"name":"wp","href":"https:\/\/api.w.org\/{rel}","templated":true}]}}