{"id":781447,"date":"2026-01-23T02:44:56","date_gmt":"2026-01-22T23:44:56","guid":{"rendered":"https:\/\/roveyayinevi.com.tr\/index.php\/urun\/ekinokslar\/"},"modified":"2026-04-16T02:35:14","modified_gmt":"2026-04-15T23:35:14","slug":"ekinokslar","status":"publish","type":"product","link":"https:\/\/roveyayinevi.com.tr\/index.php\/urun\/ekinokslar\/","title":{"rendered":"Ekinokslar"},"content":{"rendered":"<p>&#8211; Belki de bu \u015f\u00fcpheler o kadar da k\u00f6t\u00fc de\u011fildir. &#8211; Nas\u0131l yani? &#8211; \u015e\u00fcphe bir dengesizlik yarat\u0131yor. Ama harekete de ge\u00e7iriyor. Ekinokslar s\u0131ras\u0131nda gece ve g\u00fcnd\u00fcz s\u00fcresi e\u015fitlenir. \u00d6yle ki; sanki d\u00fcnya g\u00f6lge ve \u0131\u015f\u0131k aras\u0131nda dengeyi bulmu\u015f gibi olur. Kaderimizin cilvesi gibi, pamuk ipli\u011fine ba\u011fl\u0131 bir denge. Farkl\u0131 co\u011frafyalardan, farkl\u0131 ufuklardan, farkl\u0131 toplumsal tabakalardan gelen d\u00f6rt ki\u015finin ba\u015f\u0131na gelen ve d\u00f6rt mevsimle anlat\u0131lan bir hik\u00e2ye. Ba\u015fka yaln\u0131zl\u0131klarla kar\u015f\u0131la\u015facak olan dengesi mu\u011flak varl\u0131klar\u0131n hik\u00e2yesi. Hayat\u0131n anlam\u0131n\u0131 sorgulayan bilmecelerle alabora olmu\u015f zihinleri ile tuttuklar\u0131 ipi birbiri ard\u0131na dokuyacaklar. Her mevsimin g\u00f6rsel bir karakteri oldu\u011fu gibi, her sesin de bir karakteri var bu kitapta. \u00c7a\u011fda\u015f \u00e7izgiroman\u0131n usta ismi Cyril Pedrosa, e\u015fsiz bir yo\u011funlu\u011fa ve hassasl\u0131\u011fa sahip \u00fcslubuyla \u2013mizah\u0131 da es ge\u00e7meden- \u00e7oksesli bir esere imza at\u0131yor.<\/p>\n","protected":false},"excerpt":{"rendered":"<p>&#8211; Belki de bu \u015f\u00fcpheler o kadar da k\u00f6t\u00fc de\u011fildir. &#8211; Nas\u0131l yani? &#8211; \u015e\u00fcphe bir dengesizlik yarat\u0131yor. Ama harekete de ge\u00e7iriyor. Ekinokslar s\u0131ras\u0131nda gece ve<span class=\"excerpt-hellip\"> [\u2026]<\/span><\/p>\n","protected":false},"featured_media":0,"template":"","meta":{"_monsterinsights_skip_tracking":false,"_monsterinsights_sitenote_active":false,"_monsterinsights_sitenote_note":"","_monsterinsights_sitenote_category":0},"product_brand":[],"product_cat":[12416,12291],"product_tag":[],"class_list":{"0":"post-781447","1":"product","2":"type-product","3":"status-publish","5":"product_cat-cizgi-roman","6":"product_cat-edebiyat","7":"pa_cilt-ciltsiz","8":"pa_tur-kitap","9":"pa_yayinevi-kara-karga-yayinlari","10":"pa_yazar-cyril-pedrosa","12":"first","13":"instock","14":"sale","15":"shipping-taxable","16":"purchasable","17":"product-type-simple"},"_links":{"self":[{"href":"https:\/\/roveyayinevi.com.tr\/index.php\/wp-json\/wp\/v2\/product\/781447","targetHints":{"allow":["GET"]}}],"collection":[{"href":"https:\/\/roveyayinevi.com.tr\/index.php\/wp-json\/wp\/v2\/product"}],"about":[{"href":"https:\/\/roveyayinevi.com.tr\/index.php\/wp-json\/wp\/v2\/types\/product"}],"wp:attachment":[{"href":"https:\/\/roveyayinevi.com.tr\/index.php\/wp-json\/wp\/v2\/media?parent=781447"}],"wp:term":[{"taxonomy":"product_brand","embeddable":true,"href":"https:\/\/roveyayinevi.com.tr\/index.php\/wp-json\/wp\/v2\/product_brand?post=781447"},{"taxonomy":"product_cat","embeddable":true,"href":"https:\/\/roveyayinevi.com.tr\/index.php\/wp-json\/wp\/v2\/product_cat?post=781447"},{"taxonomy":"product_tag","embeddable":true,"href":"https:\/\/roveyayinevi.com.tr\/index.php\/wp-json\/wp\/v2\/product_tag?post=781447"}],"curies":[{"name":"wp","href":"https:\/\/api.w.org\/{rel}","templated":true}]}}