{"id":781445,"date":"2026-01-23T02:43:59","date_gmt":"2026-01-22T23:43:59","guid":{"rendered":"https:\/\/roveyayinevi.com.tr\/index.php\/urun\/boksorler\/"},"modified":"2026-04-16T02:34:54","modified_gmt":"2026-04-15T23:34:54","slug":"boksorler","status":"publish","type":"product","link":"https:\/\/roveyayinevi.com.tr\/index.php\/urun\/boksorler\/","title":{"rendered":"Boks\u00f6rler"},"content":{"rendered":"<p>\u00c7in, 1898. Yabanc\u0131 misyonerler ve askerler k\u0131rsalda aylak aylak dola\u015f\u0131yor, \u00c7inli k\u00f6yl\u00fclere zorbal\u0131k ediyor ve soygunlar yap\u0131yor. Yolda\u015f Bao bu durumdan fazlas\u0131yla b\u0131km\u0131\u015f durumda. \u00c7in\u2019i yabanc\u0131 \u015feytanlardan \u00f6zg\u00fcrle\u015ftirmek i\u00e7in m\u00fccadele eden Boks\u00f6rler ordusu i\u00e7in, Antik \u00c7in tanr\u0131lar\u0131n\u0131n do\u011fal g\u00fc\u00e7lerini de kullanarak, asker toplamaya ba\u015fl\u0131yor. Halk kung-fu antrenmanlar\u0131yla kendini geli\u015ftirmeye \u00e7al\u0131\u015f\u0131yor. Her \u015feye ra\u011fmen, halk\u0131n isyan\u0131 \u015fiddetli bir bi\u00e7imde ba\u015far\u0131l\u0131. Ancak hi\u00e7bir \u015fey g\u00f6r\u00fcnd\u00fc\u011f\u00fc kadar kolay de\u011fildir\u2026 Yolda\u015f Bao, \u00c7in\u2019in zaferi i\u00e7in m\u00fccadele ediyor \u2014 fakat, ne u\u011fruna?   \u201cBu y\u0131l bas\u0131lan en etkileyici ve e\u011flenceli eserlerden biri.\u201d -San Francisco Chronicle   \u201c\u00c7ok y\u00f6nl\u00fc, ak\u0131ll\u0131ca, muhte\u015fem yaz\u0131lm\u0131\u015f bir \u00e7izgi roman.\u201d -The Miami Herald   \u201cVar olduklar\u0131 bedenlerden ve hayatlardan ka\u00e7may\u0131 dileyen \u00e7ocuklara bir masal niteli\u011finde.\u201d -Publishers Weekly   \u201cGene Luen Yang nadir bulunan bir \u015fey yaratm\u0131\u015f; Amerikan gen\u00e7li\u011fine dair anlatacak yeni bir \u015fey bulmu\u015f ve bunu gen\u00e7lere \u00f6zg\u00fc bir masala d\u00f6n\u00fc\u015ft\u00fcrm\u00fc\u015f.\u201d -The New York Times<\/p>\n","protected":false},"excerpt":{"rendered":"<p>\u00c7in, 1898. Yabanc\u0131 misyonerler ve askerler k\u0131rsalda aylak aylak dola\u015f\u0131yor, \u00c7inli k\u00f6yl\u00fclere zorbal\u0131k ediyor ve soygunlar yap\u0131yor. Yolda\u015f Bao bu durumdan fazlas\u0131yla b\u0131km\u0131\u015f durumda. \u00c7in\u2019i yabanc\u0131<span class=\"excerpt-hellip\"> [\u2026]<\/span><\/p>\n","protected":false},"featured_media":0,"template":"","meta":{"_monsterinsights_skip_tracking":false,"_monsterinsights_sitenote_active":false,"_monsterinsights_sitenote_note":"","_monsterinsights_sitenote_category":0},"product_brand":[],"product_cat":[12416,12291],"product_tag":[],"class_list":{"0":"post-781445","1":"product","2":"type-product","3":"status-publish","5":"product_cat-cizgi-roman","6":"product_cat-edebiyat","7":"pa_cilt-ciltsiz","8":"pa_tur-kitap","9":"pa_yayinevi-alfa-yayinlari","10":"pa_yazar-geneluen-yang","12":"first","13":"instock","14":"sale","15":"shipping-taxable","16":"purchasable","17":"product-type-simple"},"_links":{"self":[{"href":"https:\/\/roveyayinevi.com.tr\/index.php\/wp-json\/wp\/v2\/product\/781445","targetHints":{"allow":["GET"]}}],"collection":[{"href":"https:\/\/roveyayinevi.com.tr\/index.php\/wp-json\/wp\/v2\/product"}],"about":[{"href":"https:\/\/roveyayinevi.com.tr\/index.php\/wp-json\/wp\/v2\/types\/product"}],"wp:attachment":[{"href":"https:\/\/roveyayinevi.com.tr\/index.php\/wp-json\/wp\/v2\/media?parent=781445"}],"wp:term":[{"taxonomy":"product_brand","embeddable":true,"href":"https:\/\/roveyayinevi.com.tr\/index.php\/wp-json\/wp\/v2\/product_brand?post=781445"},{"taxonomy":"product_cat","embeddable":true,"href":"https:\/\/roveyayinevi.com.tr\/index.php\/wp-json\/wp\/v2\/product_cat?post=781445"},{"taxonomy":"product_tag","embeddable":true,"href":"https:\/\/roveyayinevi.com.tr\/index.php\/wp-json\/wp\/v2\/product_tag?post=781445"}],"curies":[{"name":"wp","href":"https:\/\/api.w.org\/{rel}","templated":true}]}}