{"id":781444,"date":"2026-01-23T02:41:11","date_gmt":"2026-01-22T23:41:11","guid":{"rendered":"https:\/\/roveyayinevi.com.tr\/index.php\/urun\/zaman-yaratmak\/"},"modified":"2026-04-16T02:32:20","modified_gmt":"2026-04-15T23:32:20","slug":"zaman-yaratmak","status":"publish","type":"product","link":"https:\/\/roveyayinevi.com.tr\/index.php\/urun\/zaman-yaratmak\/","title":{"rendered":"Zaman Yaratmak"},"content":{"rendered":"<p>G\u00fcn\u00fcm\u00fczde bilgiye ula\u015fmak ve fiziksel olarak bizden uzakta olan insanlarla ileti\u015fim kurmak olduk\u00e7a kolayla\u015ft\u0131. Ama bunun bir bedeli var. Hem de b\u00fcy\u00fck bir bedel.   Yan\u0131tlamam\u0131z gereken e-postalar, WhatsApp mesajlar\u0131 ve sosyal medya bildirimleri hayat\u0131m\u0131z\u0131n bir par\u00e7as\u0131 h\u00e2line geldi. Hep oradalar. Orada olmad\u0131klar\u0131nda da oradalar m\u0131 diye s\u00fcrekli kontrol edip duruyoruz. Bu durum biz fark\u0131nda olmadan en de\u011ferli iki \u015feyi elimizden al\u0131yor: Zaman\u0131m\u0131z\u0131 ve odaklanma g\u00fcc\u00fcm\u00fcz\u00fc.   Zaman Yaratmak kitab\u0131n\u0131n amac\u0131 olduk\u00e7a basit: Zaman\u0131m\u0131z\u0131 \u00e7alan \u015feylerden bizi kurtar\u0131p ger\u00e7ekte \u00f6nemli olana nas\u0131l odaklanaca\u011f\u0131m\u0131z\u0131 g\u00f6stermek.   \u201cB\u00fcy\u00fcleyici bir manifesto. Ayr\u0131ca ak\u0131ll\u0131 al\u0131\u015fkanl\u0131klar kazanmak i\u00e7in cesur bir k\u0131lavuz. Daha fazlas\u0131n\u0131 elde etmek istiyorsan\u0131z, bu kitab\u0131 okuyun.\u201d \u2014Charles Duhigg, Al\u0131\u015fkanl\u0131klar\u0131n G\u00fcc\u00fc kitab\u0131n\u0131n yazar\u0131   \u201cZamana ve onu ak\u0131ll\u0131ca nas\u0131l harcayaca\u011f\u0131na takm\u0131\u015f biri olarak, bu e\u011flenceli ve yararl\u0131 kitaba bay\u0131ld\u0131m.\u201d \u2014Ev Williams, Twitter ve Medium\u2019un Kurucusu   \u201cAk\u0131ll\u0131ca, e\u011flenceli ve sahada test edilmi\u015f bilgilerle dolu.\u201d \u2014Dan Heath, Anlar\u0131n G\u00fcc\u00fc kitab\u0131n\u0131n yazar\u0131   \u201cZaman Yaratmak, pratik ve e\u011flenceli bir kitap&#8230;  Dijital d\u00fcnya arac\u0131l\u0131\u011f\u0131yla gelen mesajlara yan\u0131t vermede yava\u015f olman\u0131n zaman\u0131m\u0131z\u0131n kontrol\u00fcn\u00fc ele ge\u00e7irmenin m\u00fcthi\u015f bir yolu oldu\u011fu ortaya \u00e7\u0131km\u0131\u015f bulunuyor.\u201d \u2014Harvard Business Review   \u201cZaman, yarat\u0131c\u0131 \u00e7al\u0131\u015fman\u0131n tek en b\u00fcy\u00fck bile\u015fenidir: Odaklanma zaman\u0131, deney yapma zaman\u0131, yarat\u0131c\u0131 becerilerde ustala\u015fma zaman\u0131. Zaman Yaratmak kitab\u0131 hepimize bu de\u011ferli emtiadan yeni rezervler bulman\u0131n yollar\u0131n\u0131 sunuyor. Kontrol\u00fc ele almak i\u00e7in m\u00fckemmel bir rehber.\u201d \u2014Tim Brown, IDEO CEO\u2019su   \u201c\u00c7o\u011funlukla g\u00fcndelik hayat\u0131n taleplerine saplan\u0131p kald\u0131\u011f\u0131m\u0131zdan, ger\u00e7ekten \u00f6nemli olan \u015feylere zaman bulmak i\u00e7in \u00e7\u0131rp\u0131n\u0131p duruyoruz. Bu g\u00fc\u00e7l\u00fc kitapta Jake Knapp ve John Zeratsky k\u00fc\u00e7\u00fck de\u011fi\u015fikliklerin, bize enerji veren insanlar ve etkinlikler i\u00e7in nas\u0131l daha fazla zaman kazand\u0131rabilece\u011fini a\u00e7\u0131kl\u0131yor. Daha mutlu ve ba\u015far\u0131l\u0131 bir ya\u015fam yaratmak isteyen herkes mutlaka okumal\u0131.\u201d \u2014Gretchen Rubin, Mutluluk Projesi kitab\u0131n\u0131n yazar\u0131<\/p>\n","protected":false},"excerpt":{"rendered":"<p>G\u00fcn\u00fcm\u00fczde bilgiye ula\u015fmak ve fiziksel olarak bizden uzakta olan insanlarla ileti\u015fim kurmak olduk\u00e7a kolayla\u015ft\u0131. Ama bunun bir bedeli var. Hem de b\u00fcy\u00fck bir bedel. Yan\u0131tlamam\u0131z gereken<span class=\"excerpt-hellip\"> [\u2026]<\/span><\/p>\n","protected":false},"featured_media":0,"template":"","meta":{"_monsterinsights_skip_tracking":false,"_monsterinsights_sitenote_active":false,"_monsterinsights_sitenote_note":"","_monsterinsights_sitenote_category":0},"product_brand":[],"product_cat":[12364,12376],"product_tag":[],"class_list":{"0":"post-781444","1":"product","2":"type-product","3":"status-publish","5":"product_cat-genel-konular","6":"product_cat-kisisel-gelisim","7":"pa_cilt-ciltsiz","8":"pa_tur-kitap","9":"pa_yayinevi-buzdagi-yayinlari","10":"pa_yazar-jake-knapp-john-zeratsky","12":"first","13":"instock","14":"sale","15":"shipping-taxable","16":"purchasable","17":"product-type-simple"},"_links":{"self":[{"href":"https:\/\/roveyayinevi.com.tr\/index.php\/wp-json\/wp\/v2\/product\/781444","targetHints":{"allow":["GET"]}}],"collection":[{"href":"https:\/\/roveyayinevi.com.tr\/index.php\/wp-json\/wp\/v2\/product"}],"about":[{"href":"https:\/\/roveyayinevi.com.tr\/index.php\/wp-json\/wp\/v2\/types\/product"}],"wp:attachment":[{"href":"https:\/\/roveyayinevi.com.tr\/index.php\/wp-json\/wp\/v2\/media?parent=781444"}],"wp:term":[{"taxonomy":"product_brand","embeddable":true,"href":"https:\/\/roveyayinevi.com.tr\/index.php\/wp-json\/wp\/v2\/product_brand?post=781444"},{"taxonomy":"product_cat","embeddable":true,"href":"https:\/\/roveyayinevi.com.tr\/index.php\/wp-json\/wp\/v2\/product_cat?post=781444"},{"taxonomy":"product_tag","embeddable":true,"href":"https:\/\/roveyayinevi.com.tr\/index.php\/wp-json\/wp\/v2\/product_tag?post=781444"}],"curies":[{"name":"wp","href":"https:\/\/api.w.org\/{rel}","templated":true}]}}