{"id":781443,"date":"2026-01-23T02:41:07","date_gmt":"2026-01-22T23:41:07","guid":{"rendered":"https:\/\/roveyayinevi.com.tr\/index.php\/urun\/bebek-dokun-hisset-kesfet-kelimeler\/"},"modified":"2026-01-24T02:45:52","modified_gmt":"2026-01-23T23:45:52","slug":"bebek-dokun-hisset-kesfet-kelimeler","status":"publish","type":"product","link":"https:\/\/roveyayinevi.com.tr\/index.php\/urun\/bebek-dokun-hisset-kesfet-kelimeler\/","title":{"rendered":"Bebek Dokun Hisset Ke\u015ffet \u2013 Kelimeler"},"content":{"rendered":"<p>SERT KAPAK VE SUYA DAYANIKLI SAYFALAR   Bebe\u011finiz, bu reng\u00e2renk kitapla ilk kelimelerini \u00f6\u011frenirken, minik parmaklar\u0131n\u0131 sayfalarda gezdirerek dokular\u0131 hissedecek! Bebe\u011finizin zihinsel geli\u015fimini desteklemek ve ince motor becerilerini geli\u015ftirmek i\u00e7in \u00f6zel olarak tasarlanan bu seriyi bebe\u011finiz \u00e7ok sevecek. <\/p>\n","protected":false},"excerpt":{"rendered":"<p>SERT KAPAK VE SUYA DAYANIKLI SAYFALAR Bebe\u011finiz, bu reng\u00e2renk kitapla ilk kelimelerini \u00f6\u011frenirken, minik parmaklar\u0131n\u0131 sayfalarda gezdirerek dokular\u0131 hissedecek! Bebe\u011finizin zihinsel geli\u015fimini desteklemek ve ince motor<span class=\"excerpt-hellip\"> [\u2026]<\/span><\/p>\n","protected":false},"featured_media":0,"template":"","meta":{"_monsterinsights_skip_tracking":false,"_monsterinsights_sitenote_active":false,"_monsterinsights_sitenote_note":"","_monsterinsights_sitenote_category":0},"product_brand":[],"product_cat":[15192,12274],"product_tag":[],"class_list":{"0":"post-781443","1":"product","2":"type-product","3":"status-publish","5":"product_cat-1-3-yas-kitaplari","6":"product_cat-cocuk-ve-genclik-kitaplari","7":"pa_cilt-ciltli","8":"pa_tur-kitap","9":"pa_yayinevi-pearson-cocuk-kitaplari","10":"pa_yazar-kolektif","12":"first","13":"outofstock","14":"sale","15":"shipping-taxable","16":"purchasable","17":"product-type-simple"},"_links":{"self":[{"href":"https:\/\/roveyayinevi.com.tr\/index.php\/wp-json\/wp\/v2\/product\/781443","targetHints":{"allow":["GET"]}}],"collection":[{"href":"https:\/\/roveyayinevi.com.tr\/index.php\/wp-json\/wp\/v2\/product"}],"about":[{"href":"https:\/\/roveyayinevi.com.tr\/index.php\/wp-json\/wp\/v2\/types\/product"}],"wp:attachment":[{"href":"https:\/\/roveyayinevi.com.tr\/index.php\/wp-json\/wp\/v2\/media?parent=781443"}],"wp:term":[{"taxonomy":"product_brand","embeddable":true,"href":"https:\/\/roveyayinevi.com.tr\/index.php\/wp-json\/wp\/v2\/product_brand?post=781443"},{"taxonomy":"product_cat","embeddable":true,"href":"https:\/\/roveyayinevi.com.tr\/index.php\/wp-json\/wp\/v2\/product_cat?post=781443"},{"taxonomy":"product_tag","embeddable":true,"href":"https:\/\/roveyayinevi.com.tr\/index.php\/wp-json\/wp\/v2\/product_tag?post=781443"}],"curies":[{"name":"wp","href":"https:\/\/api.w.org\/{rel}","templated":true}]}}