{"id":781441,"date":"2026-01-23T02:37:32","date_gmt":"2026-01-22T23:37:32","guid":{"rendered":"https:\/\/roveyayinevi.com.tr\/index.php\/urun\/hayvan-ciftligi-kutulu-ozel-baski\/"},"modified":"2026-01-24T02:41:45","modified_gmt":"2026-01-23T23:41:45","slug":"hayvan-ciftligi-kutulu-ozel-baski","status":"publish","type":"product","link":"https:\/\/roveyayinevi.com.tr\/index.php\/urun\/hayvan-ciftligi-kutulu-ozel-baski\/","title":{"rendered":"Hayvan \u00c7iftli\u011fi (Kutulu \u00d6zel Bask\u0131)"},"content":{"rendered":"<p>Can Yay\u0131nlar\u0131 \u00f6zel ah\u015fap kutusu, saman dokusuna sahip \u015f\u00f6mizi ve ciltli bask\u0131s\u0131yla Hayvan \u00c7iftli\u011fi\u2019ni okurlar\u0131yla tekrar bulu\u015fturuyor.Hayvan \u00c7iftli\u011fi, Utku Lomlu\u2019nun (Lom Creative) sanat y\u00f6netmenli\u011finde haz\u0131rlanan \u00f6zel bask\u0131s\u0131, seramik sanat\u00e7\u0131s\u0131 H\u00fclya S\u00f6zer\u2019in yapt\u0131\u011f\u0131 \u00e7amurdan heykellerin yer ald\u0131\u011f\u0131, kitaptaki en \u00e7arp\u0131c\u0131 sahneleri anlatan g\u00f6rselleriyle her edebiyat tutkununun koleksiyonunda olmay\u0131 hak ediyor.Kitaptan en \u00e7arp\u0131c\u0131 sahnelerin se\u00e7ilmesiyle ba\u015flayan proje, Hayvan \u00c7iftli\u011fi\u2019nin masals\u0131 fakat karamsar d\u00fcnyas\u0131n\u0131 yans\u0131tan heykellerin yap\u0131lmas\u0131yla devam etti. Boyutlar\u0131 10-30 cm aras\u0131nda de\u011fi\u015fen heykellerin her biri seramik \u00e7amurundan yap\u0131ld\u0131 ve yakla\u015f\u0131k iki ayl\u0131k bir s\u00fcrecin sonunda ortaya \u00e7\u0131kt\u0131. Orwell\u2019in kaleminden \u00e7\u0131kan karakterlerin ki\u015fili\u011fini kusursuz bir \u015fekilde betimleyen bu \u00e7amurdan heykeller, se\u00e7ilen sahnelere uygun kurgularla foto\u011frafland\u0131.George Orwell\u2019in modern zaman fabl\u0131 Hayvan \u00c7iftli\u011fi, koleksiyonerler i\u00e7in haz\u0131rlanan bu \u00f6zel bask\u0131s\u0131yla bir kez daha okurlara kap\u0131lar\u0131n\u0131 a\u00e7\u0131yor.  <\/p>\n","protected":false},"excerpt":{"rendered":"<p>Can Yay\u0131nlar\u0131 \u00f6zel ah\u015fap kutusu, saman dokusuna sahip \u015f\u00f6mizi ve ciltli bask\u0131s\u0131yla Hayvan \u00c7iftli\u011fi\u2019ni okurlar\u0131yla tekrar bulu\u015fturuyor.Hayvan \u00c7iftli\u011fi, Utku Lomlu\u2019nun (Lom Creative) sanat y\u00f6netmenli\u011finde haz\u0131rlanan \u00f6zel<span class=\"excerpt-hellip\"> [\u2026]<\/span><\/p>\n","protected":false},"featured_media":0,"template":"","meta":{"_monsterinsights_skip_tracking":false,"_monsterinsights_sitenote_active":false,"_monsterinsights_sitenote_note":"","_monsterinsights_sitenote_category":0},"product_brand":[],"product_cat":[12291,12711],"product_tag":[],"class_list":{"0":"post-781441","1":"product","2":"type-product","3":"status-publish","5":"product_cat-edebiyat","6":"product_cat-roman-oyku","7":"pa_cilt-ciltli","8":"pa_tur-kitap","9":"pa_yayinevi-can-yayinlari","10":"pa_yazar-george-orwell","12":"first","13":"outofstock","14":"sale","15":"shipping-taxable","16":"purchasable","17":"product-type-simple"},"_links":{"self":[{"href":"https:\/\/roveyayinevi.com.tr\/index.php\/wp-json\/wp\/v2\/product\/781441","targetHints":{"allow":["GET"]}}],"collection":[{"href":"https:\/\/roveyayinevi.com.tr\/index.php\/wp-json\/wp\/v2\/product"}],"about":[{"href":"https:\/\/roveyayinevi.com.tr\/index.php\/wp-json\/wp\/v2\/types\/product"}],"wp:attachment":[{"href":"https:\/\/roveyayinevi.com.tr\/index.php\/wp-json\/wp\/v2\/media?parent=781441"}],"wp:term":[{"taxonomy":"product_brand","embeddable":true,"href":"https:\/\/roveyayinevi.com.tr\/index.php\/wp-json\/wp\/v2\/product_brand?post=781441"},{"taxonomy":"product_cat","embeddable":true,"href":"https:\/\/roveyayinevi.com.tr\/index.php\/wp-json\/wp\/v2\/product_cat?post=781441"},{"taxonomy":"product_tag","embeddable":true,"href":"https:\/\/roveyayinevi.com.tr\/index.php\/wp-json\/wp\/v2\/product_tag?post=781441"}],"curies":[{"name":"wp","href":"https:\/\/api.w.org\/{rel}","templated":true}]}}