{"id":781440,"date":"2026-01-23T02:36:08","date_gmt":"2026-01-22T23:36:08","guid":{"rendered":"https:\/\/roveyayinevi.com.tr\/index.php\/urun\/sherlock-holmes-cemiyeti\/"},"modified":"2026-04-16T02:28:48","modified_gmt":"2026-04-15T23:28:48","slug":"sherlock-holmes-cemiyeti","status":"publish","type":"product","link":"https:\/\/roveyayinevi.com.tr\/index.php\/urun\/sherlock-holmes-cemiyeti\/","title":{"rendered":"Sherlock Holmes Cemiyeti"},"content":{"rendered":"<p>Ocak 1894 Sherlock Holmes\u2019un James Moriarty ile Taher Emara\u2019y\u0131 alt etmesinin \u00fczerinden bir bu\u00e7uk y\u0131l ge\u00e7mi\u015fti. Holmes, Londra\u2019n\u0131n merkezinde k\u00fc\u00e7\u00fck bir kitap\u00e7\u0131da sakin ve gizli bir hayat s\u00fcr\u00fcyordu, ta ki Krali\u00e7e Victoria beklenmedik bir bi\u00e7imde kendisine hizmet etmesini isteyene kadar.  Y\u0131llard\u0131r haber al\u0131nmayan keskin zek\u00e2l\u0131 ve k\u00f6t\u00fcc\u00fcl bilim insan\u0131 Aaron McBride, geri d\u00f6nm\u00fc\u015ft\u00fc ve her \u015fey onun ba\u015fkente bir sald\u0131r\u0131 d\u00fczenleyece\u011fini s\u00f6yl\u00fcyordu. Krali\u00e7e Victoria\u2019yla beraber d\u00fcnyan\u0131n kaderini sonsuza dek de\u011fi\u015ftirecek bir ara\u015ft\u0131rmaya ba\u015flarlar. D\u00fcnyan\u0131n kaderi art\u0131k Sherlock Holmes\u2019un elindeydi ve bazen yang\u0131na k\u00f6r\u00fckle gitmek gerekirdi.<\/p>\n","protected":false},"excerpt":{"rendered":"<p>Ocak 1894 Sherlock Holmes\u2019un James Moriarty ile Taher Emara\u2019y\u0131 alt etmesinin \u00fczerinden bir bu\u00e7uk y\u0131l ge\u00e7mi\u015fti. Holmes, Londra\u2019n\u0131n merkezinde k\u00fc\u00e7\u00fck bir kitap\u00e7\u0131da sakin ve gizli bir<span class=\"excerpt-hellip\"> [\u2026]<\/span><\/p>\n","protected":false},"featured_media":0,"template":"","meta":{"_monsterinsights_skip_tracking":false,"_monsterinsights_sitenote_active":false,"_monsterinsights_sitenote_note":"","_monsterinsights_sitenote_category":0},"product_brand":[],"product_cat":[12416,12291],"product_tag":[],"class_list":{"0":"post-781440","1":"product","2":"type-product","3":"status-publish","5":"product_cat-cizgi-roman","6":"product_cat-edebiyat","7":"pa_cilt-ciltsiz","8":"pa_tur-kitap","9":"pa_yayinevi-alfa-yayinlari","10":"pa_yazar-sylvaiin-cordurie-ronan-toulhoat","12":"first","13":"instock","14":"sale","15":"shipping-taxable","16":"purchasable","17":"product-type-simple"},"_links":{"self":[{"href":"https:\/\/roveyayinevi.com.tr\/index.php\/wp-json\/wp\/v2\/product\/781440","targetHints":{"allow":["GET"]}}],"collection":[{"href":"https:\/\/roveyayinevi.com.tr\/index.php\/wp-json\/wp\/v2\/product"}],"about":[{"href":"https:\/\/roveyayinevi.com.tr\/index.php\/wp-json\/wp\/v2\/types\/product"}],"wp:attachment":[{"href":"https:\/\/roveyayinevi.com.tr\/index.php\/wp-json\/wp\/v2\/media?parent=781440"}],"wp:term":[{"taxonomy":"product_brand","embeddable":true,"href":"https:\/\/roveyayinevi.com.tr\/index.php\/wp-json\/wp\/v2\/product_brand?post=781440"},{"taxonomy":"product_cat","embeddable":true,"href":"https:\/\/roveyayinevi.com.tr\/index.php\/wp-json\/wp\/v2\/product_cat?post=781440"},{"taxonomy":"product_tag","embeddable":true,"href":"https:\/\/roveyayinevi.com.tr\/index.php\/wp-json\/wp\/v2\/product_tag?post=781440"}],"curies":[{"name":"wp","href":"https:\/\/api.w.org\/{rel}","templated":true}]}}