{"id":781439,"date":"2026-01-23T02:36:02","date_gmt":"2026-01-22T23:36:02","guid":{"rendered":"https:\/\/roveyayinevi.com.tr\/index.php\/urun\/spirituel-uyanis\/"},"modified":"2026-03-16T12:14:45","modified_gmt":"2026-03-16T09:14:45","slug":"spirituel-uyanis","status":"publish","type":"product","link":"https:\/\/roveyayinevi.com.tr\/index.php\/urun\/spirituel-uyanis\/","title":{"rendered":"Spirit\u00fcel Uyan\u0131\u015f"},"content":{"rendered":"<p>D\u00fc\u015ft\u00fcn, kalkt\u0131n. Ac\u0131kt\u0131n, doydun. G\u00fcld\u00fcn, a\u011flad\u0131n. \u00dc\u015f\u00fcd\u00fcn, \u0131s\u0131nd\u0131n. Kazand\u0131n, kaybettin. M\u00fccadele ettin, yenildin. Dur ve dinlen \u015fimdi. G\u00f6zlerini kapat ve kendi i\u00e7ine d\u00f6n. D\u00fc\u015ft\u00fc\u011f\u00fcn ve kalkt\u0131\u011f\u0131n, ac\u0131kt\u0131\u011f\u0131n ve doydu\u011fun, g\u00fcld\u00fc\u011f\u00fcn ve a\u011flad\u0131\u011f\u0131n, \u00fc\u015f\u00fcd\u00fc\u011f\u00fcn ve \u0131s\u0131nd\u0131\u011f\u0131n, kazand\u0131\u011f\u0131n ve kaybetti\u011fin, m\u00fccadele etti\u011fin ve yenildi\u011fin anlar\u0131n hepsini ve kendini kucakla. Her deneyimine ve bunlar\u0131 sana ya\u015fatanlara te\u015fekk\u00fcr et. <\/p>\n","protected":false},"excerpt":{"rendered":"<p>D\u00fc\u015ft\u00fcn, kalkt\u0131n. Ac\u0131kt\u0131n, doydun. G\u00fcld\u00fcn, a\u011flad\u0131n. \u00dc\u015f\u00fcd\u00fcn, \u0131s\u0131nd\u0131n. Kazand\u0131n, kaybettin. M\u00fccadele ettin, yenildin. Dur ve dinlen \u015fimdi. G\u00f6zlerini kapat ve kendi i\u00e7ine d\u00f6n. D\u00fc\u015ft\u00fc\u011f\u00fcn ve kalkt\u0131\u011f\u0131n,<span class=\"excerpt-hellip\"> [\u2026]<\/span><\/p>\n","protected":false},"featured_media":0,"template":"","meta":{"_monsterinsights_skip_tracking":false,"_monsterinsights_sitenote_active":false,"_monsterinsights_sitenote_note":"","_monsterinsights_sitenote_category":0},"product_brand":[],"product_cat":[12364,12376],"product_tag":[],"class_list":{"0":"post-781439","1":"product","2":"type-product","3":"status-publish","5":"product_cat-genel-konular","6":"product_cat-kisisel-gelisim","7":"pa_cilt-ciltsiz","8":"pa_tur-kitap","9":"pa_yayinevi-muptela-yayinevi","10":"pa_yazar-can-perimcek","12":"first","13":"instock","14":"sale","15":"shipping-taxable","16":"purchasable","17":"product-type-simple"},"_links":{"self":[{"href":"https:\/\/roveyayinevi.com.tr\/index.php\/wp-json\/wp\/v2\/product\/781439","targetHints":{"allow":["GET"]}}],"collection":[{"href":"https:\/\/roveyayinevi.com.tr\/index.php\/wp-json\/wp\/v2\/product"}],"about":[{"href":"https:\/\/roveyayinevi.com.tr\/index.php\/wp-json\/wp\/v2\/types\/product"}],"wp:attachment":[{"href":"https:\/\/roveyayinevi.com.tr\/index.php\/wp-json\/wp\/v2\/media?parent=781439"}],"wp:term":[{"taxonomy":"product_brand","embeddable":true,"href":"https:\/\/roveyayinevi.com.tr\/index.php\/wp-json\/wp\/v2\/product_brand?post=781439"},{"taxonomy":"product_cat","embeddable":true,"href":"https:\/\/roveyayinevi.com.tr\/index.php\/wp-json\/wp\/v2\/product_cat?post=781439"},{"taxonomy":"product_tag","embeddable":true,"href":"https:\/\/roveyayinevi.com.tr\/index.php\/wp-json\/wp\/v2\/product_tag?post=781439"}],"curies":[{"name":"wp","href":"https:\/\/api.w.org\/{rel}","templated":true}]}}